{"id":2284,"date":"2025-09-28T08:24:08","date_gmt":"2025-09-28T08:24:08","guid":{"rendered":"https:\/\/mountlaser.com\/?post_type=product&#038;p=2284"},"modified":"2025-11-28T08:15:40","modified_gmt":"2025-11-28T08:15:40","slug":"ad-s04-stainless-steel-adapter","status":"publish","type":"product","link":"https:\/\/mountlaser.com\/fr_fr\/produit\/ad-s04-stainless-steel-adapter\/","title":{"rendered":"Adaptateur en acier inoxydable AD-S04"},"content":{"rendered":"<p>Le <a href=\"https:\/\/mountlaser.com\/fr_fr\/\"><strong>Support laser AD-S04<\/strong><\/a> est de qualit\u00e9 sup\u00e9rieure <a href=\"https:\/\/mountlaser.com\/fr_fr\/products\/\"><strong>Adaptateur \u00e0 filetage M8<\/strong><\/a> Con\u00e7u pour les professionnels exigeant une compatibilit\u00e9 \u00e0 toute \u00e9preuve et une durabilit\u00e9 sans faille pour leurs syst\u00e8mes de mesure, cet adaptateur essentiel assure la transition entre le filetage standard 5\/8\u2033-11 et le filetage polyvalent M8. Il devient ainsi un adaptateur M8 indispensable pour l&#039;int\u00e9gration d&#039;une large gamme d&#039;instruments et d&#039;accessoires.<\/p>\n<p>Enti\u00e8rement usin\u00e9 en acier inoxydable de haute qualit\u00e9, ce robuste <a href=\"https:\/\/mountlaser.com\/fr_fr\/contact-us\/\">Adaptateur \u00e0 filetage M8<\/a> Con\u00e7u pour r\u00e9sister \u00e0 la corrosion, \u00e0 l&#039;usure et aux chocs, il garantit des performances fiables m\u00eame dans les conditions d&#039;utilisation les plus exigeantes. C&#039;est la solution id\u00e9ale pour r\u00e9aliser une connexion s\u00fbre et pr\u00e9cise dans des configurations multi-normes.<\/p>\n<p>&nbsp;<\/p>\n<p><img fetchpriority=\"high\" decoding=\"async\" class=\"wp-image-2286 aligncenter\" src=\"https:\/\/mountlaser.com\/wp-content\/uploads\/2025\/09\/IMG_0262_\u526f\u672c.webp\" alt=\"M8 thread Adapter\" width=\"500\" height=\"500\" srcset=\"https:\/\/mountlaser.com\/wp-content\/uploads\/2025\/09\/IMG_0262_\u526f\u672c.webp 800w, https:\/\/mountlaser.com\/wp-content\/uploads\/2025\/09\/IMG_0262_\u526f\u672c-300x300.webp 300w, https:\/\/mountlaser.com\/wp-content\/uploads\/2025\/09\/IMG_0262_\u526f\u672c-400x400.webp 400w, https:\/\/mountlaser.com\/wp-content\/uploads\/2025\/09\/IMG_0262_\u526f\u672c-600x600.webp 600w, https:\/\/mountlaser.com\/wp-content\/uploads\/2025\/09\/IMG_0262_\u526f\u672c-150x150.webp 150w, https:\/\/mountlaser.com\/wp-content\/uploads\/2025\/09\/IMG_0262_\u526f\u672c-768x768.webp 768w, https:\/\/mountlaser.com\/wp-content\/uploads\/2025\/09\/IMG_0262_\u526f\u672c-12x12.webp 12w\" sizes=\"(max-width: 500px) 100vw, 500px\" \/><\/p>\n<p>&nbsp;<\/p>\n<p><strong>\u00c0 utiliser avec l&#039;adaptateur en acier inoxydable AD-S04<\/strong><\/p>\n<p><img decoding=\"async\" class=\"wp-image-2220 size-full aligncenter\" src=\"https:\/\/mountlaser.com\/wp-content\/uploads\/2025\/09\/1-5.webp\" alt=\"\" width=\"614\" height=\"759\" srcset=\"https:\/\/mountlaser.com\/wp-content\/uploads\/2025\/09\/1-5.webp 614w, https:\/\/mountlaser.com\/wp-content\/uploads\/2025\/09\/1-5-600x742.webp 600w, https:\/\/mountlaser.com\/wp-content\/uploads\/2025\/09\/1-5-243x300.webp 243w, https:\/\/mountlaser.com\/wp-content\/uploads\/2025\/09\/1-5-10x12.webp 10w\" sizes=\"(max-width: 614px) 100vw, 614px\" \/><\/p>","protected":false},"excerpt":{"rendered":"<ul>\n<li>Compatibilit\u00e9 de filetage crois\u00e9 : Comporte un filetage 5\/8\u2033-11 \u00e0 une extr\u00e9mit\u00e9 et un filetage M8 \u00e0 l&#039;autre pour connecter diff\u00e9rentes normes de filetage.<\/li>\n<li>Construction en acier inoxydable : Offre une r\u00e9sistance sup\u00e9rieure et une excellente r\u00e9sistance \u00e0 la rouille et \u00e0 la corrosion.<\/li>\n<\/ul>\n<p>&nbsp;<\/p>","protected":false},"featured_media":2288,"comment_status":"open","ping_status":"closed","template":"","meta":[],"product_brand":[],"product_cat":[79,102],"product_tag":[],"class_list":{"0":"post-2284","1":"product","2":"type-product","3":"status-publish","4":"has-post-thumbnail","6":"product_cat-surveying-accessory","7":"product_cat-monitoring-adapter","9":"first","10":"instock","11":"shipping-taxable","12":"product-type-simple"},"_links":{"self":[{"href":"https:\/\/mountlaser.com\/fr_fr\/wp-json\/wp\/v2\/product\/2284","targetHints":{"allow":["GET"]}}],"collection":[{"href":"https:\/\/mountlaser.com\/fr_fr\/wp-json\/wp\/v2\/product"}],"about":[{"href":"https:\/\/mountlaser.com\/fr_fr\/wp-json\/wp\/v2\/types\/product"}],"replies":[{"embeddable":true,"href":"https:\/\/mountlaser.com\/fr_fr\/wp-json\/wp\/v2\/comments?post=2284"}],"wp:featuredmedia":[{"embeddable":true,"href":"https:\/\/mountlaser.com\/fr_fr\/wp-json\/wp\/v2\/media\/2288"}],"wp:attachment":[{"href":"https:\/\/mountlaser.com\/fr_fr\/wp-json\/wp\/v2\/media?parent=2284"}],"wp:term":[{"taxonomy":"product_brand","embeddable":true,"href":"https:\/\/mountlaser.com\/fr_fr\/wp-json\/wp\/v2\/product_brand?post=2284"},{"taxonomy":"product_cat","embeddable":true,"href":"https:\/\/mountlaser.com\/fr_fr\/wp-json\/wp\/v2\/product_cat?post=2284"},{"taxonomy":"product_tag","embeddable":true,"href":"https:\/\/mountlaser.com\/fr_fr\/wp-json\/wp\/v2\/product_tag?post=2284"}],"curies":[{"name":"wp","href":"https:\/\/api.w.org\/{rel}","templated":true}]}}