{"id":2272,"date":"2025-09-28T07:09:01","date_gmt":"2025-09-28T07:09:01","guid":{"rendered":"https:\/\/mountlaser.com\/?post_type=product&#038;p=2272"},"modified":"2025-11-28T08:25:31","modified_gmt":"2025-11-28T08:25:31","slug":"ad-s01-adapter","status":"publish","type":"product","link":"https:\/\/mountlaser.com\/fr_fr\/produit\/ad-s01-adapter\/","title":{"rendered":"Adaptateur AD-S01"},"content":{"rendered":"<p>Le <a href=\"https:\/\/mountlaser.com\/fr_fr\/products\/\"><strong>Adaptateur AD-S01<\/strong><\/a> L&#039;adaptateur AD-S01 est un accessoire de surveillance de pr\u00e9cision con\u00e7u pour les applications professionnelles de topographie et de contr\u00f4le des structures. Dot\u00e9 d&#039;un adaptateur m\u00e2le double 5\/8\u2033-11 robuste, il assure un montage s\u00fbr, stable et parfaitement compatible entre les prismes, les supports, les poteaux et les dispositifs de surveillance. Son double filetage accro\u00eet sa polyvalence et permet une int\u00e9gration ais\u00e9e avec une large gamme d&#039;\u00e9quipements de terrain.<\/p>\n<p><img fetchpriority=\"high\" decoding=\"async\" class=\"aligncenter wp-image-2276\" src=\"https:\/\/mountlaser.com\/wp-content\/uploads\/2025\/09\/AD-S01-4-1.webp\" alt=\"Double 5\/8&quot;-11 Male Adapter\" width=\"500\" height=\"500\" srcset=\"https:\/\/mountlaser.com\/wp-content\/uploads\/2025\/09\/AD-S01-4-1.webp 1000w, https:\/\/mountlaser.com\/wp-content\/uploads\/2025\/09\/AD-S01-4-1-300x300.webp 300w, https:\/\/mountlaser.com\/wp-content\/uploads\/2025\/09\/AD-S01-4-1-400x400.webp 400w, https:\/\/mountlaser.com\/wp-content\/uploads\/2025\/09\/AD-S01-4-1-800x800.webp 800w, https:\/\/mountlaser.com\/wp-content\/uploads\/2025\/09\/AD-S01-4-1-600x600.webp 600w, https:\/\/mountlaser.com\/wp-content\/uploads\/2025\/09\/AD-S01-4-1-150x150.webp 150w, https:\/\/mountlaser.com\/wp-content\/uploads\/2025\/09\/AD-S01-4-1-768x768.webp 768w, https:\/\/mountlaser.com\/wp-content\/uploads\/2025\/09\/AD-S01-4-1-12x12.webp 12w\" sizes=\"(max-width: 500px) 100vw, 500px\" \/><\/p>\n<p>Gr\u00e2ce \u00e0 sa construction m\u00e9tallique robuste et \u00e0 sa finition anticorrosion, l&#039;adaptateur double m\u00e2le 5\/8\u2033-11 offre une fiabilit\u00e9 \u00e0 long terme, m\u00eame dans des environnements ext\u00e9rieurs difficiles. Qu&#039;il soit utilis\u00e9 pour des installations permanentes ou des syst\u00e8mes de surveillance mobiles, cet adaptateur est id\u00e9al pour les applications n\u00e9cessitant une grande fiabilit\u00e9. <a href=\"https:\/\/mountlaser.com\/fr_fr\/contact-us\/\">Adaptateur m\u00e2le double 5\/8\u2033-11<\/a> L&#039;adaptateur AD-S01 offre une pr\u00e9cision d&#039;alignement constante et une robustesse m\u00e9canique \u00e0 toute \u00e9preuve. C&#039;est un composant essentiel pour les g\u00e9om\u00e8tres qui recherchent durabilit\u00e9, compatibilit\u00e9 et int\u00e9gration pr\u00e9cise dans leurs syst\u00e8mes de surveillance.<\/p>","protected":false},"excerpt":{"rendered":"<ul>\n<li>Double connexion m\u00e2le : Comporte deux filetages m\u00e2les externes 5\/8\u2033-11 pour la connexion de composants \u00e0 filetage femelle.<\/li>\n<li>Filetage de pr\u00e9cision : Con\u00e7u avec des tol\u00e9rances \u00e9lev\u00e9es pour une connexion s\u00fbre et sans filetage crois\u00e9.<\/li>\n<\/ul>","protected":false},"featured_media":2273,"comment_status":"open","ping_status":"closed","template":"","meta":[],"product_brand":[],"product_cat":[79,102],"product_tag":[],"class_list":{"0":"post-2272","1":"product","2":"type-product","3":"status-publish","4":"has-post-thumbnail","6":"product_cat-surveying-accessory","7":"product_cat-monitoring-adapter","9":"first","10":"instock","11":"shipping-taxable","12":"product-type-simple"},"_links":{"self":[{"href":"https:\/\/mountlaser.com\/fr_fr\/wp-json\/wp\/v2\/product\/2272","targetHints":{"allow":["GET"]}}],"collection":[{"href":"https:\/\/mountlaser.com\/fr_fr\/wp-json\/wp\/v2\/product"}],"about":[{"href":"https:\/\/mountlaser.com\/fr_fr\/wp-json\/wp\/v2\/types\/product"}],"replies":[{"embeddable":true,"href":"https:\/\/mountlaser.com\/fr_fr\/wp-json\/wp\/v2\/comments?post=2272"}],"wp:featuredmedia":[{"embeddable":true,"href":"https:\/\/mountlaser.com\/fr_fr\/wp-json\/wp\/v2\/media\/2273"}],"wp:attachment":[{"href":"https:\/\/mountlaser.com\/fr_fr\/wp-json\/wp\/v2\/media?parent=2272"}],"wp:term":[{"taxonomy":"product_brand","embeddable":true,"href":"https:\/\/mountlaser.com\/fr_fr\/wp-json\/wp\/v2\/product_brand?post=2272"},{"taxonomy":"product_cat","embeddable":true,"href":"https:\/\/mountlaser.com\/fr_fr\/wp-json\/wp\/v2\/product_cat?post=2272"},{"taxonomy":"product_tag","embeddable":true,"href":"https:\/\/mountlaser.com\/fr_fr\/wp-json\/wp\/v2\/product_tag?post=2272"}],"curies":[{"name":"wp","href":"https:\/\/api.w.org\/{rel}","templated":true}]}}