{"id":2250,"date":"2025-09-26T09:25:24","date_gmt":"2025-09-26T09:25:24","guid":{"rendered":"https:\/\/mountlaser.com\/?post_type=product&#038;p=2250"},"modified":"2025-11-28T08:50:32","modified_gmt":"2025-11-28T08:50:32","slug":"bc02-23-galvanised-steel-beam-clamp","status":"publish","type":"product","link":"https:\/\/mountlaser.com\/fr_fr\/produit\/bc02-23-galvanised-steel-beam-clamp\/","title":{"rendered":"Collier de serrage pour poutre en acier galvanis\u00e9 BC02-23"},"content":{"rendered":"<p>Fixation polyvalente et robuste gr\u00e2ce \u00e0 la pince universelle pour poutre BC02-23<\/p>\n<p>Le <a href=\"https:\/\/mountlaser.com\/fr_fr\/\"><strong>Collier de serrage pour poutre en acier galvanis\u00e9 BC02-23<\/strong><\/a> Cet outil est indispensable aux g\u00e9om\u00e8tres et ing\u00e9nieurs qui recherchent une solution de fixation s\u00fbre et r\u00e9glable pour les poutres en acier de construction. Ce produit illustre parfaitement la praticit\u00e9 des pinces de fixation pour poutres en acier galvanis\u00e9 disponibles, con\u00e7ues sp\u00e9cifiquement pour les poutres dont la largeur d&#039;aile est comprise entre 0 et 23 mm. Sa conception innovante en fait une pince universelle, offrant une polyvalence exceptionnelle sur tous types de chantiers.<\/p>\n<p>Fonctionnant comme un syst\u00e8me hautement adaptable <a href=\"https:\/\/mountlaser.com\/fr_fr\/products\/\"><strong>Pince universelle pour poutre<\/strong><\/a>, Le BC02-23 s&#039;installe rapidement sans per\u00e7age ni soudure, pr\u00e9servant ainsi l&#039;int\u00e9grit\u00e9 du faisceau. Il est dot\u00e9 d&#039;un trou filet\u00e9 M8 standard, permettant la fixation ais\u00e9e de divers accessoires de topographie tels que des prismes, des antennes ou des capteurs.<\/p>\n<p>&nbsp;<\/p>\n<p><img fetchpriority=\"high\" decoding=\"async\" class=\"wp-image-2252 aligncenter\" src=\"https:\/\/mountlaser.com\/wp-content\/uploads\/2025\/09\/IMG_6836_\u526f\u672c.webp\" alt=\"Universal Beam Clamp\" width=\"500\" height=\"500\" srcset=\"https:\/\/mountlaser.com\/wp-content\/uploads\/2025\/09\/IMG_6836_\u526f\u672c.webp 800w, https:\/\/mountlaser.com\/wp-content\/uploads\/2025\/09\/IMG_6836_\u526f\u672c-300x300.webp 300w, https:\/\/mountlaser.com\/wp-content\/uploads\/2025\/09\/IMG_6836_\u526f\u672c-400x400.webp 400w, https:\/\/mountlaser.com\/wp-content\/uploads\/2025\/09\/IMG_6836_\u526f\u672c-600x600.webp 600w, https:\/\/mountlaser.com\/wp-content\/uploads\/2025\/09\/IMG_6836_\u526f\u672c-150x150.webp 150w, https:\/\/mountlaser.com\/wp-content\/uploads\/2025\/09\/IMG_6836_\u526f\u672c-768x768.webp 768w, https:\/\/mountlaser.com\/wp-content\/uploads\/2025\/09\/IMG_6836_\u526f\u672c-12x12.webp 12w\" sizes=\"(max-width: 500px) 100vw, 500px\" \/><\/p>\n<p>La pince est fabriqu\u00e9e en acier haute r\u00e9sistance et rev\u00eatue d&#039;une galvanisation \u00e0 chaud, offrant une r\u00e9sistance sup\u00e9rieure \u00e0 la rouille et \u00e0 la corrosion, essentielle pour les applications ext\u00e9rieures ou industrielles de longue dur\u00e9e. Lors du choix parmi les diff\u00e9rentes tailles de pinces pour poutres en acier galvanis\u00e9, <a href=\"https:\/\/mountlaser.com\/fr_fr\/contact-us\/\">BC02-23<\/a> est le choix id\u00e9al pour les applications l\u00e9g\u00e8res \u00e0 moyennes sur des faisceaux de taille standard.<\/p>\n<p><strong>\u00c0 utiliser avec le collier de serrage pour poutre en acier galvanis\u00e9 BC02-23<\/strong><\/p>\n<p><img decoding=\"async\" class=\"wp-image-2220 size-full aligncenter\" src=\"https:\/\/mountlaser.com\/wp-content\/uploads\/2025\/09\/1-5.webp\" alt=\"\" width=\"614\" height=\"759\" srcset=\"https:\/\/mountlaser.com\/wp-content\/uploads\/2025\/09\/1-5.webp 614w, https:\/\/mountlaser.com\/wp-content\/uploads\/2025\/09\/1-5-600x742.webp 600w, https:\/\/mountlaser.com\/wp-content\/uploads\/2025\/09\/1-5-243x300.webp 243w, https:\/\/mountlaser.com\/wp-content\/uploads\/2025\/09\/1-5-10x12.webp 10w\" sizes=\"(max-width: 614px) 100vw, 614px\" \/><\/p>","protected":false},"excerpt":{"rendered":"<ul>\n<li>Montage universel : Fournit un point de montage s\u00fbr et non invasif sur les poutres en acier avec des largeurs de bride allant jusqu&#039;\u00e0 23 mm.<\/li>\n<li>Compatibilit\u00e9 avec le filetage M8\u00a0: Le filetage M8 int\u00e9gr\u00e9 offre une connexion standardis\u00e9e pour une large gamme d\u2019instruments et d\u2019accessoires topographiques.<\/li>\n<\/ul>","protected":false},"featured_media":2251,"comment_status":"open","ping_status":"closed","template":"","meta":[],"product_brand":[],"product_cat":[79,102],"product_tag":[],"class_list":{"0":"post-2250","1":"product","2":"type-product","3":"status-publish","4":"has-post-thumbnail","6":"product_cat-surveying-accessory","7":"product_cat-monitoring-adapter","9":"first","10":"instock","11":"shipping-taxable","12":"product-type-simple"},"_links":{"self":[{"href":"https:\/\/mountlaser.com\/fr_fr\/wp-json\/wp\/v2\/product\/2250","targetHints":{"allow":["GET"]}}],"collection":[{"href":"https:\/\/mountlaser.com\/fr_fr\/wp-json\/wp\/v2\/product"}],"about":[{"href":"https:\/\/mountlaser.com\/fr_fr\/wp-json\/wp\/v2\/types\/product"}],"replies":[{"embeddable":true,"href":"https:\/\/mountlaser.com\/fr_fr\/wp-json\/wp\/v2\/comments?post=2250"}],"wp:featuredmedia":[{"embeddable":true,"href":"https:\/\/mountlaser.com\/fr_fr\/wp-json\/wp\/v2\/media\/2251"}],"wp:attachment":[{"href":"https:\/\/mountlaser.com\/fr_fr\/wp-json\/wp\/v2\/media?parent=2250"}],"wp:term":[{"taxonomy":"product_brand","embeddable":true,"href":"https:\/\/mountlaser.com\/fr_fr\/wp-json\/wp\/v2\/product_brand?post=2250"},{"taxonomy":"product_cat","embeddable":true,"href":"https:\/\/mountlaser.com\/fr_fr\/wp-json\/wp\/v2\/product_cat?post=2250"},{"taxonomy":"product_tag","embeddable":true,"href":"https:\/\/mountlaser.com\/fr_fr\/wp-json\/wp\/v2\/product_tag?post=2250"}],"curies":[{"name":"wp","href":"https:\/\/api.w.org\/{rel}","templated":true}]}}