{"id":2243,"date":"2025-09-26T09:14:59","date_gmt":"2025-09-26T09:14:59","guid":{"rendered":"https:\/\/mountlaser.com\/?post_type=product&#038;p=2243"},"modified":"2025-12-01T01:17:53","modified_gmt":"2025-12-01T01:17:53","slug":"wa30-40-wall-anchor","status":"publish","type":"product","link":"https:\/\/mountlaser.com\/fr_fr\/produit\/wa30-40-wall-anchor\/","title":{"rendered":"Ancrage mural WA30\/40"},"content":{"rendered":"<p>Le <a href=\"https:\/\/mountlaser.com\/fr_fr\/categorie-produit\/surveying-accessory\/\"><strong>Ancrage mural WA30\/40<\/strong><\/a> Il offre un point de fixation fiable et permanent pour divers accessoires de topographie sur le b\u00e9ton, la brique et autres surfaces solides. Cet \u00e9l\u00e9ment essentiel <a href=\"https:\/\/mountlaser.com\/fr_fr\/\"><strong>kit d&#039;ancrage mural<\/strong><\/a> comprend deux ancrages robustes, l&#039;ancrage mural WA-30 \u00e0 filetage M8 et l&#039;ancrage mural WA-40 \u00e0 filetage M8, offrant une flexibilit\u00e9 pour diff\u00e9rentes exigences de profondeur d&#039;installation.<\/p>\n<p>Les deux ancrages de ce kit sont dot\u00e9s d&#039;un filetage interne standard M8, assurant ainsi la compatibilit\u00e9 avec une large gamme de supports, de poteaux et d&#039;adaptateurs.<\/p>\n<p>La principale diff\u00e9rence entre les kits de fixation murale r\u00e9side dans leur hauteur totale\u00a0: <a href=\"https:\/\/mountlaser.com\/fr_fr\/contact-us\/\">Ancrage mural WA-30<\/a> La cheville M8 a une hauteur de 30 mm, tandis que la cheville WA-40 \u00e0 filetage M8 mesure 40 mm de haut, ce qui la rend id\u00e9ale pour les situations n\u00e9cessitant un ancrage plus profond pour une stabilit\u00e9 accrue. Fabriqu\u00e9es \u00e0 partir de mat\u00e9riaux haute r\u00e9sistance, ces chevilles sont con\u00e7ues pour une durabilit\u00e9 et une performance optimales \u00e0 long terme en ext\u00e9rieur.<\/p>\n<p><img fetchpriority=\"high\" decoding=\"async\" class=\"aligncenter wp-image-2245\" src=\"https:\/\/mountlaser.com\/wp-content\/uploads\/2025\/09\/WA-40-3.webp\" alt=\"wall anchor kit\" width=\"500\" height=\"500\" srcset=\"https:\/\/mountlaser.com\/wp-content\/uploads\/2025\/09\/WA-40-3.webp 1000w, https:\/\/mountlaser.com\/wp-content\/uploads\/2025\/09\/WA-40-3-300x300.webp 300w, https:\/\/mountlaser.com\/wp-content\/uploads\/2025\/09\/WA-40-3-400x400.webp 400w, https:\/\/mountlaser.com\/wp-content\/uploads\/2025\/09\/WA-40-3-800x800.webp 800w, https:\/\/mountlaser.com\/wp-content\/uploads\/2025\/09\/WA-40-3-600x600.webp 600w, https:\/\/mountlaser.com\/wp-content\/uploads\/2025\/09\/WA-40-3-150x150.webp 150w, https:\/\/mountlaser.com\/wp-content\/uploads\/2025\/09\/WA-40-3-768x768.webp 768w, https:\/\/mountlaser.com\/wp-content\/uploads\/2025\/09\/WA-40-3-12x12.webp 12w\" sizes=\"(max-width: 500px) 100vw, 500px\" \/><\/p>\n<p>&nbsp;<\/p>\n<p><strong>\u00c0 utiliser avec la cheville murale WA30\/40<\/strong><\/p>\n<p><img decoding=\"async\" class=\"wp-image-2220 size-full aligncenter\" src=\"https:\/\/mountlaser.com\/wp-content\/uploads\/2025\/09\/1-5.webp\" alt=\"\" width=\"614\" height=\"759\" srcset=\"https:\/\/mountlaser.com\/wp-content\/uploads\/2025\/09\/1-5.webp 614w, https:\/\/mountlaser.com\/wp-content\/uploads\/2025\/09\/1-5-600x742.webp 600w, https:\/\/mountlaser.com\/wp-content\/uploads\/2025\/09\/1-5-243x300.webp 243w, https:\/\/mountlaser.com\/wp-content\/uploads\/2025\/09\/1-5-10x12.webp 10w\" sizes=\"(max-width: 614px) 100vw, 614px\" \/><\/p>","protected":false},"excerpt":{"rendered":"<ul>\n<li>Con\u00e7u pour cr\u00e9er un point de fixation s\u00fbr et inamovible sur des murs ou des structures solides pour l&#039;\u00e9quipement topographique.<\/li>\n<li>Le kit propose des options de hauteur de 30 mm et 40 mm (WA-30 et WA-40) pour s&#039;adapter aux diff\u00e9rentes conditions de surface et aux besoins de stabilit\u00e9.<\/li>\n<li>Le filetage standard M8 permet une fixation facile de nombreux accessoires et dispositifs topographiques.<\/li>\n<\/ul>","protected":false},"featured_media":2244,"comment_status":"open","ping_status":"closed","template":"","meta":[],"product_brand":[],"product_cat":[79,102],"product_tag":[],"class_list":{"0":"post-2243","1":"product","2":"type-product","3":"status-publish","4":"has-post-thumbnail","6":"product_cat-surveying-accessory","7":"product_cat-monitoring-adapter","9":"first","10":"instock","11":"shipping-taxable","12":"product-type-simple"},"_links":{"self":[{"href":"https:\/\/mountlaser.com\/fr_fr\/wp-json\/wp\/v2\/product\/2243","targetHints":{"allow":["GET"]}}],"collection":[{"href":"https:\/\/mountlaser.com\/fr_fr\/wp-json\/wp\/v2\/product"}],"about":[{"href":"https:\/\/mountlaser.com\/fr_fr\/wp-json\/wp\/v2\/types\/product"}],"replies":[{"embeddable":true,"href":"https:\/\/mountlaser.com\/fr_fr\/wp-json\/wp\/v2\/comments?post=2243"}],"wp:featuredmedia":[{"embeddable":true,"href":"https:\/\/mountlaser.com\/fr_fr\/wp-json\/wp\/v2\/media\/2244"}],"wp:attachment":[{"href":"https:\/\/mountlaser.com\/fr_fr\/wp-json\/wp\/v2\/media?parent=2243"}],"wp:term":[{"taxonomy":"product_brand","embeddable":true,"href":"https:\/\/mountlaser.com\/fr_fr\/wp-json\/wp\/v2\/product_brand?post=2243"},{"taxonomy":"product_cat","embeddable":true,"href":"https:\/\/mountlaser.com\/fr_fr\/wp-json\/wp\/v2\/product_cat?post=2243"},{"taxonomy":"product_tag","embeddable":true,"href":"https:\/\/mountlaser.com\/fr_fr\/wp-json\/wp\/v2\/product_tag?post=2243"}],"curies":[{"name":"wp","href":"https:\/\/api.w.org\/{rel}","templated":true}]}}