{"id":2229,"date":"2025-09-26T08:52:32","date_gmt":"2025-09-26T08:52:32","guid":{"rendered":"https:\/\/mountlaser.com\/?post_type=product&#038;p=2229"},"modified":"2025-12-01T01:21:15","modified_gmt":"2025-12-01T01:21:15","slug":"mpa02-mini-prism-adapter","status":"publish","type":"product","link":"https:\/\/mountlaser.com\/fr_fr\/produit\/mpa02-mini-prism-adapter\/","title":{"rendered":"Adaptateur mini-prisme MPA02"},"content":{"rendered":"<p>Le <a href=\"https:\/\/mountlaser.com\/fr_fr\/products\/\"><strong>Adaptateur mini-prisme MPA02<\/strong><\/a> est un composant essentiel con\u00e7u pour fournir une interface fiable et s\u00e9curis\u00e9e \u00e0 votre mini-prisme. Ce composant sp\u00e9cifique <a href=\"https:\/\/mountlaser.com\/fr_fr\/about-us\/\"><strong>Adaptateur en nylon pour connexion mini-prisme<\/strong><\/a> est con\u00e7u pour connecter un \u00e9quipement dot\u00e9 d&#039;un filetage 3\/8\u2033-19 \u00e0 un mini prisme dot\u00e9 d&#039;un embout suisse, assurant ainsi la pr\u00e9cision dans diverses configurations de mesure.<\/p>\n<p>Fabriqu\u00e9 en nylon haute r\u00e9sistance, cet adaptateur de connexion offre une excellente durabilit\u00e9 et une grande r\u00e9sistance aux intemp\u00e9ries, ce qui le rend id\u00e9al pour les conditions de terrain difficiles. Pour faciliter son identification et la gestion des stocks, le MPA02 est disponible en deux couleurs\u00a0: jaune (MPA02Y) et blanc (MPA02W).<\/p>\n<p>&nbsp;<\/p>\n<p><img fetchpriority=\"high\" decoding=\"async\" class=\"wp-image-2232 aligncenter\" src=\"https:\/\/mountlaser.com\/wp-content\/uploads\/2025\/09\/9-7.webp\" alt=\"Mini Prism Connection Nylon Adapter\" width=\"500\" height=\"500\" srcset=\"https:\/\/mountlaser.com\/wp-content\/uploads\/2025\/09\/9-7.webp 1000w, https:\/\/mountlaser.com\/wp-content\/uploads\/2025\/09\/9-7-300x300.webp 300w, https:\/\/mountlaser.com\/wp-content\/uploads\/2025\/09\/9-7-400x400.webp 400w, https:\/\/mountlaser.com\/wp-content\/uploads\/2025\/09\/9-7-800x800.webp 800w, https:\/\/mountlaser.com\/wp-content\/uploads\/2025\/09\/9-7-600x600.webp 600w, https:\/\/mountlaser.com\/wp-content\/uploads\/2025\/09\/9-7-150x150.webp 150w, https:\/\/mountlaser.com\/wp-content\/uploads\/2025\/09\/9-7-768x768.webp 768w, https:\/\/mountlaser.com\/wp-content\/uploads\/2025\/09\/9-7-12x12.webp 12w\" sizes=\"(max-width: 500px) 100vw, 500px\" \/><\/p>\n<p>Ce simple mais efficace <a href=\"https:\/\/mountlaser.com\/fr_fr\/contact-us\/\">Adaptateur en nylon pour connexion mini-prisme<\/a> garantit que votre prisme reste mont\u00e9 de mani\u00e8re stable, ce qui est fondamental pour obtenir des donn\u00e9es pr\u00e9cises et coh\u00e9rentes.<\/p>\n<p><strong>\u00c0 utiliser avec l&#039;adaptateur pour mini-prisme MPA02<\/strong><\/p>\n<p><img decoding=\"async\" class=\"wp-image-2220 size-full aligncenter\" src=\"https:\/\/mountlaser.com\/wp-content\/uploads\/2025\/09\/1-5.webp\" alt=\"Mini Prism Connection Nylon Adapter\" width=\"614\" height=\"759\" srcset=\"https:\/\/mountlaser.com\/wp-content\/uploads\/2025\/09\/1-5.webp 614w, https:\/\/mountlaser.com\/wp-content\/uploads\/2025\/09\/1-5-600x742.webp 600w, https:\/\/mountlaser.com\/wp-content\/uploads\/2025\/09\/1-5-243x300.webp 243w, https:\/\/mountlaser.com\/wp-content\/uploads\/2025\/09\/1-5-10x12.webp 10w\" sizes=\"(max-width: 614px) 100vw, 614px\" \/><\/p>","protected":false},"excerpt":{"rendered":"<ul>\n<li>Connexion s\u00e9curis\u00e9e 3\/8\u2033 : Comporte un filetage 3\/8\u2033-19, offrant un point de connexion standardis\u00e9 et robuste.<\/li>\n<li>Pour une large gamme d&#039;instruments et d&#039;accessoires de topographie.<\/li>\n<li>Le corps en nylon offre une construction l\u00e9g\u00e8re mais robuste, r\u00e9sistante \u00e0 la corrosion, aux chocs et aux intemp\u00e9ries.<\/li>\n<\/ul>","protected":false},"featured_media":2233,"comment_status":"open","ping_status":"closed","template":"","meta":[],"product_brand":[],"product_cat":[79,102],"product_tag":[],"class_list":{"0":"post-2229","1":"product","2":"type-product","3":"status-publish","4":"has-post-thumbnail","6":"product_cat-surveying-accessory","7":"product_cat-monitoring-adapter","9":"first","10":"instock","11":"shipping-taxable","12":"product-type-simple"},"_links":{"self":[{"href":"https:\/\/mountlaser.com\/fr_fr\/wp-json\/wp\/v2\/product\/2229","targetHints":{"allow":["GET"]}}],"collection":[{"href":"https:\/\/mountlaser.com\/fr_fr\/wp-json\/wp\/v2\/product"}],"about":[{"href":"https:\/\/mountlaser.com\/fr_fr\/wp-json\/wp\/v2\/types\/product"}],"replies":[{"embeddable":true,"href":"https:\/\/mountlaser.com\/fr_fr\/wp-json\/wp\/v2\/comments?post=2229"}],"wp:featuredmedia":[{"embeddable":true,"href":"https:\/\/mountlaser.com\/fr_fr\/wp-json\/wp\/v2\/media\/2233"}],"wp:attachment":[{"href":"https:\/\/mountlaser.com\/fr_fr\/wp-json\/wp\/v2\/media?parent=2229"}],"wp:term":[{"taxonomy":"product_brand","embeddable":true,"href":"https:\/\/mountlaser.com\/fr_fr\/wp-json\/wp\/v2\/product_brand?post=2229"},{"taxonomy":"product_cat","embeddable":true,"href":"https:\/\/mountlaser.com\/fr_fr\/wp-json\/wp\/v2\/product_cat?post=2229"},{"taxonomy":"product_tag","embeddable":true,"href":"https:\/\/mountlaser.com\/fr_fr\/wp-json\/wp\/v2\/product_tag?post=2229"}],"curies":[{"name":"wp","href":"https:\/\/api.w.org\/{rel}","templated":true}]}}