{"id":2222,"date":"2025-09-26T08:27:25","date_gmt":"2025-09-26T08:27:25","guid":{"rendered":"https:\/\/mountlaser.com\/?post_type=product&#038;p=2222"},"modified":"2025-12-01T01:22:55","modified_gmt":"2025-12-01T01:22:55","slug":"mpa01-mini-prism-adapter","status":"publish","type":"product","link":"https:\/\/mountlaser.com\/fr_fr\/produit\/mpa01-mini-prism-adapter\/","title":{"rendered":"Adaptateur mini-prisme MPA01"},"content":{"rendered":"<p>Le <a href=\"https:\/\/mountlaser.com\/fr_fr\/categorie-produit\/surveying-accessory\/\"><strong>Adaptateur mini-prisme MPA01<\/strong><\/a> Cet adaptateur en nylon pour mini-prisme est une solution de connectivit\u00e9 polyvalente et essentielle, con\u00e7ue pour assurer la liaison entre votre mini-prisme et diff\u00e9rents syst\u00e8mes de montage. Robuste, il garantit une connexion s\u00fbre et pr\u00e9cise, indispensable pour obtenir des donn\u00e9es de mesure exactes dans diverses applications topographiques.<\/p>\n<p>&nbsp;<\/p>\n<p>L&#039;un des principaux atouts de cet adaptateur est sa compatibilit\u00e9 \u00e0 double filetage. L&#039;adaptateur pour mini-prisme MPA01 est dot\u00e9 d&#039;un filetage standard 5\/8\u2033-11, permettant sa fixation sur une large gamme de tr\u00e9pieds et de perches, tandis que le raccord suisse int\u00e9gr\u00e9 assure un ajustement parfait pour les mini-prismes compatibles. Fabriqu\u00e9 en nylon de haute qualit\u00e9, cet adaptateur offre une grande durabilit\u00e9. <a href=\"https:\/\/mountlaser.com\/fr_fr\/\"><strong>Adaptateur en nylon pour mini prisme<\/strong><\/a> offre une excellente durabilit\u00e9 et une r\u00e9sistance aux chocs et \u00e0 la corrosion.<\/p>\n<p><img fetchpriority=\"high\" decoding=\"async\" class=\"wp-image-2223 aligncenter\" src=\"https:\/\/mountlaser.com\/wp-content\/uploads\/2025\/09\/6-7.webp\" alt=\"Mini Prism Nylon Adapter\" width=\"500\" height=\"500\" srcset=\"https:\/\/mountlaser.com\/wp-content\/uploads\/2025\/09\/6-7.webp 1000w, https:\/\/mountlaser.com\/wp-content\/uploads\/2025\/09\/6-7-300x300.webp 300w, https:\/\/mountlaser.com\/wp-content\/uploads\/2025\/09\/6-7-400x400.webp 400w, https:\/\/mountlaser.com\/wp-content\/uploads\/2025\/09\/6-7-800x800.webp 800w, https:\/\/mountlaser.com\/wp-content\/uploads\/2025\/09\/6-7-600x600.webp 600w, https:\/\/mountlaser.com\/wp-content\/uploads\/2025\/09\/6-7-150x150.webp 150w, https:\/\/mountlaser.com\/wp-content\/uploads\/2025\/09\/6-7-768x768.webp 768w, https:\/\/mountlaser.com\/wp-content\/uploads\/2025\/09\/6-7-12x12.webp 12w\" sizes=\"(max-width: 500px) 100vw, 500px\" \/><\/p>\n<p>Pour une identification et une gestion des stocks faciles sur le chantier, l&#039;adaptateur de mini-prisme MPA01 est disponible en deux variantes de couleur : MPA01Y (jaune) et MPA01W (blanc).<\/p>\n<p><strong>Utiliser avec le <a href=\"https:\/\/mountlaser.com\/fr_fr\/products\/\">Adaptateur mini-prisme MPA01<\/a><\/strong><\/p>\n<p><img decoding=\"async\" class=\"aligncenter wp-image-2220 size-full\" src=\"https:\/\/mountlaser.com\/wp-content\/uploads\/2025\/09\/1-5.webp\" alt=\"MPA01 Mini Prism Adapter\" width=\"614\" height=\"759\" srcset=\"https:\/\/mountlaser.com\/wp-content\/uploads\/2025\/09\/1-5.webp 614w, https:\/\/mountlaser.com\/wp-content\/uploads\/2025\/09\/1-5-600x742.webp 600w, https:\/\/mountlaser.com\/wp-content\/uploads\/2025\/09\/1-5-243x300.webp 243w, https:\/\/mountlaser.com\/wp-content\/uploads\/2025\/09\/1-5-10x12.webp 10w\" sizes=\"(max-width: 614px) 100vw, 614px\" \/><\/p>","protected":false},"excerpt":{"rendered":"<ul>\n<li>Il est dot\u00e9 d&#039;un filetage 5\/8\u2033-11 pour une large compatibilit\u00e9 avec les \u00e9quipements topographiques standard et d&#039;un embout suisse pour une fixation s\u00e9curis\u00e9e du mini-prisme.<\/li>\n<li>Le corps en nylon garantit une performance durable, r\u00e9sistant \u00e0 l&#039;usure et aux d\u00e9chirures m\u00eame dans des conditions de terrain difficiles.<\/li>\n<\/ul>","protected":false},"featured_media":2227,"comment_status":"open","ping_status":"closed","template":"","meta":[],"product_brand":[],"product_cat":[79,102],"product_tag":[],"class_list":{"0":"post-2222","1":"product","2":"type-product","3":"status-publish","4":"has-post-thumbnail","6":"product_cat-surveying-accessory","7":"product_cat-monitoring-adapter","9":"first","10":"instock","11":"shipping-taxable","12":"product-type-simple"},"_links":{"self":[{"href":"https:\/\/mountlaser.com\/fr_fr\/wp-json\/wp\/v2\/product\/2222","targetHints":{"allow":["GET"]}}],"collection":[{"href":"https:\/\/mountlaser.com\/fr_fr\/wp-json\/wp\/v2\/product"}],"about":[{"href":"https:\/\/mountlaser.com\/fr_fr\/wp-json\/wp\/v2\/types\/product"}],"replies":[{"embeddable":true,"href":"https:\/\/mountlaser.com\/fr_fr\/wp-json\/wp\/v2\/comments?post=2222"}],"wp:featuredmedia":[{"embeddable":true,"href":"https:\/\/mountlaser.com\/fr_fr\/wp-json\/wp\/v2\/media\/2227"}],"wp:attachment":[{"href":"https:\/\/mountlaser.com\/fr_fr\/wp-json\/wp\/v2\/media?parent=2222"}],"wp:term":[{"taxonomy":"product_brand","embeddable":true,"href":"https:\/\/mountlaser.com\/fr_fr\/wp-json\/wp\/v2\/product_brand?post=2222"},{"taxonomy":"product_cat","embeddable":true,"href":"https:\/\/mountlaser.com\/fr_fr\/wp-json\/wp\/v2\/product_cat?post=2222"},{"taxonomy":"product_tag","embeddable":true,"href":"https:\/\/mountlaser.com\/fr_fr\/wp-json\/wp\/v2\/product_tag?post=2222"}],"curies":[{"name":"wp","href":"https:\/\/api.w.org\/{rel}","templated":true}]}}