{"id":2213,"date":"2025-09-26T08:09:31","date_gmt":"2025-09-26T08:09:31","guid":{"rendered":"https:\/\/mountlaser.com\/?post_type=product&#038;p=2213"},"modified":"2025-12-01T01:24:14","modified_gmt":"2025-12-01T01:24:14","slug":"mpa04-mini-prism-nylon-base","status":"publish","type":"product","link":"https:\/\/mountlaser.com\/fr_fr\/produit\/mpa04-mini-prism-nylon-base\/","title":{"rendered":"MPA04 Mini prisme Base en nylon"},"content":{"rendered":"<p>Am\u00e9liorez votre syst\u00e8me de lev\u00e9s topographiques avec le MPA04 <a href=\"https:\/\/mountlaser.com\/fr_fr\/\"><strong>Mini prisme \u00e0 base en nylon<\/strong><\/a><\/p>\n<p>La base en nylon pour mini-prisme MPA04 est un composant de connectivit\u00e9 essentiel con\u00e7u pour les g\u00e9om\u00e8tres qui ont besoin de solutions de montage fiables et pr\u00e9cises pour leur \u00e9quipement de surveillance.<\/p>\n<p>Ce <a href=\"https:\/\/mountlaser.com\/fr_fr\/categorie-produit\/surveying-accessory\/\"><strong>Adaptateur en nylon MPA04<\/strong><\/a> Il est sp\u00e9cialement con\u00e7u pour int\u00e9grer parfaitement les mini-prismes \u00e0 divers points de montage, garantissant ainsi stabilit\u00e9 et pr\u00e9cision dans les projets de surveillance \u00e0 long terme.<\/p>\n<p><img fetchpriority=\"high\" decoding=\"async\" class=\"wp-image-2218 aligncenter\" src=\"https:\/\/mountlaser.com\/wp-content\/uploads\/2025\/09\/MPA04-4.webp\" alt=\"MPA04 Nylon Adapter\" width=\"500\" height=\"500\" srcset=\"https:\/\/mountlaser.com\/wp-content\/uploads\/2025\/09\/MPA04-4.webp 1000w, https:\/\/mountlaser.com\/wp-content\/uploads\/2025\/09\/MPA04-4-300x300.webp 300w, https:\/\/mountlaser.com\/wp-content\/uploads\/2025\/09\/MPA04-4-400x400.webp 400w, https:\/\/mountlaser.com\/wp-content\/uploads\/2025\/09\/MPA04-4-800x800.webp 800w, https:\/\/mountlaser.com\/wp-content\/uploads\/2025\/09\/MPA04-4-600x600.webp 600w, https:\/\/mountlaser.com\/wp-content\/uploads\/2025\/09\/MPA04-4-150x150.webp 150w, https:\/\/mountlaser.com\/wp-content\/uploads\/2025\/09\/MPA04-4-768x768.webp 768w, https:\/\/mountlaser.com\/wp-content\/uploads\/2025\/09\/MPA04-4-12x12.webp 12w\" sizes=\"(max-width: 500px) 100vw, 500px\" \/><\/p>\n<p>L&#039;une des principales caract\u00e9ristiques de ce produit est sa construction robuste. <a href=\"https:\/\/mountlaser.com\/fr_fr\/about-us\/\">Adaptateur en nylon MPA04<\/a> Dot\u00e9 d&#039;une base en nylon durable offrant une excellente r\u00e9sistance \u00e0 l&#039;humidit\u00e9 et \u00e0 la corrosion, cet adaptateur est \u00e9galement de couleur jaune vif, assurant une visibilit\u00e9 optimale sur le terrain et r\u00e9duisant ainsi les risques de perte. Son connecteur de pr\u00e9cision de type suisse garantit une connexion s\u00fbre et parfaite avec les prismes compatibles.<\/p>\n<p>&nbsp;<\/p>\n<p><strong>\u00c0 utiliser avec le socle en nylon du mini-prisme MPA04<\/strong><\/p>\n<p><img decoding=\"async\" class=\"wp-image-2220 aligncenter\" src=\"https:\/\/mountlaser.com\/wp-content\/uploads\/2025\/09\/1-5.webp\" alt=\"MPA04 Nylon Adapter\" width=\"614\" height=\"759\" srcset=\"https:\/\/mountlaser.com\/wp-content\/uploads\/2025\/09\/1-5.webp 614w, https:\/\/mountlaser.com\/wp-content\/uploads\/2025\/09\/1-5-600x742.webp 600w, https:\/\/mountlaser.com\/wp-content\/uploads\/2025\/09\/1-5-243x300.webp 243w, https:\/\/mountlaser.com\/wp-content\/uploads\/2025\/09\/1-5-10x12.webp 10w\" sizes=\"(max-width: 614px) 100vw, 614px\" \/><\/p>","protected":false},"excerpt":{"rendered":"<ul>\n<li>Fournit une interface fiable entre un mini prisme (tel que le MP104) et une station ou un poteau de surveillance gr\u00e2ce \u00e0 sa prise suisse \u00e0 base ronde.<\/li>\n<li>La base en nylon offre une durabilit\u00e9 face aux conditions ext\u00e9rieures difficiles, garantissant ainsi des performances \u00e0 long terme.<\/li>\n<\/ul>","protected":false},"featured_media":2216,"comment_status":"open","ping_status":"closed","template":"","meta":[],"product_brand":[],"product_cat":[79,102],"product_tag":[],"class_list":{"0":"post-2213","1":"product","2":"type-product","3":"status-publish","4":"has-post-thumbnail","6":"product_cat-surveying-accessory","7":"product_cat-monitoring-adapter","9":"first","10":"instock","11":"shipping-taxable","12":"product-type-simple"},"_links":{"self":[{"href":"https:\/\/mountlaser.com\/fr_fr\/wp-json\/wp\/v2\/product\/2213","targetHints":{"allow":["GET"]}}],"collection":[{"href":"https:\/\/mountlaser.com\/fr_fr\/wp-json\/wp\/v2\/product"}],"about":[{"href":"https:\/\/mountlaser.com\/fr_fr\/wp-json\/wp\/v2\/types\/product"}],"replies":[{"embeddable":true,"href":"https:\/\/mountlaser.com\/fr_fr\/wp-json\/wp\/v2\/comments?post=2213"}],"wp:featuredmedia":[{"embeddable":true,"href":"https:\/\/mountlaser.com\/fr_fr\/wp-json\/wp\/v2\/media\/2216"}],"wp:attachment":[{"href":"https:\/\/mountlaser.com\/fr_fr\/wp-json\/wp\/v2\/media?parent=2213"}],"wp:term":[{"taxonomy":"product_brand","embeddable":true,"href":"https:\/\/mountlaser.com\/fr_fr\/wp-json\/wp\/v2\/product_brand?post=2213"},{"taxonomy":"product_cat","embeddable":true,"href":"https:\/\/mountlaser.com\/fr_fr\/wp-json\/wp\/v2\/product_cat?post=2213"},{"taxonomy":"product_tag","embeddable":true,"href":"https:\/\/mountlaser.com\/fr_fr\/wp-json\/wp\/v2\/product_tag?post=2213"}],"curies":[{"name":"wp","href":"https:\/\/api.w.org\/{rel}","templated":true}]}}