{"id":2159,"date":"2025-09-24T07:44:59","date_gmt":"2025-09-24T07:44:59","guid":{"rendered":"https:\/\/mountlaser.com\/?post_type=product&#038;p=2159"},"modified":"2025-12-01T01:43:36","modified_gmt":"2025-12-01T01:43:36","slug":"grt146-standard-precision-carrier","status":"publish","type":"product","link":"https:\/\/mountlaser.com\/fr_fr\/produit\/grt146-standard-precision-carrier\/","title":{"rendered":"Porte-satellites de pr\u00e9cision standard GRT146"},"content":{"rendered":"<p>Le <a href=\"https:\/\/mountlaser.com\/fr_fr\/\"><strong>Support laser GRT146<\/strong><\/a> Le support GRT146 est un mod\u00e8le robuste et fiable, con\u00e7u pour une int\u00e9gration parfaite avec vos tribrachs topographiques. Fabriqu\u00e9 en aluminium de haute qualit\u00e9, ce support offre une solution \u00e0 la fois durable et l\u00e9g\u00e8re pour le montage de prismes et autres accessoires.<\/p>\n<p>Le <a href=\"https:\/\/mountlaser.com\/fr_fr\/categorie-produit\/surveying-accessory\/\"><strong>Porte-avions GRT146<\/strong><\/a> Con\u00e7u pour la pr\u00e9cision et la long\u00e9vit\u00e9, il garantit des performances stables dans diverses conditions sur le terrain.<\/p>\n<p>&nbsp;<\/p>\n<p><img fetchpriority=\"high\" decoding=\"async\" class=\"wp-image-2162 aligncenter\" src=\"https:\/\/mountlaser.com\/wp-content\/uploads\/2025\/09\/5-2.webp\" alt=\"GRT146 Carrier\" width=\"500\" height=\"500\" srcset=\"https:\/\/mountlaser.com\/wp-content\/uploads\/2025\/09\/5-2.webp 1000w, https:\/\/mountlaser.com\/wp-content\/uploads\/2025\/09\/5-2-300x300.webp 300w, https:\/\/mountlaser.com\/wp-content\/uploads\/2025\/09\/5-2-400x400.webp 400w, https:\/\/mountlaser.com\/wp-content\/uploads\/2025\/09\/5-2-800x800.webp 800w, https:\/\/mountlaser.com\/wp-content\/uploads\/2025\/09\/5-2-600x600.webp 600w, https:\/\/mountlaser.com\/wp-content\/uploads\/2025\/09\/5-2-150x150.webp 150w, https:\/\/mountlaser.com\/wp-content\/uploads\/2025\/09\/5-2-768x768.webp 768w, https:\/\/mountlaser.com\/wp-content\/uploads\/2025\/09\/5-2-12x12.webp 12w\" sizes=\"(max-width: 500px) 100vw, 500px\" \/><\/p>\n<p>Disponible en vert ou en noir pour une identification facile de l&#039;\u00e9quipement, ce mod\u00e8le (r\u00e9f.\u00a0: 667216) offre une excellente compatibilit\u00e9 et un rapport qualit\u00e9-prix optimal. Pour un composant essentiel sur lequel vous pouvez compter, <a href=\"https:\/\/mountlaser.com\/fr_fr\/contact-us\/\">Porte-avions GRT146<\/a> offre des performances essentielles pour les t\u00e2ches topographiques quotidiennes.<\/p>","protected":false},"excerpt":{"rendered":"<ul>\n<li>Ing\u00e9nierie de pr\u00e9cision\u00a0: assure un montage pr\u00e9cis et s\u00fbr dans les tribrachs standard pour une pr\u00e9cision de mesure constante.<\/li>\n<li>Options de couleur\u00a0: Disponible en vert et en noir pour simplifier la gestion et l\u2019organisation du mat\u00e9riel.<\/li>\n<\/ul>","protected":false},"featured_media":2160,"comment_status":"open","ping_status":"closed","template":"","meta":[],"product_brand":[],"product_cat":[79,100],"product_tag":[],"class_list":{"0":"post-2159","1":"product","2":"type-product","3":"status-publish","4":"has-post-thumbnail","6":"product_cat-surveying-accessory","7":"product_cat-standard-precision-carrier","9":"first","10":"instock","11":"shipping-taxable","12":"product-type-simple"},"_links":{"self":[{"href":"https:\/\/mountlaser.com\/fr_fr\/wp-json\/wp\/v2\/product\/2159","targetHints":{"allow":["GET"]}}],"collection":[{"href":"https:\/\/mountlaser.com\/fr_fr\/wp-json\/wp\/v2\/product"}],"about":[{"href":"https:\/\/mountlaser.com\/fr_fr\/wp-json\/wp\/v2\/types\/product"}],"replies":[{"embeddable":true,"href":"https:\/\/mountlaser.com\/fr_fr\/wp-json\/wp\/v2\/comments?post=2159"}],"wp:featuredmedia":[{"embeddable":true,"href":"https:\/\/mountlaser.com\/fr_fr\/wp-json\/wp\/v2\/media\/2160"}],"wp:attachment":[{"href":"https:\/\/mountlaser.com\/fr_fr\/wp-json\/wp\/v2\/media?parent=2159"}],"wp:term":[{"taxonomy":"product_brand","embeddable":true,"href":"https:\/\/mountlaser.com\/fr_fr\/wp-json\/wp\/v2\/product_brand?post=2159"},{"taxonomy":"product_cat","embeddable":true,"href":"https:\/\/mountlaser.com\/fr_fr\/wp-json\/wp\/v2\/product_cat?post=2159"},{"taxonomy":"product_tag","embeddable":true,"href":"https:\/\/mountlaser.com\/fr_fr\/wp-json\/wp\/v2\/product_tag?post=2159"}],"curies":[{"name":"wp","href":"https:\/\/api.w.org\/{rel}","templated":true}]}}