{"id":169,"date":"2024-02-28T15:44:56","date_gmt":"2024-02-28T15:44:56","guid":{"rendered":"https:\/\/startersites.io\/blocksy\/pottery\/?post_type=product&#038;p=169"},"modified":"2025-12-01T07:49:40","modified_gmt":"2025-12-01T07:49:40","slug":"fdj01d-japanese-style-tribrach","status":"publish","type":"product","link":"https:\/\/mountlaser.com\/fr_fr\/produit\/fdj01d-japanese-style-tribrach\/","title":{"rendered":"Embout de style japonais FDJ01D"},"content":{"rendered":"<p>Le <a href=\"https:\/\/mountlaser.com\/fr_fr\/\"><strong>Support laser FDJ01D<\/strong><\/a> \u00e9tablit une nouvelle norme en tant qu&#039;\u00e9l\u00e9ment essentiel<a href=\"https:\/\/mountlaser.com\/fr_fr\/categorie-produit\/surveying-accessory\/\"><strong> Tribrach pour \u00e9quipement topographique<\/strong><\/a>.<\/p>\n<p>Ce tribrach de topographie de haute pr\u00e9cision int\u00e8gre un fil \u00e0 plomb optique pr\u00e9cis, con\u00e7u selon le style japonais renomm\u00e9 TOP pour une pr\u00e9cision et une durabilit\u00e9 in\u00e9gal\u00e9es.<\/p>\n<p><img fetchpriority=\"high\" decoding=\"async\" class=\"wp-image-2137 aligncenter\" src=\"https:\/\/mountlaser.com\/wp-content\/uploads\/2024\/02\/4.webp\" alt=\"Tribrach for surveying equipment \" width=\"500\" height=\"500\" srcset=\"https:\/\/mountlaser.com\/wp-content\/uploads\/2024\/02\/4.webp 1000w, https:\/\/mountlaser.com\/wp-content\/uploads\/2024\/02\/4-300x300.webp 300w, https:\/\/mountlaser.com\/wp-content\/uploads\/2024\/02\/4-400x400.webp 400w, https:\/\/mountlaser.com\/wp-content\/uploads\/2024\/02\/4-800x800.webp 800w, https:\/\/mountlaser.com\/wp-content\/uploads\/2024\/02\/4-600x600.webp 600w, https:\/\/mountlaser.com\/wp-content\/uploads\/2024\/02\/4-150x150.webp 150w, https:\/\/mountlaser.com\/wp-content\/uploads\/2024\/02\/4-768x768.webp 768w, https:\/\/mountlaser.com\/wp-content\/uploads\/2024\/02\/4-12x12.webp 12w\" sizes=\"(max-width: 500px) 100vw, 500px\" \/><\/p>\n<p>Con\u00e7u pour les professionnels les plus exigeants, le <a href=\"https:\/\/mountlaser.com\/fr_fr\/contact-us\/\">FDJ01D<\/a> Assure une installation rapide et pr\u00e9cise, offrant une base solide pour votre station totale. Disponible en jaune, gris ou noir.<br \/>\nLorsque vous avez besoin d&#039;un tribrach topographique fiable qui am\u00e9liore l&#039;efficacit\u00e9, le FDJ01D est le tribrach sup\u00e9rieur pour les \u00e9quipements topographiques con\u00e7us pour exceller sur n&#039;importe quel site.<\/p>","protected":false},"excerpt":{"rendered":"<ul>\n<li>Ing\u00e9nierie de haute pr\u00e9cision : garantit un centrage forc\u00e9 parfait, assurant ainsi l&#039;int\u00e9grit\u00e9 de vos mesures.<\/li>\n<li>Norme de qualit\u00e9 japonaise de pointe\u00a0: Fabriqu\u00e9 avec des mat\u00e9riaux et un savoir-faire sup\u00e9rieurs<\/li>\n<li>pour une long\u00e9vit\u00e9 et des performances exceptionnelles dans des conditions difficiles.<\/li>\n<\/ul>","protected":false},"featured_media":2135,"comment_status":"open","ping_status":"closed","template":"","meta":[],"product_brand":[],"product_cat":[79,99],"product_tag":[],"class_list":{"0":"post-169","1":"product","2":"type-product","3":"status-publish","4":"has-post-thumbnail","6":"product_cat-surveying-accessory","7":"product_cat-japanese-style-tribrach","9":"first","10":"instock","11":"shipping-taxable","12":"product-type-simple"},"_links":{"self":[{"href":"https:\/\/mountlaser.com\/fr_fr\/wp-json\/wp\/v2\/product\/169","targetHints":{"allow":["GET"]}}],"collection":[{"href":"https:\/\/mountlaser.com\/fr_fr\/wp-json\/wp\/v2\/product"}],"about":[{"href":"https:\/\/mountlaser.com\/fr_fr\/wp-json\/wp\/v2\/types\/product"}],"replies":[{"embeddable":true,"href":"https:\/\/mountlaser.com\/fr_fr\/wp-json\/wp\/v2\/comments?post=169"}],"wp:featuredmedia":[{"embeddable":true,"href":"https:\/\/mountlaser.com\/fr_fr\/wp-json\/wp\/v2\/media\/2135"}],"wp:attachment":[{"href":"https:\/\/mountlaser.com\/fr_fr\/wp-json\/wp\/v2\/media?parent=169"}],"wp:term":[{"taxonomy":"product_brand","embeddable":true,"href":"https:\/\/mountlaser.com\/fr_fr\/wp-json\/wp\/v2\/product_brand?post=169"},{"taxonomy":"product_cat","embeddable":true,"href":"https:\/\/mountlaser.com\/fr_fr\/wp-json\/wp\/v2\/product_cat?post=169"},{"taxonomy":"product_tag","embeddable":true,"href":"https:\/\/mountlaser.com\/fr_fr\/wp-json\/wp\/v2\/product_tag?post=169"}],"curies":[{"name":"wp","href":"https:\/\/api.w.org\/{rel}","templated":true}]}}