{"id":1599,"date":"2024-03-20T16:36:27","date_gmt":"2024-03-20T16:36:27","guid":{"rendered":"https:\/\/startersites.io\/blocksy\/pottery\/?post_type=product&#038;p=408"},"modified":"2025-12-01T06:57:05","modified_gmt":"2025-12-01T06:57:05","slug":"fdc01dg-japanese-style-tribrach-carrier-2","status":"publish","type":"product","link":"https:\/\/mountlaser.com\/fr_fr\/produit\/fdc01dg-japanese-style-tribrach-carrier-2\/","title":{"rendered":"Porte-bagages tribrach de style japonais FDC01DG"},"content":{"rendered":"<p>Am\u00e9liorez votre \u00e9quipement de topographie avec le <a href=\"https:\/\/mountlaser.com\/fr_fr\/categorie-produit\/surveying-accessory\/\"><strong>Support laser FDJ01<\/strong><\/a>, Voici un tribrach haut de gamme de style japonais, un mod\u00e8le d&#039;ing\u00e9nierie de pr\u00e9cision. Con\u00e7u pour les professionnels exigeant une fiabilit\u00e9 \u00e0 toute \u00e9preuve sans la complexit\u00e9 d&#039;un plomb optique.<\/p>\n<p>Con\u00e7ue selon les normes rigoureuses du design japonais, la FDJ01 offre une stabilit\u00e9 et une durabilit\u00e9 exceptionnelles pour une utilisation avec les stations totales et autres instruments topographiques. Si vous recherchez une FDJ01 de haute qualit\u00e9, ce mod\u00e8le est fait pour vous.<a href=\"https:\/\/mountlaser.com\/fr_fr\/about-us\/\"> <strong>Tribrach de style japonais \u00e0 vendre<\/strong><\/a>, Le FDJ01 offre un \u00e9quilibre exceptionnel entre performance et prix.<\/p>\n<p><img fetchpriority=\"high\" decoding=\"async\" class=\"wp-image-2130 aligncenter\" src=\"https:\/\/mountlaser.com\/wp-content\/uploads\/2025\/09\/5-1.webp\" alt=\"Japanese style tribrach\u00a0for sale\" width=\"500\" height=\"500\" srcset=\"https:\/\/mountlaser.com\/wp-content\/uploads\/2025\/09\/5-1.webp 1000w, https:\/\/mountlaser.com\/wp-content\/uploads\/2025\/09\/5-1-300x300.webp 300w, https:\/\/mountlaser.com\/wp-content\/uploads\/2025\/09\/5-1-400x400.webp 400w, https:\/\/mountlaser.com\/wp-content\/uploads\/2025\/09\/5-1-800x800.webp 800w, https:\/\/mountlaser.com\/wp-content\/uploads\/2025\/09\/5-1-600x600.webp 600w, https:\/\/mountlaser.com\/wp-content\/uploads\/2025\/09\/5-1-150x150.webp 150w, https:\/\/mountlaser.com\/wp-content\/uploads\/2025\/09\/5-1-768x768.webp 768w, https:\/\/mountlaser.com\/wp-content\/uploads\/2025\/09\/5-1-12x12.webp 12w\" sizes=\"(max-width: 500px) 100vw, 500px\" \/><\/p>\n<p>Choisissez entre le jaune, le gris ou le noir pour identifier la couleur de votre \u00e9quipement. D\u00e9couvrez notre s\u00e9lection de ce produit robuste. <a href=\"https:\/\/mountlaser.com\/fr_fr\/contact-us\/\">tribrach de style japonais<\/a> en vente aujourd&#039;hui.<\/p>","protected":false},"excerpt":{"rendered":"<ul>\n<li>Tribrach de style japonais \u00e0 vendre<\/li>\n<li>Conception de haute pr\u00e9cision\u00a0: assure un centrage forc\u00e9 pr\u00e9cis et fiable de vos instruments topographiques, minimisant ainsi les erreurs.<\/li>\n<li>Sans plomb optique (FDJ01) : Simplifie le processus d&#039;installation, offrant une solution robuste et \u00e9conomique pour divers chantiers.<\/li>\n<\/ul>","protected":false},"featured_media":2129,"comment_status":"open","ping_status":"closed","template":"","meta":[],"product_brand":[],"product_cat":[99,79],"product_tag":[],"class_list":{"0":"post-1599","1":"product","2":"type-product","3":"status-publish","4":"has-post-thumbnail","6":"product_cat-japanese-style-tribrach","7":"product_cat-surveying-accessory","9":"first","10":"instock","11":"shipping-taxable","12":"product-type-simple"},"_links":{"self":[{"href":"https:\/\/mountlaser.com\/fr_fr\/wp-json\/wp\/v2\/product\/1599","targetHints":{"allow":["GET"]}}],"collection":[{"href":"https:\/\/mountlaser.com\/fr_fr\/wp-json\/wp\/v2\/product"}],"about":[{"href":"https:\/\/mountlaser.com\/fr_fr\/wp-json\/wp\/v2\/types\/product"}],"replies":[{"embeddable":true,"href":"https:\/\/mountlaser.com\/fr_fr\/wp-json\/wp\/v2\/comments?post=1599"}],"wp:featuredmedia":[{"embeddable":true,"href":"https:\/\/mountlaser.com\/fr_fr\/wp-json\/wp\/v2\/media\/2129"}],"wp:attachment":[{"href":"https:\/\/mountlaser.com\/fr_fr\/wp-json\/wp\/v2\/media?parent=1599"}],"wp:term":[{"taxonomy":"product_brand","embeddable":true,"href":"https:\/\/mountlaser.com\/fr_fr\/wp-json\/wp\/v2\/product_brand?post=1599"},{"taxonomy":"product_cat","embeddable":true,"href":"https:\/\/mountlaser.com\/fr_fr\/wp-json\/wp\/v2\/product_cat?post=1599"},{"taxonomy":"product_tag","embeddable":true,"href":"https:\/\/mountlaser.com\/fr_fr\/wp-json\/wp\/v2\/product_tag?post=1599"}],"curies":[{"name":"wp","href":"https:\/\/api.w.org\/{rel}","templated":true}]}}