{"id":608,"date":"2024-03-28T10:15:24","date_gmt":"2024-03-28T10:15:24","guid":{"rendered":"https:\/\/startersites.io\/blocksy\/pottery\/?post_type=product&#038;p=608"},"modified":"2025-12-01T01:52:03","modified_gmt":"2025-12-01T01:52:03","slug":"ma-g32-auto-level","status":"publish","type":"product","link":"https:\/\/mountlaser.com\/es\/producto\/ma-g32-auto-level\/","title":{"rendered":"Nivel autom\u00e1tico MA-G32"},"content":{"rendered":"<p>El <a href=\"https:\/\/mountlaser.com\/es\/\"><strong>Nivel autom\u00e1tico MA-G32<\/strong><\/a> de Mountlaser es un instrumento \u00f3ptico de alta precisi\u00f3n y calidad profesional dise\u00f1ado para una amplia gama de <a href=\"https:\/\/mountlaser.com\/es\/categoria-producto\/surveying-instrument\/automatic-level\/\"><strong>niveles autom\u00e1ticos para topograf\u00eda<\/strong><\/a> Aplicaciones. Nivel autom\u00e1tico para topograf\u00eda. Dise\u00f1ado para brindar confiabilidad y facilidad de uso, ofrece la precisi\u00f3n necesaria para la nivelaci\u00f3n de obras, el desarrollo de terrenos y otras tareas esenciales. Este modelo es una opci\u00f3n destacada entre los niveles topogr\u00e1ficos modernos, ofreciendo una claridad y estabilidad excepcionales para garantizar la precisi\u00f3n de los datos fundamentales de su proyecto.<\/p>\n<p>Con un telescopio erecto con aumento de 32X y un compensador de amortiguaci\u00f3n de aire de alta sensibilidad, el MA-G32 proporciona una imagen clara y correcta y mantiene autom\u00e1ticamente una l\u00ednea de visi\u00f3n nivelada, incluso en terrenos inestables.<\/p>\n<p>Su robusta clasificaci\u00f3n IP54 protege contra el polvo y las salpicaduras de agua, lo que convierte al nivel autom\u00e1tico para topograf\u00eda en un aliado duradero para obras exigentes. Para los profesionales que buscan niveles topogr\u00e1ficos fiables y precisos, el MA-G32 ejemplifica el compromiso de Mountlaser con la calidad y el rendimiento en todos nuestros niveles autom\u00e1ticos para topograf\u00eda.<\/p>\n<p><img fetchpriority=\"high\" decoding=\"async\" class=\"aligncenter wp-image-1883\" src=\"https:\/\/mountlaser.com\/wp-content\/uploads\/2024\/03\/MA-G323.webp\" alt=\"Auto Levels For Surveying\" width=\"500\" height=\"500\" srcset=\"https:\/\/mountlaser.com\/wp-content\/uploads\/2024\/03\/MA-G323.webp 1000w, https:\/\/mountlaser.com\/wp-content\/uploads\/2024\/03\/MA-G323-300x300.webp 300w, https:\/\/mountlaser.com\/wp-content\/uploads\/2024\/03\/MA-G323-400x400.webp 400w, https:\/\/mountlaser.com\/wp-content\/uploads\/2024\/03\/MA-G323-800x800.webp 800w, https:\/\/mountlaser.com\/wp-content\/uploads\/2024\/03\/MA-G323-600x600.webp 600w, https:\/\/mountlaser.com\/wp-content\/uploads\/2024\/03\/MA-G323-150x150.webp 150w, https:\/\/mountlaser.com\/wp-content\/uploads\/2024\/03\/MA-G323-768x768.webp 768w, https:\/\/mountlaser.com\/wp-content\/uploads\/2024\/03\/MA-G323-12x12.webp 12w\" sizes=\"(max-width: 500px) 100vw, 500px\" \/><\/p>\n<p><strong><a href=\"https:\/\/mountlaser.com\/es\/about-us\/\">Nivel autom\u00e1tico MA-G32<\/a> Presupuesto<\/strong><\/p>\n<table style=\"border-collapse: collapse; width: 552.02pt;\" border=\"0\" width=\"736\" cellspacing=\"0\" cellpadding=\"0\">\n<tbody>\n<tr style=\"height: 14.25pt;\">\n<td class=\"et2\" style=\"height: 14.25pt; width: 255.75pt;\" width=\"341\" height=\"19\">Modelo N\u00b0.<\/td>\n<td class=\"et3\" style=\"width: 296.25pt;\" width=\"395\">MA-G32<\/td>\n<\/tr>\n<tr style=\"height: 14.25pt;\">\n<td class=\"et4\" style=\"height: 14.25pt;\" height=\"19\">Distancia de trabajo<\/td>\n<td class=\"et5\">50 metros<\/td>\n<\/tr>\n<tr style=\"height: 14.25pt;\">\n<td class=\"et4\" style=\"height: 14.25pt;\" height=\"19\">Desviaci\u00f3n est\u00e1ndar para carrera doble de 1 km<\/td>\n<td class=\"et5\">1,5 mm<\/td>\n<\/tr>\n<tr style=\"height: 14.25pt;\">\n<td class=\"et4\" style=\"height: 14.25pt;\" height=\"19\">Aumento del telescopio<\/td>\n<td class=\"et5\">32X<\/td>\n<\/tr>\n<tr style=\"height: 14.25pt;\">\n<td class=\"et4\" style=\"height: 14.25pt;\" height=\"19\">Imagen del telescopio<\/td>\n<td class=\"et5\">Erguido<\/td>\n<\/tr>\n<tr style=\"height: 14.25pt;\">\n<td class=\"et4\" style=\"height: 14.25pt;\" height=\"19\">Distancia de visibilidad m\u00e1s corta<\/td>\n<td class=\"et5\">0,5 m<\/td>\n<\/tr>\n<tr style=\"height: 14.25pt;\">\n<td class=\"et4\" style=\"height: 14.25pt;\" height=\"19\">Error de distancia de visualizaci\u00f3n<\/td>\n<td class=\"et5\">\u2264\u00b10,5%<\/td>\n<\/tr>\n<tr style=\"height: 14.25pt;\">\n<td class=\"et4\" style=\"height: 14.25pt;\" height=\"19\">Tama\u00f1o de apertura efectiva de la lente del objeto<\/td>\n<td class=\"et5\">40 mm<\/td>\n<\/tr>\n<tr style=\"height: 14.25pt;\">\n<td class=\"et4\" style=\"height: 14.25pt;\" height=\"19\">Error de enfoque<\/td>\n<td class=\"et5\">\u22641,0 mm<\/td>\n<\/tr>\n<tr style=\"height: 14.25pt;\">\n<td class=\"et4\" style=\"height: 14.25pt;\" height=\"19\">Tipo de compensador<\/td>\n<td class=\"et5\">Amortiguaci\u00f3n de aire<\/td>\n<\/tr>\n<tr style=\"height: 14.25pt;\">\n<td class=\"et4\" style=\"height: 14.25pt;\" height=\"19\">Error de compensaci\u00f3n<\/td>\n<td class=\"et5\">&lt;0,5\u2032<\/td>\n<\/tr>\n<tr style=\"height: 14.25pt;\">\n<td class=\"et4\" style=\"height: 14.25pt;\" height=\"19\">Ret\u00edculo<\/td>\n<td class=\"et5\">Ret\u00edcula cruzada<\/td>\n<\/tr>\n<tr style=\"height: 14.25pt;\">\n<td class=\"et4\" style=\"height: 14.25pt;\" height=\"19\">Ajuste de precisi\u00f3n<\/td>\n<td class=\"et5\">+0.4\u2032<\/td>\n<\/tr>\n<tr style=\"height: 14.25pt;\">\n<td class=\"et4\" style=\"height: 14.25pt;\" height=\"19\">A prueba de agua y polvo<\/td>\n<td class=\"et5\">IP54<\/td>\n<\/tr>\n<tr style=\"height: 14.25pt;\">\n<td class=\"et4\" style=\"height: 14.25pt;\" height=\"19\">Stand Accassony<\/td>\n<td class=\"et5\">Plomada, manual, pasador de ajuste, pl\u00e1stico casa<\/td>\n<\/tr>\n<tr style=\"height: 14.25pt;\">\n<td class=\"et6\" style=\"height: 14.25pt;\" height=\"19\">Enviar peso<\/td>\n<td class=\"et7\">1,35 kilos<\/td>\n<\/tr>\n<\/tbody>\n<\/table>\n<p>&nbsp;<\/p>","protected":false},"excerpt":{"rendered":"<ul>\n<li>Alta precisi\u00f3n: logra una desviaci\u00f3n est\u00e1ndar de 1,5 mm por km de doble recorrido para obtener resultados confiables.<\/li>\n<li>\u00a0Nivel autom\u00e1tico para topograf\u00eda El aumento de 32X proporciona una vista clara y correcta, simplificando la operaci\u00f3n y reduciendo errores.<\/li>\n<li>Compensaci\u00f3n autom\u00e1tica: El compensador de amortiguaci\u00f3n de aire estabiliza autom\u00e1ticamente la l\u00ednea.<\/li>\n<li>Construcci\u00f3n duradera: la clasificaci\u00f3n IP54 a prueba de agua y polvo garantiza el rendimiento en condiciones de sitio dif\u00edciles.<\/li>\n<\/ul>","protected":false},"featured_media":1882,"comment_status":"open","ping_status":"closed","template":"","meta":[],"product_brand":[],"product_cat":[15,140],"product_tag":[],"class_list":{"0":"post-608","1":"product","2":"type-product","3":"status-publish","4":"has-post-thumbnail","6":"product_cat-surveying-instrument","7":"product_cat-automatic-level","9":"first","10":"instock","11":"shipping-taxable","12":"product-type-simple"},"_links":{"self":[{"href":"https:\/\/mountlaser.com\/es\/wp-json\/wp\/v2\/product\/608","targetHints":{"allow":["GET"]}}],"collection":[{"href":"https:\/\/mountlaser.com\/es\/wp-json\/wp\/v2\/product"}],"about":[{"href":"https:\/\/mountlaser.com\/es\/wp-json\/wp\/v2\/types\/product"}],"replies":[{"embeddable":true,"href":"https:\/\/mountlaser.com\/es\/wp-json\/wp\/v2\/comments?post=608"}],"wp:featuredmedia":[{"embeddable":true,"href":"https:\/\/mountlaser.com\/es\/wp-json\/wp\/v2\/media\/1882"}],"wp:attachment":[{"href":"https:\/\/mountlaser.com\/es\/wp-json\/wp\/v2\/media?parent=608"}],"wp:term":[{"taxonomy":"product_brand","embeddable":true,"href":"https:\/\/mountlaser.com\/es\/wp-json\/wp\/v2\/product_brand?post=608"},{"taxonomy":"product_cat","embeddable":true,"href":"https:\/\/mountlaser.com\/es\/wp-json\/wp\/v2\/product_cat?post=608"},{"taxonomy":"product_tag","embeddable":true,"href":"https:\/\/mountlaser.com\/es\/wp-json\/wp\/v2\/product_tag?post=608"}],"curies":[{"name":"wp","href":"https:\/\/api.w.org\/{rel}","templated":true}]}}