{"id":6003,"date":"2025-12-19T02:59:24","date_gmt":"2025-12-19T02:59:24","guid":{"rendered":"https:\/\/mountlaser.com\/?post_type=product&#038;p=6003"},"modified":"2025-12-19T02:59:24","modified_gmt":"2025-12-19T02:59:24","slug":"etj30a-325-heavy-duty-elevator-tripod","status":"publish","type":"product","link":"https:\/\/mountlaser.com\/es\/producto\/etj30a-325-heavy-duty-elevator-tripod\/","title":{"rendered":"Tr\u00edpode elevador de alta resistencia ETJ30A-325"},"content":{"rendered":"<p data-start=\"229\" data-end=\"772\">El<a href=\"https:\/\/mountlaser.com\/es\/\"> <strong data-start=\"233\" data-end=\"274\">Tr\u00edpode elevador de alta resistencia ETJ30A-325<\/strong><\/a> Est\u00e1 dise\u00f1ado para profesionales que necesitan un soporte firme, un ajuste de altura preciso y una larga durabilidad en entornos de trabajo exigentes. Como <a href=\"https:\/\/mountlaser.com\/es\/products\/\"><strong data-start=\"423\" data-end=\"454\">Tr\u00edpode elevador ajustable<\/strong><\/a>, Fabricado con aleaci\u00f3n de aluminio de alta calidad, ofrece una excelente resistencia al impacto y mantiene una estructura estable y fiable. El tr\u00edpode elevador de alta resistencia ETJ30A-325 es la soluci\u00f3n ideal para aplicaciones de construcci\u00f3n, topograf\u00eda y nivelaci\u00f3n l\u00e1ser donde la precisi\u00f3n y la capacidad de carga son esenciales.<\/p>\n<p data-start=\"774\" data-end=\"1388\">Equipado con un perno de horquilla est\u00e1ndar de 5\/8\u2033-11, el tr\u00edpode elevador de alta resistencia ETJ30A-325 garantiza una amplia compatibilidad con niveles l\u00e1ser, estaciones totales y otros instrumentos topogr\u00e1ficos. Su sistema de abrazadera de bloqueo r\u00e1pido permite ajustes de altura r\u00e1pidos y sencillos, lo que lo convierte en un tr\u00edpode elevador ajustable altamente eficiente para operaciones de campo. Con un rango de altura de tr\u00edpode de 125 a 350 cm y una altura de trabajo de 114 a 325 cm, el tr\u00edpode elevador de alta resistencia ETJ30A-325 ofrece una flexibilidad excepcional para tareas de baja y alta elevaci\u00f3n, lo que refuerza su reputaci\u00f3n como un tr\u00edpode elevador ajustable confiable.<\/p>\n<p data-start=\"1390\" data-end=\"1903\">Dise\u00f1ado como una soluci\u00f3n econ\u00f3mica y robusta, el tr\u00edpode elevador de alta resistencia ETJ30A-325 ofrece un equilibrio entre rendimiento y valor. Disponibles colores y alturas personalizados a pedido, lo que permite a los usuarios adaptar este tr\u00edpode elevador ajustable a las necesidades espec\u00edficas de su proyecto. Su s\u00f3lida construcci\u00f3n y su mecanismo de ajuste suave hacen del tr\u00edpode elevador de alta resistencia ETJ30A-325 una opci\u00f3n confiable para profesionales que exigen fiabilidad en sus equipos. <a href=\"https:\/\/mountlaser.com\/es\/contact-us\/\">Tr\u00edpode elevador ajustable<\/a> en todas las condiciones de trabajo.<\/p>\n<p data-start=\"1390\" data-end=\"1903\"><img fetchpriority=\"high\" decoding=\"async\" class=\"aligncenter wp-image-6009\" src=\"https:\/\/mountlaser.com\/wp-content\/uploads\/2025\/12\/ETJ30A\uff084\uff09.webp\" alt=\"ETJ30A-325 heavy-duty elevator tripod\" width=\"500\" height=\"500\" srcset=\"https:\/\/mountlaser.com\/wp-content\/uploads\/2025\/12\/ETJ30A\uff084\uff09.webp 1000w, https:\/\/mountlaser.com\/wp-content\/uploads\/2025\/12\/ETJ30A\uff084\uff09-300x300.webp 300w, https:\/\/mountlaser.com\/wp-content\/uploads\/2025\/12\/ETJ30A\uff084\uff09-150x150.webp 150w, https:\/\/mountlaser.com\/wp-content\/uploads\/2025\/12\/ETJ30A\uff084\uff09-768x768.webp 768w, https:\/\/mountlaser.com\/wp-content\/uploads\/2025\/12\/ETJ30A\uff084\uff09-12x12.webp 12w, https:\/\/mountlaser.com\/wp-content\/uploads\/2025\/12\/ETJ30A\uff084\uff09-600x600.webp 600w, https:\/\/mountlaser.com\/wp-content\/uploads\/2025\/12\/ETJ30A\uff084\uff09-800x800.webp 800w, https:\/\/mountlaser.com\/wp-content\/uploads\/2025\/12\/ETJ30A\uff084\uff09-400x400.webp 400w\" sizes=\"(max-width: 500px) 100vw, 500px\" \/><\/p>\n<p data-start=\"1390\" data-end=\"1903\"><strong>Especificaciones del tr\u00edpode elevador de alta resistencia ETJ30A-325<\/strong><\/p>\n<div>\n<table style=\"border-collapse: collapse; width: 743.27pt;\" border=\"0\" width=\"991\" cellspacing=\"0\" cellpadding=\"0\">\n<tbody>\n<tr style=\"height: 14.25pt;\">\n<td class=\"et2\" style=\"height: 14.25pt; width: 127.50pt;\" width=\"170\" height=\"19\">N\u00daMERO<\/td>\n<td class=\"et3\" style=\"width: 92.25pt;\" width=\"123\">PIERNAS<\/td>\n<td class=\"et3\" style=\"width: 77.25pt;\" width=\"103\">TIPO DE BLOQUEO<\/td>\n<td class=\"et3\" style=\"width: 96.75pt;\" width=\"129\">HARDWARE<\/td>\n<td class=\"et4\" style=\"width: 141.00pt;\" width=\"188\">ALTURA DEL TR\u00cdPODE<\/td>\n<td class=\"et4\" style=\"width: 96.00pt;\" width=\"128\">ALTURA DE TRABAJO<\/td>\n<td class=\"et3\" style=\"width: 112.50pt;\" width=\"150\">noroeste.<\/td>\n<\/tr>\n<tr style=\"height: 18.75pt;\">\n<td class=\"et5\" style=\"height: 18.75pt;\" height=\"25\">ETJ30A-225<\/td>\n<td class=\"et5\">Aluminio<\/td>\n<td class=\"et5\">Abrazadera r\u00e1pida<\/td>\n<td class=\"et5\">Negro<\/td>\n<td class=\"et5\">112-244 cm<\/td>\n<td class=\"et5\">100-225 cm<\/td>\n<td class=\"et5\">5,15 kilos<\/td>\n<\/tr>\n<tr style=\"height: 17.25pt;\">\n<td class=\"et5\" style=\"height: 17.25pt;\" height=\"23\">ETJ30A-310<\/td>\n<td class=\"et5\">Aluminio<\/td>\n<td class=\"et5\">Abrazadera r\u00e1pida<\/td>\n<td class=\"et5\">Negro<\/td>\n<td class=\"et5\">115-330 cm<\/td>\n<td class=\"et5\">105-310 cm<\/td>\n<td class=\"et5\">5,40 kilos<\/td>\n<\/tr>\n<tr style=\"height: 14.25pt;\">\n<td class=\"et5\" style=\"height: 14.25pt;\" height=\"19\">ETJ30A-325<\/td>\n<td class=\"et5\">Aluminio<\/td>\n<td class=\"et5\">Abrazadera r\u00e1pida<\/td>\n<td class=\"et5\">Negro<\/td>\n<td class=\"et5\">125-350 cm<\/td>\n<td class=\"et5\">114-325 cm<\/td>\n<td class=\"et5\">5,55 kilos<\/td>\n<\/tr>\n<\/tbody>\n<\/table>\n<\/div>","protected":false},"excerpt":{"rendered":"<ul>\n<li>Proporciona un soporte estable y seguro para niveles l\u00e1ser e instrumentos topogr\u00e1ficos.<\/li>\n<li>Ajuste de altura tipo ascensor para un posicionamiento vertical preciso<\/li>\n<li>Las abrazaderas de bloqueo r\u00e1pido permiten una instalaci\u00f3n r\u00e1pida y sencilla del tr\u00edpode<\/li>\n<li>Las patas de aleaci\u00f3n de aluminio brindan una excelente resistencia al impacto y durabilidad.<\/li>\n<li>El perno de horquilla est\u00e1ndar de 5\/8\u2033-11 garantiza una amplia compatibilidad de instrumentos<\/li>\n<\/ul>","protected":false},"featured_media":6009,"comment_status":"open","ping_status":"closed","template":"","meta":[],"product_brand":[],"product_cat":[122,94],"product_tag":[],"class_list":{"0":"post-6003","1":"product","2":"type-product","3":"status-publish","4":"has-post-thumbnail","6":"product_cat-laser-level-tripod","7":"product_cat-laser-level-accessory","9":"first","10":"instock","11":"shipping-taxable","12":"product-type-simple"},"_links":{"self":[{"href":"https:\/\/mountlaser.com\/es\/wp-json\/wp\/v2\/product\/6003","targetHints":{"allow":["GET"]}}],"collection":[{"href":"https:\/\/mountlaser.com\/es\/wp-json\/wp\/v2\/product"}],"about":[{"href":"https:\/\/mountlaser.com\/es\/wp-json\/wp\/v2\/types\/product"}],"replies":[{"embeddable":true,"href":"https:\/\/mountlaser.com\/es\/wp-json\/wp\/v2\/comments?post=6003"}],"wp:featuredmedia":[{"embeddable":true,"href":"https:\/\/mountlaser.com\/es\/wp-json\/wp\/v2\/media\/6009"}],"wp:attachment":[{"href":"https:\/\/mountlaser.com\/es\/wp-json\/wp\/v2\/media?parent=6003"}],"wp:term":[{"taxonomy":"product_brand","embeddable":true,"href":"https:\/\/mountlaser.com\/es\/wp-json\/wp\/v2\/product_brand?post=6003"},{"taxonomy":"product_cat","embeddable":true,"href":"https:\/\/mountlaser.com\/es\/wp-json\/wp\/v2\/product_cat?post=6003"},{"taxonomy":"product_tag","embeddable":true,"href":"https:\/\/mountlaser.com\/es\/wp-json\/wp\/v2\/product_tag?post=6003"}],"curies":[{"name":"wp","href":"https:\/\/api.w.org\/{rel}","templated":true}]}}