{"id":5993,"date":"2025-12-19T01:50:19","date_gmt":"2025-12-19T01:50:19","guid":{"rendered":"https:\/\/mountlaser.com\/?post_type=product&#038;p=5993"},"modified":"2025-12-19T01:50:19","modified_gmt":"2025-12-19T01:50:19","slug":"bt150-s3-black-elevator-tripod","status":"publish","type":"product","link":"https:\/\/mountlaser.com\/es\/producto\/bt150-s3-black-elevator-tripod\/","title":{"rendered":"Tr\u00edpode elevador negro BT150-S3"},"content":{"rendered":"<p data-start=\"180\" data-end=\"621\">El<a href=\"https:\/\/mountlaser.com\/es\/\"> <strong data-start=\"184\" data-end=\"218\">Tr\u00edpode elevador negro BT150-S3<\/strong> <\/a>Es una soluci\u00f3n de soporte confiable y profesional dise\u00f1ada para aplicaciones de nivelaci\u00f3n l\u00e1ser y topograf\u00eda. Fabricado con aluminio de \u00f3xido duradero, este tr\u00edpode ofrece una excelente resistencia a la vez que es ligero para facilitar su transporte. Como producto de alta calidad.<a href=\"https:\/\/mountlaser.com\/es\/about-us\/\"> <strong data-start=\"471\" data-end=\"497\">Tr\u00edpode de aluminio para estudio<\/strong><\/a>, El tr\u00edpode elevador negro BT150-S3 proporciona una estabilidad y precisi\u00f3n excepcionales para lugares de trabajo tanto en interiores como en exteriores.<\/p>\n<p data-start=\"623\" data-end=\"1155\">Con un robusto dise\u00f1o de base de herradura, el tr\u00edpode elevador negro BT150-S3 garantiza un contacto firme con el suelo y un mejor equilibrio en superficies irregulares. Esto lo convierte en el tr\u00edpode de aluminio ideal para tareas de dise\u00f1o de obra, transferencia de elevaci\u00f3n y alineaci\u00f3n. Con un rango de altura ajustable de 54 a 162 cm y una altura de trabajo de 50 a 153 cm, el tr\u00edpode elevador negro BT150-S3 se adapta f\u00e1cilmente a diferentes requisitos de trabajo, cumpliendo con los est\u00e1ndares de rendimiento esperados de un tr\u00edpode de aluminio profesional.<\/p>\n<p data-start=\"1157\" data-end=\"1649\">El tr\u00edpode elevador negro BT150-S3 est\u00e1 equipado con un cabezal de aluminio con una rosca est\u00e1ndar de 5\/8\u2033-11, lo que garantiza su compatibilidad con la mayor\u00eda de los niveles l\u00e1ser e instrumentos topogr\u00e1ficos. Para mayor flexibilidad, la versi\u00f3n BT150R-S3 incluye un cabezal inclinable extra\u00edble con una opci\u00f3n de rosca de 1\/4\u2033-20. Esta versatilidad realza a\u00fan m\u00e1s el valor del tr\u00edpode elevador negro BT150-S3, posicion\u00e1ndolo como una herramienta confiable. <a href=\"https:\/\/mountlaser.com\/es\/products\/\">Tr\u00edpode de aluminio para estudio<\/a> Para top\u00f3grafos, ingenieros y profesionales de la construcci\u00f3n.<\/p>\n<p data-start=\"1157\" data-end=\"1649\"><img fetchpriority=\"high\" decoding=\"async\" class=\"aligncenter wp-image-5995\" src=\"https:\/\/mountlaser.com\/wp-content\/uploads\/2025\/12\/BT150P2.webp\" alt=\"BT150-S3 Black Elevator Tripod\" width=\"500\" height=\"500\" srcset=\"https:\/\/mountlaser.com\/wp-content\/uploads\/2025\/12\/BT150P2.webp 1000w, https:\/\/mountlaser.com\/wp-content\/uploads\/2025\/12\/BT150P2-300x300.webp 300w, https:\/\/mountlaser.com\/wp-content\/uploads\/2025\/12\/BT150P2-150x150.webp 150w, https:\/\/mountlaser.com\/wp-content\/uploads\/2025\/12\/BT150P2-768x768.webp 768w, https:\/\/mountlaser.com\/wp-content\/uploads\/2025\/12\/BT150P2-12x12.webp 12w, https:\/\/mountlaser.com\/wp-content\/uploads\/2025\/12\/BT150P2-600x600.webp 600w, https:\/\/mountlaser.com\/wp-content\/uploads\/2025\/12\/BT150P2-800x800.webp 800w, https:\/\/mountlaser.com\/wp-content\/uploads\/2025\/12\/BT150P2-400x400.webp 400w\" sizes=\"(max-width: 500px) 100vw, 500px\" \/><\/p>\n<p data-start=\"1157\" data-end=\"1649\">Especificaciones del tr\u00edpode elevador negro BT150-S3<\/p>\n<div>\n<table style=\"border-collapse: collapse; width: 735.77pt;\" border=\"0\" width=\"981\" cellspacing=\"0\" cellpadding=\"0\">\n<tbody>\n<tr style=\"height: 14.25pt;\">\n<td class=\"et2\" style=\"height: 14.25pt; width: 127.50pt;\" width=\"170\" height=\"19\">N\u00daMERO<\/td>\n<td class=\"et3\" style=\"width: 92.25pt;\" width=\"123\">COLOR<\/td>\n<td class=\"et3\" style=\"width: 77.25pt;\" width=\"103\">MATERIAL<\/td>\n<td class=\"et3\" style=\"width: 96.75pt;\" width=\"129\">ALTURA DEL TR\u00cdPODE<\/td>\n<td class=\"et4\" style=\"width: 141.00pt;\" width=\"188\">ALTURA DE TRABAJO<\/td>\n<td class=\"et3\" style=\"width: 201.00pt;\" width=\"268\">HILO<\/td>\n<\/tr>\n<tr style=\"height: 18.75pt;\">\n<td class=\"et5\" style=\"height: 18.75pt; width: 127.50pt;\" width=\"170\" height=\"25\">BT150-S3<\/td>\n<td class=\"et6\">Negro<\/td>\n<td class=\"et7\">Aluminio<\/td>\n<td class=\"et6\">54-162 cm<\/td>\n<td class=\"et6\">50-153 cm<\/td>\n<td class=\"et6\">Cabezal de aluminio de 5\/8\u2033-11<\/td>\n<\/tr>\n<tr style=\"height: 17.25pt;\">\n<td class=\"et8\" style=\"height: 17.25pt;\" height=\"23\">BT150R-S3<\/td>\n<td class=\"et6\">Negro<\/td>\n<td class=\"et7\">Aluminio<\/td>\n<td class=\"et6\">61-169 cm<\/td>\n<td class=\"et6\">57-160 cm<\/td>\n<td class=\"et6\">Aluminio 5\/8\u2033-11 + Inclinaci\u00f3n extra\u00edble 1\/4\u2033-20<\/td>\n<\/tr>\n<\/tbody>\n<\/table>\n<\/div>","protected":false},"excerpt":{"rendered":"<ul>\n<li>Proporciona un soporte estable para niveles l\u00e1ser e instrumentos topogr\u00e1ficos.<\/li>\n<li>Ajuste de altura tipo ascensor para un posicionamiento preciso<\/li>\n<li>Las patas de herradura mejoran la estabilidad en terrenos irregulares o blandos.<\/li>\n<li>Compatible con instrumentos est\u00e1ndar de 5\/8\u2033-11 y opcionales de 1\/4\u2033-20<\/li>\n<li>Construcci\u00f3n de aluminio ligero para f\u00e1cil transporte y durabilidad.<\/li>\n<\/ul>","protected":false},"featured_media":5997,"comment_status":"open","ping_status":"closed","template":"","meta":[],"product_brand":[],"product_cat":[122,94],"product_tag":[],"class_list":{"0":"post-5993","1":"product","2":"type-product","3":"status-publish","4":"has-post-thumbnail","6":"product_cat-laser-level-tripod","7":"product_cat-laser-level-accessory","9":"first","10":"instock","11":"shipping-taxable","12":"product-type-simple"},"_links":{"self":[{"href":"https:\/\/mountlaser.com\/es\/wp-json\/wp\/v2\/product\/5993","targetHints":{"allow":["GET"]}}],"collection":[{"href":"https:\/\/mountlaser.com\/es\/wp-json\/wp\/v2\/product"}],"about":[{"href":"https:\/\/mountlaser.com\/es\/wp-json\/wp\/v2\/types\/product"}],"replies":[{"embeddable":true,"href":"https:\/\/mountlaser.com\/es\/wp-json\/wp\/v2\/comments?post=5993"}],"wp:featuredmedia":[{"embeddable":true,"href":"https:\/\/mountlaser.com\/es\/wp-json\/wp\/v2\/media\/5997"}],"wp:attachment":[{"href":"https:\/\/mountlaser.com\/es\/wp-json\/wp\/v2\/media?parent=5993"}],"wp:term":[{"taxonomy":"product_brand","embeddable":true,"href":"https:\/\/mountlaser.com\/es\/wp-json\/wp\/v2\/product_brand?post=5993"},{"taxonomy":"product_cat","embeddable":true,"href":"https:\/\/mountlaser.com\/es\/wp-json\/wp\/v2\/product_cat?post=5993"},{"taxonomy":"product_tag","embeddable":true,"href":"https:\/\/mountlaser.com\/es\/wp-json\/wp\/v2\/product_tag?post=5993"}],"curies":[{"name":"wp","href":"https:\/\/api.w.org\/{rel}","templated":true}]}}