{"id":5978,"date":"2025-12-18T06:49:45","date_gmt":"2025-12-18T06:49:45","guid":{"rendered":"https:\/\/mountlaser.com\/?post_type=product&#038;p=5978"},"modified":"2025-12-18T06:49:45","modified_gmt":"2025-12-18T06:49:45","slug":"ys1-120h-laser-level-tripod","status":"publish","type":"product","link":"https:\/\/mountlaser.com\/es\/producto\/ys1-120h-laser-level-tripod\/","title":{"rendered":"Tr\u00edpode de nivel l\u00e1ser YS1-120H"},"content":{"rendered":"<p data-start=\"285\" data-end=\"798\">El <a href=\"https:\/\/mountlaser.com\/es\/\"><strong data-start=\"289\" data-end=\"320\">Tr\u00edpode de nivel l\u00e1ser YS1-120H<\/strong><\/a> Es una soluci\u00f3n de soporte duradera y de calidad profesional dise\u00f1ada para un posicionamiento preciso del nivel l\u00e1ser en obras de construcci\u00f3n y topograf\u00eda. Dise\u00f1ado como un... <a href=\"https:\/\/mountlaser.com\/es\/products\/\"><strong data-start=\"468\" data-end=\"500\">Tr\u00edpode elevador de acero amarillo<\/strong><\/a>, Combina una construcci\u00f3n de acero de alta resistencia con patas estables tipo herradura, lo que garantiza un rendimiento fiable en terrenos irregulares. Como vers\u00e1til tr\u00edpode elevador de acero amarillo, el tr\u00edpode de nivel l\u00e1ser YS1-120H ofrece excelente estabilidad y larga vida \u00fatil para aplicaciones de campo exigentes.<\/p>\n<p data-start=\"800\" data-end=\"1338\">Fabricado en acero de alta resistencia y con un acabado amarillo de alta visibilidad, el tr\u00edpode para nivel l\u00e1ser YS1-120H est\u00e1 dise\u00f1ado para soportar las duras condiciones de trabajo. Este tr\u00edpode elevador de acero amarillo cuenta con un cabezal inclinable extra\u00edble con una rosca est\u00e1ndar de 1\/4\u2033-20, lo que lo hace compatible con una amplia gama de niveles l\u00e1ser e instrumentos de medici\u00f3n. Tanto en interiores como en exteriores, el tr\u00edpode para nivel l\u00e1ser YS1-120H ofrece un ajuste de altura suave y un soporte fiable como tr\u00edpode elevador profesional de acero amarillo.<\/p>\n<p data-start=\"1340\" data-end=\"1795\">Disponible en alturas de 120 cm y 150 cm, el tr\u00edpode para nivel l\u00e1ser YS1-120H es ideal para usuarios que requieren flexibilidad y precisi\u00f3n. Su dise\u00f1o de pie en forma de herradura mejora el agarre y la estabilidad en diversas superficies, mientras que el cabezal inclinable extra\u00edble permite un ajuste preciso del \u00e1ngulo. Dise\u00f1ado para tareas de dise\u00f1o, alineaci\u00f3n y nivelaci\u00f3n en la construcci\u00f3n, este... <a href=\"https:\/\/mountlaser.com\/es\/contact-us\/\">Tr\u00edpode elevador de acero amarillo<\/a> garantiza resultados consistentes en diferentes entornos de trabajo.<\/p>\n<div>\n<table style=\"border-collapse: collapse; width: 1002.02pt;\" border=\"0\" width=\"1336\" cellspacing=\"0\" cellpadding=\"0\">\n<tbody>\n<tr style=\"height: 14.25pt;\">\n<td class=\"et2\" style=\"height: 14.25pt; width: 127.50pt;\" width=\"170\" height=\"19\">N\u00daMERO<\/td>\n<td class=\"et3\" style=\"width: 196.50pt;\" width=\"262\">COLOR<\/td>\n<td class=\"et3\" style=\"width: 213.00pt;\" width=\"284\">MATERIAL<\/td>\n<td class=\"et3\" style=\"width: 93.75pt;\" width=\"125\">ALTURA<\/td>\n<td class=\"et3\" style=\"width: 170.25pt;\" width=\"227\">HILO<\/td>\n<td class=\"et4\" style=\"width: 201.00pt;\" width=\"268\">IMAGEN<\/td>\n<\/tr>\n<tr style=\"height: 14.25pt;\">\n<td class=\"et5\" style=\"height: 14.25pt;\" height=\"19\">YS1-120H<\/td>\n<td class=\"et5\">Amarillo<\/td>\n<td class=\"et5\">Acero<\/td>\n<td class=\"et5\">120 cent\u00edmetros<\/td>\n<td class=\"et5\">5\/8\u2033-11<\/td>\n<td class=\"et6\"><img fetchpriority=\"high\" decoding=\"async\" class=\"aligncenter wp-image-5981\" src=\"https:\/\/mountlaser.com\/wp-content\/uploads\/2025\/12\/YS1150H3.webp\" alt=\"YS1-120H Laser Level Tripod\" width=\"500\" height=\"500\" srcset=\"https:\/\/mountlaser.com\/wp-content\/uploads\/2025\/12\/YS1150H3.webp 1000w, https:\/\/mountlaser.com\/wp-content\/uploads\/2025\/12\/YS1150H3-300x300.webp 300w, https:\/\/mountlaser.com\/wp-content\/uploads\/2025\/12\/YS1150H3-150x150.webp 150w, https:\/\/mountlaser.com\/wp-content\/uploads\/2025\/12\/YS1150H3-768x768.webp 768w, https:\/\/mountlaser.com\/wp-content\/uploads\/2025\/12\/YS1150H3-12x12.webp 12w, https:\/\/mountlaser.com\/wp-content\/uploads\/2025\/12\/YS1150H3-600x600.webp 600w, https:\/\/mountlaser.com\/wp-content\/uploads\/2025\/12\/YS1150H3-800x800.webp 800w, https:\/\/mountlaser.com\/wp-content\/uploads\/2025\/12\/YS1150H3-400x400.webp 400w\" sizes=\"(max-width: 500px) 100vw, 500px\" \/><\/td>\n<\/tr>\n<tr style=\"height: 14.25pt;\">\n<td class=\"et5\" style=\"height: 14.25pt;\" height=\"19\">YS1-150H<\/td>\n<td class=\"et5\">Amarillo<\/td>\n<td class=\"et5\">Acero<\/td>\n<td class=\"et5\">150 cent\u00edmetros<\/td>\n<td class=\"et5\">5\/8\u2033-11<\/td>\n<td class=\"et6\"><img decoding=\"async\" class=\"alignnone wp-image-5983\" src=\"https:\/\/mountlaser.com\/wp-content\/uploads\/2025\/12\/YS1150H5.webp\" alt=\"YS1-120H Laser Level Tripod\" width=\"500\" height=\"500\" srcset=\"https:\/\/mountlaser.com\/wp-content\/uploads\/2025\/12\/YS1150H5.webp 1000w, https:\/\/mountlaser.com\/wp-content\/uploads\/2025\/12\/YS1150H5-300x300.webp 300w, https:\/\/mountlaser.com\/wp-content\/uploads\/2025\/12\/YS1150H5-150x150.webp 150w, https:\/\/mountlaser.com\/wp-content\/uploads\/2025\/12\/YS1150H5-768x768.webp 768w, https:\/\/mountlaser.com\/wp-content\/uploads\/2025\/12\/YS1150H5-12x12.webp 12w, https:\/\/mountlaser.com\/wp-content\/uploads\/2025\/12\/YS1150H5-600x600.webp 600w, https:\/\/mountlaser.com\/wp-content\/uploads\/2025\/12\/YS1150H5-800x800.webp 800w, https:\/\/mountlaser.com\/wp-content\/uploads\/2025\/12\/YS1150H5-400x400.webp 400w\" sizes=\"(max-width: 500px) 100vw, 500px\" \/><\/td>\n<\/tr>\n<\/tbody>\n<\/table>\n<\/div>","protected":false},"excerpt":{"rendered":"<ul>\n<li>Proporciona un soporte estable y seguro para los niveles l\u00e1ser durante las tareas de medici\u00f3n y alineaci\u00f3n.<\/li>\n<li>El dise\u00f1o del elevador ajustable permite un posicionamiento de altura preciso para una proyecci\u00f3n l\u00e1ser precisa<\/li>\n<li>El cabezal inclinable extra\u00edble permite un ajuste flexible del \u00e1ngulo para una mejor usabilidad.<\/li>\n<li>Los pies tipo herradura mejoran la estabilidad en superficies irregulares o blandas.<\/li>\n<li>El acabado amarillo de alta visibilidad aumenta la seguridad en el sitio y el reconocimiento de herramientas.<\/li>\n<\/ul>","protected":false},"featured_media":5980,"comment_status":"open","ping_status":"closed","template":"","meta":[],"product_brand":[],"product_cat":[122,94],"product_tag":[],"class_list":{"0":"post-5978","1":"product","2":"type-product","3":"status-publish","4":"has-post-thumbnail","6":"product_cat-laser-level-tripod","7":"product_cat-laser-level-accessory","9":"first","10":"instock","11":"shipping-taxable","12":"product-type-simple"},"_links":{"self":[{"href":"https:\/\/mountlaser.com\/es\/wp-json\/wp\/v2\/product\/5978","targetHints":{"allow":["GET"]}}],"collection":[{"href":"https:\/\/mountlaser.com\/es\/wp-json\/wp\/v2\/product"}],"about":[{"href":"https:\/\/mountlaser.com\/es\/wp-json\/wp\/v2\/types\/product"}],"replies":[{"embeddable":true,"href":"https:\/\/mountlaser.com\/es\/wp-json\/wp\/v2\/comments?post=5978"}],"wp:featuredmedia":[{"embeddable":true,"href":"https:\/\/mountlaser.com\/es\/wp-json\/wp\/v2\/media\/5980"}],"wp:attachment":[{"href":"https:\/\/mountlaser.com\/es\/wp-json\/wp\/v2\/media?parent=5978"}],"wp:term":[{"taxonomy":"product_brand","embeddable":true,"href":"https:\/\/mountlaser.com\/es\/wp-json\/wp\/v2\/product_brand?post=5978"},{"taxonomy":"product_cat","embeddable":true,"href":"https:\/\/mountlaser.com\/es\/wp-json\/wp\/v2\/product_cat?post=5978"},{"taxonomy":"product_tag","embeddable":true,"href":"https:\/\/mountlaser.com\/es\/wp-json\/wp\/v2\/product_tag?post=5978"}],"curies":[{"name":"wp","href":"https:\/\/api.w.org\/{rel}","templated":true}]}}