{"id":5952,"date":"2025-12-16T03:15:21","date_gmt":"2025-12-16T03:15:21","guid":{"rendered":"https:\/\/mountlaser.com\/?post_type=product&#038;p=5952"},"modified":"2025-12-16T03:15:22","modified_gmt":"2025-12-16T03:15:22","slug":"sc82001-82002-soft-case","status":"publish","type":"product","link":"https:\/\/mountlaser.com\/es\/producto\/sc82001-82002-soft-case\/","title":{"rendered":"Estuche blando SC82001"},"content":{"rendered":"<p>El <a href=\"https:\/\/mountlaser.com\/es\/\"><strong>Estuche blando SC82001\/82002<\/strong><\/a> Es un soporte profesional para latas de aerosol con bolsillos y clip, dise\u00f1ado espec\u00edficamente para top\u00f3grafos y profesionales de la construcci\u00f3n que necesitan un acceso r\u00e1pido y organizado a sus herramientas de marcado en el campo. Fabricado con nailon Cordura 1000D de alta resistencia, el estuche blando SC82001\/82002 ofrece una excelente resistencia al desgarro y la abrasi\u00f3n para un uso prolongado en exteriores. Vers\u00e1til. <a href=\"https:\/\/mountlaser.com\/es\/categoria-producto\/surveying-accessory\/\"><strong>Porta latas de aerosol con bolsillos y clip<\/strong><\/a>, Sujeta de forma segura una lata de pintura est\u00e1ndar o dos latas de bebida de 355 ml (12 oz), junto con accesorios esenciales como bol\u00edgrafos, l\u00e1pices y reglas plegables. El estuche blando SC82001\/82002 cuenta con correas de seguridad de velcro y un bolsillo r\u00edgido para latas que facilita el acceso, mientras que el soporte para latas de aerosol con bolsillos y clip garantiza que todo se mantenga firmemente en su lugar durante el transporte. Para mayor espacio de almacenamiento, la versi\u00f3n SC82002 del estuche blando SC82001\/82002 incluye un bolsillo horizontal con cremallera en la parte inferior, lo que mejora la funcionalidad de este soporte para latas de aerosol con bolsillos y clip para lugares de trabajo exigentes.<\/p>\n<p><img fetchpriority=\"high\" decoding=\"async\" class=\"aligncenter wp-image-5953\" src=\"https:\/\/mountlaser.com\/wp-content\/uploads\/2025\/12\/SC82001.webp\" alt=\"SC82001\/82002 Soft case\" width=\"500\" height=\"500\" srcset=\"https:\/\/mountlaser.com\/wp-content\/uploads\/2025\/12\/SC82001.webp 1000w, https:\/\/mountlaser.com\/wp-content\/uploads\/2025\/12\/SC82001-300x300.webp 300w, https:\/\/mountlaser.com\/wp-content\/uploads\/2025\/12\/SC82001-150x150.webp 150w, https:\/\/mountlaser.com\/wp-content\/uploads\/2025\/12\/SC82001-768x768.webp 768w, https:\/\/mountlaser.com\/wp-content\/uploads\/2025\/12\/SC82001-12x12.webp 12w, https:\/\/mountlaser.com\/wp-content\/uploads\/2025\/12\/SC82001-600x600.webp 600w, https:\/\/mountlaser.com\/wp-content\/uploads\/2025\/12\/SC82001-800x800.webp 800w, https:\/\/mountlaser.com\/wp-content\/uploads\/2025\/12\/SC82001-400x400.webp 400w\" sizes=\"(max-width: 500px) 100vw, 500px\" \/><\/p>\n<p>El <a href=\"https:\/\/mountlaser.com\/es\/contact-us\/\">Estuche blando SC82001\/82002<\/a> Es un soporte para latas de aerosol resistente y pr\u00e1ctico con bolsillos y clip, que ofrece durabilidad, organizaci\u00f3n y conveniencia para tareas profesionales de topograf\u00eda y marcado de construcci\u00f3n.<\/p>","protected":false},"excerpt":{"rendered":"<ul>\n<li>Funciona como un soporte duradero para latas de aerosol con bolsillos y clip para marcar el campo.<\/li>\n<li>M\u00faltiples bolsillos para bol\u00edgrafos, l\u00e1pices y reglas plegables.<\/li>\n<li>Las correas de seguridad con velcro mantienen las herramientas estables durante el movimiento<\/li>\n<li>Presilla para cintur\u00f3n de 2\u2033 de ancho con cinta de nailon reforzada<\/li>\n<li>Clip de pl\u00e1stico resistente para una fijaci\u00f3n segura al cintur\u00f3n<\/li>\n<li>SC82002 incluye un bolsillo inferior con cremallera para almacenamiento adicional<\/li>\n<\/ul>","protected":false},"featured_media":5953,"comment_status":"open","ping_status":"closed","template":"","meta":[],"product_brand":[],"product_cat":[164,79],"product_tag":[],"class_list":{"0":"post-5952","1":"product","2":"type-product","3":"status-publish","4":"has-post-thumbnail","6":"product_cat-soft-case","7":"product_cat-surveying-accessory","9":"first","10":"instock","11":"shipping-taxable","12":"product-type-simple"},"_links":{"self":[{"href":"https:\/\/mountlaser.com\/es\/wp-json\/wp\/v2\/product\/5952","targetHints":{"allow":["GET"]}}],"collection":[{"href":"https:\/\/mountlaser.com\/es\/wp-json\/wp\/v2\/product"}],"about":[{"href":"https:\/\/mountlaser.com\/es\/wp-json\/wp\/v2\/types\/product"}],"replies":[{"embeddable":true,"href":"https:\/\/mountlaser.com\/es\/wp-json\/wp\/v2\/comments?post=5952"}],"wp:featuredmedia":[{"embeddable":true,"href":"https:\/\/mountlaser.com\/es\/wp-json\/wp\/v2\/media\/5953"}],"wp:attachment":[{"href":"https:\/\/mountlaser.com\/es\/wp-json\/wp\/v2\/media?parent=5952"}],"wp:term":[{"taxonomy":"product_brand","embeddable":true,"href":"https:\/\/mountlaser.com\/es\/wp-json\/wp\/v2\/product_brand?post=5952"},{"taxonomy":"product_cat","embeddable":true,"href":"https:\/\/mountlaser.com\/es\/wp-json\/wp\/v2\/product_cat?post=5952"},{"taxonomy":"product_tag","embeddable":true,"href":"https:\/\/mountlaser.com\/es\/wp-json\/wp\/v2\/product_tag?post=5952"}],"curies":[{"name":"wp","href":"https:\/\/api.w.org\/{rel}","templated":true}]}}