{"id":5934,"date":"2025-12-15T09:26:34","date_gmt":"2025-12-15T09:26:34","guid":{"rendered":"https:\/\/mountlaser.com\/?post_type=product&#038;p=5934"},"modified":"2025-12-15T09:26:34","modified_gmt":"2025-12-15T09:26:34","slug":"gfz4-diagonal-eyepiece","status":"publish","type":"product","link":"https:\/\/mountlaser.com\/es\/producto\/gfz4-diagonal-eyepiece\/","title":{"rendered":"Ocular diagonal GFZ4"},"content":{"rendered":"<p>El <strong data-start=\"139\" data-end=\"165\"><a href=\"https:\/\/mountlaser.com\/es\/\">Ocular diagonal GFZ4<\/a>e<\/strong> Es un accesorio \u00f3ptico de alta calidad dise\u00f1ado para mejorar la comodidad de visualizaci\u00f3n y la eficiencia operativa al trabajar con estaciones totales. Como ocular diagonal para estaciones totales, redirige el \u00e1ngulo de visi\u00f3n para reducir la fatiga ocular y del cuello durante observaciones prolongadas, especialmente en posiciones bajas o inc\u00f3modas del instrumento. El ocular diagonal GFZ4 presenta un dise\u00f1o de rosca, espec\u00edficamente compatible con estaciones totales suizas, lo que garantiza una instalaci\u00f3n segura y un rendimiento estable. Disponible en acabados verde y negro, este... <a href=\"https:\/\/mountlaser.com\/es\/categoria-producto\/surveying-accessory\/\"><strong data-start=\"702\" data-end=\"741\">ocular diagonal para estaci\u00f3n total<\/strong><\/a> Combina durabilidad con una alineaci\u00f3n \u00f3ptica precisa.<\/p>\n<p><img fetchpriority=\"high\" decoding=\"async\" class=\"aligncenter wp-image-5926\" src=\"https:\/\/mountlaser.com\/wp-content\/uploads\/2025\/12\/GFZ4\u9ed1.webp\" alt=\"GFZ4 Diagonal Eyepiece\" width=\"500\" height=\"500\" srcset=\"https:\/\/mountlaser.com\/wp-content\/uploads\/2025\/12\/GFZ4\u9ed1.webp 1000w, https:\/\/mountlaser.com\/wp-content\/uploads\/2025\/12\/GFZ4\u9ed1-300x300.webp 300w, https:\/\/mountlaser.com\/wp-content\/uploads\/2025\/12\/GFZ4\u9ed1-150x150.webp 150w, https:\/\/mountlaser.com\/wp-content\/uploads\/2025\/12\/GFZ4\u9ed1-768x768.webp 768w, https:\/\/mountlaser.com\/wp-content\/uploads\/2025\/12\/GFZ4\u9ed1-12x12.webp 12w, https:\/\/mountlaser.com\/wp-content\/uploads\/2025\/12\/GFZ4\u9ed1-600x600.webp 600w, https:\/\/mountlaser.com\/wp-content\/uploads\/2025\/12\/GFZ4\u9ed1-800x800.webp 800w, https:\/\/mountlaser.com\/wp-content\/uploads\/2025\/12\/GFZ4\u9ed1-400x400.webp 400w\" sizes=\"(max-width: 500px) 100vw, 500px\" \/><\/p>\n<p>Ya sea que se utilice para mediciones de rutina o para tareas de topograf\u00eda extendidas, el <a href=\"https:\/\/mountlaser.com\/es\/contact-us\/\"><strong data-start=\"865\" data-end=\"891\">Ocular diagonal GFZ4<\/strong><\/a> Proporciona una soluci\u00f3n confiable y ergon\u00f3mica, lo que lo convierte en un ocular diagonal esencial para aplicaciones de estaci\u00f3n total.<\/p>","protected":false},"excerpt":{"rendered":"<ul>\n<li>Mejora la ergonom\u00eda de visualizaci\u00f3n al cambiar el \u00e1ngulo de observaci\u00f3n.<\/li>\n<li>Reduce la fatiga del operador durante largas sesiones de inspecci\u00f3n.<\/li>\n<li>La conexi\u00f3n tipo tornillo garantiza un montaje firme y preciso<\/li>\n<li>Compatible con instrumentos de estaci\u00f3n total suizos<\/li>\n<li>Disponible en opciones de color verde y negro.<\/li>\n<\/ul>","protected":false},"featured_media":5931,"comment_status":"open","ping_status":"closed","template":"","meta":[],"product_brand":[],"product_cat":[166,79],"product_tag":[],"class_list":{"0":"post-5934","1":"product","2":"type-product","3":"status-publish","4":"has-post-thumbnail","6":"product_cat-diagonal-eyepiece","7":"product_cat-surveying-accessory","9":"first","10":"instock","11":"shipping-taxable","12":"product-type-simple"},"_links":{"self":[{"href":"https:\/\/mountlaser.com\/es\/wp-json\/wp\/v2\/product\/5934","targetHints":{"allow":["GET"]}}],"collection":[{"href":"https:\/\/mountlaser.com\/es\/wp-json\/wp\/v2\/product"}],"about":[{"href":"https:\/\/mountlaser.com\/es\/wp-json\/wp\/v2\/types\/product"}],"replies":[{"embeddable":true,"href":"https:\/\/mountlaser.com\/es\/wp-json\/wp\/v2\/comments?post=5934"}],"wp:featuredmedia":[{"embeddable":true,"href":"https:\/\/mountlaser.com\/es\/wp-json\/wp\/v2\/media\/5931"}],"wp:attachment":[{"href":"https:\/\/mountlaser.com\/es\/wp-json\/wp\/v2\/media?parent=5934"}],"wp:term":[{"taxonomy":"product_brand","embeddable":true,"href":"https:\/\/mountlaser.com\/es\/wp-json\/wp\/v2\/product_brand?post=5934"},{"taxonomy":"product_cat","embeddable":true,"href":"https:\/\/mountlaser.com\/es\/wp-json\/wp\/v2\/product_cat?post=5934"},{"taxonomy":"product_tag","embeddable":true,"href":"https:\/\/mountlaser.com\/es\/wp-json\/wp\/v2\/product_tag?post=5934"}],"curies":[{"name":"wp","href":"https:\/\/api.w.org\/{rel}","templated":true}]}}