{"id":5918,"date":"2025-12-15T09:06:43","date_gmt":"2025-12-15T09:06:43","guid":{"rendered":"https:\/\/mountlaser.com\/?post_type=product&#038;p=5918"},"modified":"2025-12-15T09:09:10","modified_gmt":"2025-12-15T09:09:10","slug":"de20-diagonal-eyepiece","status":"publish","type":"product","link":"https:\/\/mountlaser.com\/es\/producto\/de20-diagonal-eyepiece\/","title":{"rendered":"Ocular diagonal DE20"},"content":{"rendered":"<p>Aumente la comodidad y la precisi\u00f3n de su trabajo de campo con Mountlaser <a href=\"https:\/\/mountlaser.com\/es\/\">Ocular diagonal DE20<\/a>. Este accesorio esencial est\u00e1 dise\u00f1ado para integrarse perfectamente con su estaci\u00f3n total, ofreciendo una soluci\u00f3n de visualizaci\u00f3n superior para mediciones complejas. Como un accesorio dedicado <strong><a href=\"https:\/\/mountlaser.com\/es\/\">Ocular diagonal para estaci\u00f3n total<\/a><\/strong>, El modelo DE20 transforma su flujo de trabajo al permitir una postura de observaci\u00f3n m\u00e1s ergon\u00f3mica.<\/p>\n<p>La funci\u00f3n principal de este ocular angular de alta calidad para estaci\u00f3n total es reducir la tensi\u00f3n en el cuello y la espalda del operador. Al ofrecer un \u00e1ngulo de visi\u00f3n de 45 grados, elimina la necesidad de agacharse o inclinarse en posiciones inc\u00f3modas al observar a trav\u00e9s del telescopio. Este dise\u00f1o ergon\u00f3mico contribuye directamente a un mejor enfoque y a una menor fatiga durante sesiones de levantamiento prolongadas, lo que resulta en una recopilaci\u00f3n de datos m\u00e1s fiable y consistente.<\/p>\n<p><img fetchpriority=\"high\" decoding=\"async\" class=\"aligncenter wp-image-5920\" src=\"https:\/\/mountlaser.com\/wp-content\/uploads\/2025\/12\/DE202.webp\" alt=\"Total Station Angled Eyepiece\" width=\"500\" height=\"500\" srcset=\"https:\/\/mountlaser.com\/wp-content\/uploads\/2025\/12\/DE202.webp 1000w, https:\/\/mountlaser.com\/wp-content\/uploads\/2025\/12\/DE202-300x300.webp 300w, https:\/\/mountlaser.com\/wp-content\/uploads\/2025\/12\/DE202-150x150.webp 150w, https:\/\/mountlaser.com\/wp-content\/uploads\/2025\/12\/DE202-768x768.webp 768w, https:\/\/mountlaser.com\/wp-content\/uploads\/2025\/12\/DE202-12x12.webp 12w, https:\/\/mountlaser.com\/wp-content\/uploads\/2025\/12\/DE202-600x600.webp 600w, https:\/\/mountlaser.com\/wp-content\/uploads\/2025\/12\/DE202-800x800.webp 800w, https:\/\/mountlaser.com\/wp-content\/uploads\/2025\/12\/DE202-400x400.webp 400w\" sizes=\"(max-width: 500px) 100vw, 500px\" \/><\/p>\n<p>Dise\u00f1ado espec\u00edficamente para su compatibilidad, este ocular diagonal para estaci\u00f3n total es el complemento perfecto para los modelos LDT, como los 302, 302L, 402E, 402EL, 402A y 402AL. Su construcci\u00f3n de precisi\u00f3n garantiza un ajuste seguro y mantiene la integridad \u00f3ptica del instrumento.<\/p>\n<p>&nbsp;<\/p>\n<p>&nbsp;<\/p>","protected":false},"excerpt":{"rendered":"<ul>\n<li>El ocular diagonal Mountlaser DE20 es una actualizaci\u00f3n vital para cualquier top\u00f3grafo.<\/li>\n<li>El ocular en \u00e1ngulo para estaci\u00f3n total combina magistralmente la comodidad ergon\u00f3mica con la precisi\u00f3n \u00f3ptica, abordando directamente un desaf\u00edo f\u00edsico com\u00fan en el trabajo de campo.<\/li>\n<li>Al facilitar un \u00e1ngulo de visi\u00f3n m\u00e1s natural, ayuda a prevenir la tensi\u00f3n, minimizar los errores y aumentar la productividad general.<\/li>\n<\/ul>","protected":false},"featured_media":5919,"comment_status":"open","ping_status":"closed","template":"","meta":[],"product_brand":[],"product_cat":[144,166,79,95],"product_tag":[],"class_list":{"0":"post-5918","1":"product","2":"type-product","3":"status-publish","4":"has-post-thumbnail","6":"product_cat-theodoliteagent-sales","7":"product_cat-diagonal-eyepiece","8":"product_cat-surveying-accessory","9":"product_cat-agent-sales","11":"first","12":"instock","13":"shipping-taxable","14":"product-type-simple"},"_links":{"self":[{"href":"https:\/\/mountlaser.com\/es\/wp-json\/wp\/v2\/product\/5918","targetHints":{"allow":["GET"]}}],"collection":[{"href":"https:\/\/mountlaser.com\/es\/wp-json\/wp\/v2\/product"}],"about":[{"href":"https:\/\/mountlaser.com\/es\/wp-json\/wp\/v2\/types\/product"}],"replies":[{"embeddable":true,"href":"https:\/\/mountlaser.com\/es\/wp-json\/wp\/v2\/comments?post=5918"}],"wp:featuredmedia":[{"embeddable":true,"href":"https:\/\/mountlaser.com\/es\/wp-json\/wp\/v2\/media\/5919"}],"wp:attachment":[{"href":"https:\/\/mountlaser.com\/es\/wp-json\/wp\/v2\/media?parent=5918"}],"wp:term":[{"taxonomy":"product_brand","embeddable":true,"href":"https:\/\/mountlaser.com\/es\/wp-json\/wp\/v2\/product_brand?post=5918"},{"taxonomy":"product_cat","embeddable":true,"href":"https:\/\/mountlaser.com\/es\/wp-json\/wp\/v2\/product_cat?post=5918"},{"taxonomy":"product_tag","embeddable":true,"href":"https:\/\/mountlaser.com\/es\/wp-json\/wp\/v2\/product_tag?post=5918"}],"curies":[{"name":"wp","href":"https:\/\/api.w.org\/{rel}","templated":true}]}}