{"id":5912,"date":"2025-12-15T08:11:11","date_gmt":"2025-12-15T08:11:11","guid":{"rendered":"https:\/\/mountlaser.com\/?post_type=product&#038;p=5912"},"modified":"2025-12-15T08:11:12","modified_gmt":"2025-12-15T08:11:12","slug":"sc-ta02-soft-case","status":"publish","type":"product","link":"https:\/\/mountlaser.com\/es\/producto\/sc-ta02-soft-case\/","title":{"rendered":"Estuche blando SC-TA02"},"content":{"rendered":"<p data-start=\"111\" data-end=\"598\">El <a href=\"https:\/\/mountlaser.com\/es\/\"><strong data-start=\"115\" data-end=\"136\">Estuche blando SC-TA02<\/strong><\/a> Es duradero y pr\u00e1ctico. <a href=\"https:\/\/mountlaser.com\/es\/categoria-producto\/surveying-accessory\/\"><strong data-start=\"164\" data-end=\"209\">Estuche blando cuadrado para base nivelante y adaptador<\/strong><\/a>, Especialmente dise\u00f1ado para proteger accesorios de topograf\u00eda de precisi\u00f3n durante el transporte y almacenamiento. Con un exterior amarillo de alta visibilidad, correas negras y un interior protector negro, el estuche blando SC-TA02 combina seguridad, durabilidad y un aspecto profesional para el uso diario en campo. Su dise\u00f1o cuadrado garantiza un ajuste preciso para bases nivelantes y adaptadores, minimizando el movimiento dentro del estuche.<\/p>\n<p data-start=\"111\" data-end=\"598\"><img fetchpriority=\"high\" decoding=\"async\" class=\"aligncenter wp-image-5767\" src=\"https:\/\/mountlaser.com\/wp-content\/uploads\/2025\/12\/SC-TA026.webp\" alt=\"SC-TA02 soft case\" width=\"500\" height=\"500\" srcset=\"https:\/\/mountlaser.com\/wp-content\/uploads\/2025\/12\/SC-TA026.webp 1000w, https:\/\/mountlaser.com\/wp-content\/uploads\/2025\/12\/SC-TA026-300x300.webp 300w, https:\/\/mountlaser.com\/wp-content\/uploads\/2025\/12\/SC-TA026-150x150.webp 150w, https:\/\/mountlaser.com\/wp-content\/uploads\/2025\/12\/SC-TA026-768x768.webp 768w, https:\/\/mountlaser.com\/wp-content\/uploads\/2025\/12\/SC-TA026-12x12.webp 12w, https:\/\/mountlaser.com\/wp-content\/uploads\/2025\/12\/SC-TA026-600x600.webp 600w, https:\/\/mountlaser.com\/wp-content\/uploads\/2025\/12\/SC-TA026-800x800.webp 800w, https:\/\/mountlaser.com\/wp-content\/uploads\/2025\/12\/SC-TA026-400x400.webp 400w\" sizes=\"(max-width: 500px) 100vw, 500px\" \/><\/p>\n<p data-start=\"600\" data-end=\"1053\">Con una suave apertura superior con cremallera, el estuche blando SC-TA02 permite un acceso r\u00e1pido y sencillo al equipo, manteniendo un cierre seguro. Como estuche blando cuadrado y fiable para base nivelante y adaptador, protege contra el polvo, los ara\u00f1azos y los impactos leves. Tanto en obras como durante el transporte, este... <a href=\"https:\/\/mountlaser.com\/es\/contact-us\/\">Estuche blando cuadrado para base nivelante y adaptador<\/a> Ofrece protecci\u00f3n confiable y extiende la vida \u00fatil de sus herramientas de topograf\u00eda.<\/p>","protected":false},"excerpt":{"rendered":"<ul>\n<li>Tipo: Estuche blando cuadrado para base nivelante y adaptador<\/li>\n<li>Dise\u00f1o: Forma cuadrada para una colocaci\u00f3n estable del equipo.<\/li>\n<li>Exterior: Carcasa amarilla con correas negras para una alta visibilidad.<\/li>\n<li>Protege las bases nivelantes y los adaptadores del polvo, los ara\u00f1azos y los peque\u00f1os impactos.<\/li>\n<li>Mantiene el equipo organizado y seguro durante el transporte.<\/li>\n<li>Permite un acceso r\u00e1pido con un dise\u00f1o de cremallera superior duradero.<\/li>\n<\/ul>","protected":false},"featured_media":5767,"comment_status":"open","ping_status":"closed","template":"","meta":[],"product_brand":[],"product_cat":[164,79],"product_tag":[],"class_list":{"0":"post-5912","1":"product","2":"type-product","3":"status-publish","4":"has-post-thumbnail","6":"product_cat-soft-case","7":"product_cat-surveying-accessory","9":"first","10":"instock","11":"shipping-taxable","12":"product-type-simple"},"_links":{"self":[{"href":"https:\/\/mountlaser.com\/es\/wp-json\/wp\/v2\/product\/5912","targetHints":{"allow":["GET"]}}],"collection":[{"href":"https:\/\/mountlaser.com\/es\/wp-json\/wp\/v2\/product"}],"about":[{"href":"https:\/\/mountlaser.com\/es\/wp-json\/wp\/v2\/types\/product"}],"replies":[{"embeddable":true,"href":"https:\/\/mountlaser.com\/es\/wp-json\/wp\/v2\/comments?post=5912"}],"wp:featuredmedia":[{"embeddable":true,"href":"https:\/\/mountlaser.com\/es\/wp-json\/wp\/v2\/media\/5767"}],"wp:attachment":[{"href":"https:\/\/mountlaser.com\/es\/wp-json\/wp\/v2\/media?parent=5912"}],"wp:term":[{"taxonomy":"product_brand","embeddable":true,"href":"https:\/\/mountlaser.com\/es\/wp-json\/wp\/v2\/product_brand?post=5912"},{"taxonomy":"product_cat","embeddable":true,"href":"https:\/\/mountlaser.com\/es\/wp-json\/wp\/v2\/product_cat?post=5912"},{"taxonomy":"product_tag","embeddable":true,"href":"https:\/\/mountlaser.com\/es\/wp-json\/wp\/v2\/product_tag?post=5912"}],"curies":[{"name":"wp","href":"https:\/\/api.w.org\/{rel}","templated":true}]}}