{"id":5901,"date":"2025-12-15T07:01:26","date_gmt":"2025-12-15T07:01:26","guid":{"rendered":"https:\/\/mountlaser.com\/?post_type=product&#038;p=5901"},"modified":"2025-12-15T07:10:17","modified_gmt":"2025-12-15T07:10:17","slug":"sn06-surveying-nail","status":"publish","type":"product","link":"https:\/\/mountlaser.com\/es\/producto\/sn06-surveying-nail\/","title":{"rendered":"Clavo de topograf\u00eda SN06"},"content":{"rendered":"<div>\n<p data-start=\"114\" data-end=\"619\">El<a href=\"https:\/\/mountlaser.com\/es\/\"> <strong data-start=\"118\" data-end=\"141\">Clavo de topograf\u00eda SN06<\/strong><\/a> Es un marcador topogr\u00e1fico profesional y duradero, dise\u00f1ado para establecer e identificar puntos de referencia precisos en el terreno con alta precisi\u00f3n y fiabilidad. Fabricado en hierro galvanizado de alta calidad, el clavo topogr\u00e1fico SN06 ofrece una excelente resistencia a la corrosi\u00f3n y un rendimiento duradero en entornos exteriores exigentes. Su dise\u00f1o de cabeza redonda y plana lo convierte en un... <a href=\"https:\/\/mountlaser.com\/es\/categoria-producto\/surveying-accessory\/\"><strong data-start=\"510\" data-end=\"546\">Clavo de topograf\u00eda con cabeza redonda plana<\/strong><\/a>, garantizando una visibilidad clara y una ubicaci\u00f3n estable durante las operaciones de campo.<\/p>\n<p data-start=\"621\" data-end=\"1151\">Ampliamente utilizado en levantamientos de ingenier\u00eda, dise\u00f1o de obra y cartograf\u00eda catastral, el clavo topogr\u00e1fico SN06 proporciona un punto de referencia estable y duradero para mediciones cr\u00edticas. Disponible en di\u00e1metros de 8,8 mm y longitudes de 55 mm y 100 mm, el... <a href=\"https:\/\/mountlaser.com\/es\/contact-us\/\">Clavo de topograf\u00eda SN06<\/a> Se adapta f\u00e1cilmente a diferentes condiciones del terreno. Como clavo topogr\u00e1fico profesional con cabeza redonda plana, ofrece f\u00e1cil instalaci\u00f3n, anclaje firme y posicionamiento uniforme, lo que lo convierte en una herramienta esencial para top\u00f3grafos que priorizan la precisi\u00f3n y la durabilidad.<\/p>\n<table style=\"border-collapse: collapse; width: 1002.02pt;\" border=\"0\" width=\"1336\" cellspacing=\"0\" cellpadding=\"0\">\n<tbody>\n<tr style=\"height: 14.25pt;\">\n<td class=\"et2\" style=\"height: 14.25pt; width: 127.50pt;\" width=\"170\" height=\"19\">N\u00daMERO<\/td>\n<td class=\"et3\" style=\"width: 196.50pt;\" width=\"262\">MEATRIAL<\/td>\n<td class=\"et3\" style=\"width: 213.00pt;\" width=\"284\">DI\u00c1METRO D<\/td>\n<td class=\"et3\" style=\"width: 93.75pt;\" width=\"125\">TALLA L<\/td>\n<td class=\"et3\" style=\"width: 170.25pt;\" width=\"227\">Cantidad m\u00ednima de pedido (piezas)<\/td>\n<td class=\"et4\" style=\"width: 201.00pt;\" width=\"268\">IMAGEN<\/td>\n<\/tr>\n<tr style=\"height: 14.25pt;\">\n<td class=\"et5\" style=\"height: 14.25pt;\" height=\"19\">SN06-88055\/88100<\/td>\n<td class=\"et5\">Hierro galvanizado<\/td>\n<td class=\"et5\">8,8 mm<\/td>\n<td class=\"et5\">55\/100 mm<\/td>\n<td class=\"et6\">1000<\/td>\n<td class=\"et7\"><img fetchpriority=\"high\" decoding=\"async\" class=\"alignnone wp-image-5904\" src=\"https:\/\/mountlaser.com\/wp-content\/uploads\/2025\/12\/SN063.webp\" alt=\"SN06 Surveying Nail\" width=\"500\" height=\"500\" srcset=\"https:\/\/mountlaser.com\/wp-content\/uploads\/2025\/12\/SN063.webp 1000w, https:\/\/mountlaser.com\/wp-content\/uploads\/2025\/12\/SN063-300x300.webp 300w, https:\/\/mountlaser.com\/wp-content\/uploads\/2025\/12\/SN063-150x150.webp 150w, https:\/\/mountlaser.com\/wp-content\/uploads\/2025\/12\/SN063-768x768.webp 768w, https:\/\/mountlaser.com\/wp-content\/uploads\/2025\/12\/SN063-12x12.webp 12w, https:\/\/mountlaser.com\/wp-content\/uploads\/2025\/12\/SN063-600x600.webp 600w, https:\/\/mountlaser.com\/wp-content\/uploads\/2025\/12\/SN063-800x800.webp 800w, https:\/\/mountlaser.com\/wp-content\/uploads\/2025\/12\/SN063-400x400.webp 400w\" sizes=\"(max-width: 500px) 100vw, 500px\" \/><\/td>\n<\/tr>\n<\/tbody>\n<\/table>\n<\/div>","protected":false},"excerpt":{"rendered":"<ul>\n<li>Material: Hierro galvanizado para mayor resistencia y resistencia a la corrosi\u00f3n.<\/li>\n<li>Dise\u00f1o de cabeza redonda plana para mayor visibilidad y estabilidad.<\/li>\n<li>Clavo de topograf\u00eda confiable con cabeza redonda plana para aplicaciones de topograf\u00eda profesionales<\/li>\n<\/ul>","protected":false},"featured_media":5902,"comment_status":"open","ping_status":"closed","template":"","meta":[],"product_brand":[],"product_cat":[152,79],"product_tag":[],"class_list":{"0":"post-5901","1":"product","2":"type-product","3":"status-publish","4":"has-post-thumbnail","6":"product_cat-surveying-marker","7":"product_cat-surveying-accessory","9":"first","10":"instock","11":"shipping-taxable","12":"product-type-simple"},"_links":{"self":[{"href":"https:\/\/mountlaser.com\/es\/wp-json\/wp\/v2\/product\/5901","targetHints":{"allow":["GET"]}}],"collection":[{"href":"https:\/\/mountlaser.com\/es\/wp-json\/wp\/v2\/product"}],"about":[{"href":"https:\/\/mountlaser.com\/es\/wp-json\/wp\/v2\/types\/product"}],"replies":[{"embeddable":true,"href":"https:\/\/mountlaser.com\/es\/wp-json\/wp\/v2\/comments?post=5901"}],"wp:featuredmedia":[{"embeddable":true,"href":"https:\/\/mountlaser.com\/es\/wp-json\/wp\/v2\/media\/5902"}],"wp:attachment":[{"href":"https:\/\/mountlaser.com\/es\/wp-json\/wp\/v2\/media?parent=5901"}],"wp:term":[{"taxonomy":"product_brand","embeddable":true,"href":"https:\/\/mountlaser.com\/es\/wp-json\/wp\/v2\/product_brand?post=5901"},{"taxonomy":"product_cat","embeddable":true,"href":"https:\/\/mountlaser.com\/es\/wp-json\/wp\/v2\/product_cat?post=5901"},{"taxonomy":"product_tag","embeddable":true,"href":"https:\/\/mountlaser.com\/es\/wp-json\/wp\/v2\/product_tag?post=5901"}],"curies":[{"name":"wp","href":"https:\/\/api.w.org\/{rel}","templated":true}]}}