{"id":5898,"date":"2025-12-15T06:23:18","date_gmt":"2025-12-15T06:23:18","guid":{"rendered":"https:\/\/mountlaser.com\/?post_type=product&#038;p=5898"},"modified":"2025-12-15T06:23:18","modified_gmt":"2025-12-15T06:23:18","slug":"sn05-surveying-nail","status":"publish","type":"product","link":"https:\/\/mountlaser.com\/es\/producto\/sn05-surveying-nail\/","title":{"rendered":"Clavo de topograf\u00eda SN05"},"content":{"rendered":"<p data-start=\"117\" data-end=\"621\">El <a href=\"https:\/\/mountlaser.com\/es\/\"><strong data-start=\"121\" data-end=\"144\">Clavo de topograf\u00eda SN05<\/strong><\/a> Es un marcador topogr\u00e1fico duradero y fiable, dise\u00f1ado para establecer e identificar puntos de referencia precisos en el terreno con precisi\u00f3n y estabilidad a largo plazo. Fabricado en hierro galvanizado de alta calidad, el clavo topogr\u00e1fico SN05 ofrece una excelente resistencia a la corrosi\u00f3n y robustez, lo que lo hace ideal para entornos de campo exigentes. Su dise\u00f1o de v\u00e1stago anular garantiza una gran capacidad de sujeci\u00f3n, lo que lo convierte en una soluci\u00f3n de confianza entre los profesionales. <a href=\"https:\/\/mountlaser.com\/es\/categoria-producto\/surveying-accessory\/\"><strong data-start=\"582\" data-end=\"602\">clavos de v\u00e1stago anular<\/strong><\/a> utilizado en topograf\u00eda.<\/p>\n<p data-start=\"623\" data-end=\"1084\">Ampliamente utilizado en levantamientos de ingenier\u00eda, dise\u00f1o de obras y cartograf\u00eda catastral, el clavo topogr\u00e1fico SN05 proporciona un punto de referencia estable y duradero para mediciones cr\u00edticas. Con un di\u00e1metro de 6,0 mm y una longitud de 45 mm, el clavo topogr\u00e1fico SN05 es f\u00e1cil de instalar y ofrece un rendimiento fiable. De calidad profesional. <a href=\"https:\/\/mountlaser.com\/es\/about-us\/\">clavos de v\u00e1stago anular<\/a>, Estos marcadores reducen el aflojamiento con el tiempo y mantienen un posicionamiento preciso en todas las condiciones del terreno.<\/p>\n<div>\n<table style=\"border-collapse: collapse; width: 1002.02pt;\" border=\"0\" width=\"1336\" cellspacing=\"0\" cellpadding=\"0\">\n<tbody>\n<tr style=\"height: 14.25pt;\">\n<td class=\"et2\" style=\"height: 14.25pt; width: 127.50pt;\" width=\"170\" height=\"19\">N\u00daMERO<\/td>\n<td class=\"et3\" style=\"width: 196.50pt;\" width=\"262\">MEATRIAL<\/td>\n<td class=\"et3\" style=\"width: 213.00pt;\" width=\"284\">DI\u00c1METRO D<\/td>\n<td class=\"et3\" style=\"width: 93.75pt;\" width=\"125\">TALLA L<\/td>\n<td class=\"et3\" style=\"width: 170.25pt;\" width=\"227\">Cantidad m\u00ednima de pedido (piezas)<\/td>\n<td class=\"et4\" style=\"width: 201.00pt;\" width=\"268\">IMAGEN<\/td>\n<\/tr>\n<tr style=\"height: 14.25pt;\">\n<td class=\"et5\" style=\"height: 14.25pt;\" height=\"19\">SN05-60045<\/td>\n<td class=\"et5\">Hierro galvanizado<\/td>\n<td class=\"et5\">6,0 mm<\/td>\n<td class=\"et5\">45 mm<\/td>\n<td class=\"et6\">1000<\/td>\n<td class=\"et7\"><img fetchpriority=\"high\" decoding=\"async\" class=\"alignnone wp-image-5899\" src=\"https:\/\/mountlaser.com\/wp-content\/uploads\/2025\/12\/SN051.webp\" alt=\"SN05 Surveying Nail\" width=\"500\" height=\"500\" srcset=\"https:\/\/mountlaser.com\/wp-content\/uploads\/2025\/12\/SN051.webp 1000w, https:\/\/mountlaser.com\/wp-content\/uploads\/2025\/12\/SN051-300x300.webp 300w, https:\/\/mountlaser.com\/wp-content\/uploads\/2025\/12\/SN051-150x150.webp 150w, https:\/\/mountlaser.com\/wp-content\/uploads\/2025\/12\/SN051-768x768.webp 768w, https:\/\/mountlaser.com\/wp-content\/uploads\/2025\/12\/SN051-12x12.webp 12w, https:\/\/mountlaser.com\/wp-content\/uploads\/2025\/12\/SN051-600x600.webp 600w, https:\/\/mountlaser.com\/wp-content\/uploads\/2025\/12\/SN051-800x800.webp 800w, https:\/\/mountlaser.com\/wp-content\/uploads\/2025\/12\/SN051-400x400.webp 400w\" sizes=\"(max-width: 500px) 100vw, 500px\" \/><\/td>\n<\/tr>\n<\/tbody>\n<\/table>\n<\/div>","protected":false},"excerpt":{"rendered":"<ul>\n<li>Material: Hierro galvanizado para mayor durabilidad y resistencia a la corrosi\u00f3n.<\/li>\n<li>Dise\u00f1o de v\u00e1stago de anillo para una mayor fuerza de sujeci\u00f3n<\/li>\n<li>Proporciona puntos de referencia estables para mediciones precisas<\/li>\n<\/ul>","protected":false},"featured_media":5900,"comment_status":"open","ping_status":"closed","template":"","meta":[],"product_brand":[],"product_cat":[152,79],"product_tag":[],"class_list":{"0":"post-5898","1":"product","2":"type-product","3":"status-publish","4":"has-post-thumbnail","6":"product_cat-surveying-marker","7":"product_cat-surveying-accessory","9":"first","10":"instock","11":"shipping-taxable","12":"product-type-simple"},"_links":{"self":[{"href":"https:\/\/mountlaser.com\/es\/wp-json\/wp\/v2\/product\/5898","targetHints":{"allow":["GET"]}}],"collection":[{"href":"https:\/\/mountlaser.com\/es\/wp-json\/wp\/v2\/product"}],"about":[{"href":"https:\/\/mountlaser.com\/es\/wp-json\/wp\/v2\/types\/product"}],"replies":[{"embeddable":true,"href":"https:\/\/mountlaser.com\/es\/wp-json\/wp\/v2\/comments?post=5898"}],"wp:featuredmedia":[{"embeddable":true,"href":"https:\/\/mountlaser.com\/es\/wp-json\/wp\/v2\/media\/5900"}],"wp:attachment":[{"href":"https:\/\/mountlaser.com\/es\/wp-json\/wp\/v2\/media?parent=5898"}],"wp:term":[{"taxonomy":"product_brand","embeddable":true,"href":"https:\/\/mountlaser.com\/es\/wp-json\/wp\/v2\/product_brand?post=5898"},{"taxonomy":"product_cat","embeddable":true,"href":"https:\/\/mountlaser.com\/es\/wp-json\/wp\/v2\/product_cat?post=5898"},{"taxonomy":"product_tag","embeddable":true,"href":"https:\/\/mountlaser.com\/es\/wp-json\/wp\/v2\/product_tag?post=5898"}],"curies":[{"name":"wp","href":"https:\/\/api.w.org\/{rel}","templated":true}]}}