{"id":5895,"date":"2025-12-15T06:07:41","date_gmt":"2025-12-15T06:07:41","guid":{"rendered":"https:\/\/mountlaser.com\/?post_type=product&#038;p=5895"},"modified":"2025-12-15T06:07:41","modified_gmt":"2025-12-15T06:07:41","slug":"sn04-surveying-nail","status":"publish","type":"product","link":"https:\/\/mountlaser.com\/es\/producto\/sn04-surveying-nail\/","title":{"rendered":"Clavo de topograf\u00eda SN04"},"content":{"rendered":"<p data-start=\"120\" data-end=\"577\">El clavo topogr\u00e1fico SN04 es un marcador topogr\u00e1fico duradero y fiable, dise\u00f1ado para establecer e identificar puntos de referencia precisos en el terreno con precisi\u00f3n a largo plazo. Fabricado en hierro galvanizado de alta calidad, el... <a href=\"https:\/\/mountlaser.com\/es\/\"><strong data-start=\"327\" data-end=\"350\">Clavo de topograf\u00eda SN04<\/strong><\/a> Ofrece excelente resistencia y resistencia a la corrosi\u00f3n, lo que garantiza un rendimiento confiable en todas las condiciones de campo. Como profesional <a href=\"https:\/\/mountlaser.com\/es\/categoria-producto\/surveying-accessory\/\"><strong data-start=\"476\" data-end=\"499\">Topograf\u00eda de Mag Nails<\/strong><\/a> Soluciones, estos marcadores son confiables para una identificaci\u00f3n del terreno clara y estable.<\/p>\n<p data-start=\"579\" data-end=\"1031\">Ampliamente utilizado en levantamientos de ingenier\u00eda, dise\u00f1o de obras y cartograf\u00eda catastral, el clavo topogr\u00e1fico SN04 proporciona un punto de referencia estable y duradero para mediciones cr\u00edticas. Con un di\u00e1metro de 8,8 mm y una longitud de 55 mm, el... <a href=\"https:\/\/mountlaser.com\/es\/about-us\/\">Clavo de topograf\u00eda SN04<\/a> Son f\u00e1ciles de instalar y muy visibles en obra. Dise\u00f1ados para satisfacer las necesidades profesionales, estos productos topogr\u00e1ficos Mag Nails ofrecen una precisi\u00f3n constante donde la se\u00f1alizaci\u00f3n terrestre es esencial.<\/p>\n<div>\n<table style=\"border-collapse: collapse; width: 1002.02pt;\" border=\"0\" width=\"1336\" cellspacing=\"0\" cellpadding=\"0\">\n<tbody>\n<tr style=\"height: 14.25pt;\">\n<td class=\"et2\" style=\"height: 14.25pt; width: 127.50pt;\" width=\"170\" height=\"19\">N\u00daMERO<\/td>\n<td class=\"et3\" style=\"width: 196.50pt;\" width=\"262\">MEATRIAL<\/td>\n<td class=\"et3\" style=\"width: 213.00pt;\" width=\"284\">DI\u00c1METRO D<\/td>\n<td class=\"et3\" style=\"width: 93.75pt;\" width=\"125\">TALLA L<\/td>\n<td class=\"et3\" style=\"width: 170.25pt;\" width=\"227\">Cantidad m\u00ednima de pedido (piezas)<\/td>\n<td class=\"et4\" style=\"width: 201.00pt;\" width=\"268\">IMAGEN<\/td>\n<\/tr>\n<tr style=\"height: 14.25pt;\">\n<td class=\"et5\" style=\"height: 14.25pt;\" height=\"19\">SN04-88055<\/td>\n<td class=\"et5\">Hierro galvanizado<\/td>\n<td class=\"et5\">8,8 mm<\/td>\n<td class=\"et5\">55 mm<\/td>\n<td class=\"et6\">1000<\/td>\n<td class=\"et7\"><img fetchpriority=\"high\" decoding=\"async\" class=\"alignnone wp-image-5896\" src=\"https:\/\/mountlaser.com\/wp-content\/uploads\/2025\/12\/SN041.webp\" alt=\"SN04 Surveying Nail\" width=\"500\" height=\"500\" srcset=\"https:\/\/mountlaser.com\/wp-content\/uploads\/2025\/12\/SN041.webp 1000w, https:\/\/mountlaser.com\/wp-content\/uploads\/2025\/12\/SN041-300x300.webp 300w, https:\/\/mountlaser.com\/wp-content\/uploads\/2025\/12\/SN041-150x150.webp 150w, https:\/\/mountlaser.com\/wp-content\/uploads\/2025\/12\/SN041-768x768.webp 768w, https:\/\/mountlaser.com\/wp-content\/uploads\/2025\/12\/SN041-12x12.webp 12w, https:\/\/mountlaser.com\/wp-content\/uploads\/2025\/12\/SN041-600x600.webp 600w, https:\/\/mountlaser.com\/wp-content\/uploads\/2025\/12\/SN041-800x800.webp 800w, https:\/\/mountlaser.com\/wp-content\/uploads\/2025\/12\/SN041-400x400.webp 400w\" sizes=\"(max-width: 500px) 100vw, 500px\" \/><\/td>\n<\/tr>\n<\/tbody>\n<\/table>\n<\/div>","protected":false},"excerpt":{"rendered":"<ul>\n<li>Material: Hierro galvanizado para mayor durabilidad y resistencia a la corrosi\u00f3n.<\/li>\n<li>Proporciona referencias terrestres estables para mediciones precisas<\/li>\n<li>Adecuado para estudios de ingenier\u00eda, dise\u00f1o de construcci\u00f3n y mapeo catastral.<\/li>\n<\/ul>","protected":false},"featured_media":5896,"comment_status":"open","ping_status":"closed","template":"","meta":[],"product_brand":[],"product_cat":[152,79],"product_tag":[],"class_list":{"0":"post-5895","1":"product","2":"type-product","3":"status-publish","4":"has-post-thumbnail","6":"product_cat-surveying-marker","7":"product_cat-surveying-accessory","9":"first","10":"instock","11":"shipping-taxable","12":"product-type-simple"},"_links":{"self":[{"href":"https:\/\/mountlaser.com\/es\/wp-json\/wp\/v2\/product\/5895","targetHints":{"allow":["GET"]}}],"collection":[{"href":"https:\/\/mountlaser.com\/es\/wp-json\/wp\/v2\/product"}],"about":[{"href":"https:\/\/mountlaser.com\/es\/wp-json\/wp\/v2\/types\/product"}],"replies":[{"embeddable":true,"href":"https:\/\/mountlaser.com\/es\/wp-json\/wp\/v2\/comments?post=5895"}],"wp:featuredmedia":[{"embeddable":true,"href":"https:\/\/mountlaser.com\/es\/wp-json\/wp\/v2\/media\/5896"}],"wp:attachment":[{"href":"https:\/\/mountlaser.com\/es\/wp-json\/wp\/v2\/media?parent=5895"}],"wp:term":[{"taxonomy":"product_brand","embeddable":true,"href":"https:\/\/mountlaser.com\/es\/wp-json\/wp\/v2\/product_brand?post=5895"},{"taxonomy":"product_cat","embeddable":true,"href":"https:\/\/mountlaser.com\/es\/wp-json\/wp\/v2\/product_cat?post=5895"},{"taxonomy":"product_tag","embeddable":true,"href":"https:\/\/mountlaser.com\/es\/wp-json\/wp\/v2\/product_tag?post=5895"}],"curies":[{"name":"wp","href":"https:\/\/api.w.org\/{rel}","templated":true}]}}