{"id":5887,"date":"2025-12-15T05:18:34","date_gmt":"2025-12-15T05:18:34","guid":{"rendered":"https:\/\/mountlaser.com\/?post_type=product&#038;p=5887"},"modified":"2025-12-15T05:18:34","modified_gmt":"2025-12-15T05:18:34","slug":"sn03-surveying-nail","status":"publish","type":"product","link":"https:\/\/mountlaser.com\/es\/producto\/sn03-surveying-nail\/","title":{"rendered":"Clavo de topograf\u00eda SN03"},"content":{"rendered":"<p>El <a href=\"https:\/\/mountlaser.com\/es\/\"><strong>Clavo de topograf\u00eda SN03<\/strong><\/a> Es un marcador topogr\u00e1fico duradero y confiable, dise\u00f1ado para establecer e identificar puntos de referencia precisos en el terreno con precisi\u00f3n y consistencia. Fabricado en hierro galvanizado, el clavo topogr\u00e1fico SN03 ofrece una excelente resistencia a la corrosi\u00f3n y a la corrosi\u00f3n, lo que lo hace ideal para uso prolongado en exteriores. <a href=\"https:\/\/mountlaser.com\/es\/categoria-producto\/surveying-accessory\/\"><strong>Clavos de punto de encuesta<\/strong><\/a> Son ampliamente confiables para los profesionales que requieren marcadores estables y visibles en condiciones de campo exigentes.<\/p>\n<p>Com\u00fanmente utilizado en estudios de ingenier\u00eda, dise\u00f1o de construcci\u00f3n y mapeo catastral, el <a href=\"https:\/\/mountlaser.com\/es\/contact-us\/\">Clavo de topograf\u00eda SN03<\/a> Proporciona un punto de referencia s\u00f3lido y duradero para mediciones cr\u00edticas. Con un di\u00e1metro de 8,8 mm y m\u00faltiples opciones de longitud, el clavo topogr\u00e1fico SN03 se adapta f\u00e1cilmente a las diferentes necesidades del sitio. Como clavos topogr\u00e1ficos fiables, estos marcadores garantizan la precisi\u00f3n de las mediciones y mantienen su durabilidad en diversos entornos.<\/p>\n<div>\n<table style=\"border-collapse: collapse; width: 1002.02pt;\" border=\"0\" width=\"1336\" cellspacing=\"0\" cellpadding=\"0\">\n<tbody>\n<tr style=\"height: 14.25pt;\">\n<td class=\"et2\" style=\"height: 14.25pt; width: 127.50pt;\" width=\"170\" height=\"19\">N\u00daMERO<\/td>\n<td class=\"et3\" style=\"width: 196.50pt;\" width=\"262\">MEATRIAL<\/td>\n<td class=\"et3\" style=\"width: 213.00pt;\" width=\"284\">DI\u00c1METRO D<\/td>\n<td class=\"et3\" style=\"width: 93.75pt;\" width=\"125\">TALLA L<\/td>\n<td class=\"et3\" style=\"width: 170.25pt;\" width=\"227\">Cantidad m\u00ednima de pedido (piezas)<\/td>\n<td class=\"et4\" style=\"width: 201.00pt;\" width=\"268\">IMAGEN<\/td>\n<\/tr>\n<tr style=\"height: 14.25pt;\">\n<td class=\"et5\" style=\"height: 14.25pt;\" height=\"19\">SN03-88030\/88050\/88070\/88080\/88100<\/td>\n<td class=\"et5\">Hierro galvanizado<\/td>\n<td class=\"et5\">8,8 mm<\/td>\n<td class=\"et5\">30\/50\/80\/100 mm<\/td>\n<td class=\"et6\">1000<\/td>\n<td class=\"et7\"><img fetchpriority=\"high\" decoding=\"async\" class=\"alignnone wp-image-5892\" src=\"https:\/\/mountlaser.com\/wp-content\/uploads\/2025\/12\/SN035.webp\" alt=\"SN03 Surveying Nail\" width=\"500\" height=\"500\" srcset=\"https:\/\/mountlaser.com\/wp-content\/uploads\/2025\/12\/SN035.webp 1000w, https:\/\/mountlaser.com\/wp-content\/uploads\/2025\/12\/SN035-300x300.webp 300w, https:\/\/mountlaser.com\/wp-content\/uploads\/2025\/12\/SN035-150x150.webp 150w, https:\/\/mountlaser.com\/wp-content\/uploads\/2025\/12\/SN035-768x768.webp 768w, https:\/\/mountlaser.com\/wp-content\/uploads\/2025\/12\/SN035-12x12.webp 12w, https:\/\/mountlaser.com\/wp-content\/uploads\/2025\/12\/SN035-600x600.webp 600w, https:\/\/mountlaser.com\/wp-content\/uploads\/2025\/12\/SN035-800x800.webp 800w, https:\/\/mountlaser.com\/wp-content\/uploads\/2025\/12\/SN035-400x400.webp 400w\" sizes=\"(max-width: 500px) 100vw, 500px\" \/><\/td>\n<\/tr>\n<\/tbody>\n<\/table>\n<\/div>","protected":false},"excerpt":{"rendered":"<ul>\n<li>Fabricado en hierro galvanizado para mayor durabilidad y resistencia a la corrosi\u00f3n.<\/li>\n<li>Di\u00e1metro: 8,8 mm; Opciones de longitud: 30 \/ 50 \/ 80 \/ 100 mm<\/li>\n<li>Clavos Survey Point fiables y duraderos para uso profesional<\/li>\n<li>Establece puntos de medici\u00f3n precisos y permanentes<\/li>\n<li>Adecuado para estudios de ingenier\u00eda, dise\u00f1o de construcci\u00f3n y mapeo catastral.<\/li>\n<\/ul>","protected":false},"featured_media":5888,"comment_status":"open","ping_status":"closed","template":"","meta":[],"product_brand":[],"product_cat":[152,79],"product_tag":[],"class_list":{"0":"post-5887","1":"product","2":"type-product","3":"status-publish","4":"has-post-thumbnail","6":"product_cat-surveying-marker","7":"product_cat-surveying-accessory","9":"first","10":"instock","11":"shipping-taxable","12":"product-type-simple"},"_links":{"self":[{"href":"https:\/\/mountlaser.com\/es\/wp-json\/wp\/v2\/product\/5887","targetHints":{"allow":["GET"]}}],"collection":[{"href":"https:\/\/mountlaser.com\/es\/wp-json\/wp\/v2\/product"}],"about":[{"href":"https:\/\/mountlaser.com\/es\/wp-json\/wp\/v2\/types\/product"}],"replies":[{"embeddable":true,"href":"https:\/\/mountlaser.com\/es\/wp-json\/wp\/v2\/comments?post=5887"}],"wp:featuredmedia":[{"embeddable":true,"href":"https:\/\/mountlaser.com\/es\/wp-json\/wp\/v2\/media\/5888"}],"wp:attachment":[{"href":"https:\/\/mountlaser.com\/es\/wp-json\/wp\/v2\/media?parent=5887"}],"wp:term":[{"taxonomy":"product_brand","embeddable":true,"href":"https:\/\/mountlaser.com\/es\/wp-json\/wp\/v2\/product_brand?post=5887"},{"taxonomy":"product_cat","embeddable":true,"href":"https:\/\/mountlaser.com\/es\/wp-json\/wp\/v2\/product_cat?post=5887"},{"taxonomy":"product_tag","embeddable":true,"href":"https:\/\/mountlaser.com\/es\/wp-json\/wp\/v2\/product_tag?post=5887"}],"curies":[{"name":"wp","href":"https:\/\/api.w.org\/{rel}","templated":true}]}}