{"id":5880,"date":"2025-12-15T04:53:55","date_gmt":"2025-12-15T04:53:55","guid":{"rendered":"https:\/\/mountlaser.com\/?post_type=product&#038;p=5880"},"modified":"2025-12-15T04:53:55","modified_gmt":"2025-12-15T04:53:55","slug":"sn02-surveying-nail","status":"publish","type":"product","link":"https:\/\/mountlaser.com\/es\/producto\/sn02-surveying-nail\/","title":{"rendered":"Clavo de topograf\u00eda SN02"},"content":{"rendered":"<p>El <a href=\"https:\/\/mountlaser.com\/es\/\"><strong>Clavo de topograf\u00eda SN02<\/strong><\/a> Es un marcador topogr\u00e1fico de alto rendimiento dise\u00f1ado para establecer puntos de referencia terrestres precisos y permanentes. Fabricado con materiales de primera calidad. <a href=\"https:\/\/mountlaser.com\/es\/categoria-producto\/surveying-accessory\/\"><strong>clavos de acero inoxidable<\/strong><\/a>, El SN02 ofrece excelente resistencia a la corrosi\u00f3n, robustez y durabilidad a largo plazo en cualquier condici\u00f3n de campo. Estos clavos de acero inoxidable son ideales para profesionales que requieren un marcado preciso y fiable en entornos exteriores exigentes.<\/p>\n<p>Ampliamente utilizado en levantamientos de ingenier\u00eda, dise\u00f1o de construcci\u00f3n y cartograf\u00eda catastral, el SN02 funciona como un punto de referencia estable para mediciones cr\u00edticas. Gracias a su robusta construcci\u00f3n, el clavo topogr\u00e1fico SN02 supera a los marcadores de terreno est\u00e1ndar, mientras que los clavos de acero inoxidable garantizan resistencia a la oxidaci\u00f3n, la humedad y el desgaste. Disponibles en varias longitudes, estos... <a href=\"https:\/\/mountlaser.com\/es\/contact-us\/\">clavos de acero inoxidable<\/a> Ofrece flexibilidad para diversas aplicaciones de topograf\u00eda.<\/p>\n<div>\n<table style=\"border-collapse: collapse; width: 1002.02pt;\" border=\"0\" width=\"1336\" cellspacing=\"0\" cellpadding=\"0\">\n<tbody>\n<tr style=\"height: 14.25pt;\">\n<td class=\"et2\" style=\"height: 14.25pt; width: 127.50pt;\" width=\"170\" height=\"19\">N\u00daMERO<\/td>\n<td class=\"et3\" style=\"width: 196.50pt;\" width=\"262\">MEATRIAL<\/td>\n<td class=\"et3\" style=\"width: 213.00pt;\" width=\"284\">DI\u00c1METRO D<\/td>\n<td class=\"et3\" style=\"width: 93.75pt;\" width=\"125\">TALLA L<\/td>\n<td class=\"et3\" style=\"width: 170.25pt;\" width=\"227\">Cantidad m\u00ednima de pedido (piezas)<\/td>\n<td class=\"et4\" style=\"width: 201.00pt;\" width=\"268\">IMAGEN<\/td>\n<\/tr>\n<tr style=\"height: 14.25pt;\">\n<td class=\"et5\" style=\"height: 14.25pt;\" height=\"19\">SN02-78030\/78050\/78070\/78100<\/td>\n<td class=\"et5\">Acero inoxidable<\/td>\n<td class=\"et5\">7,8 mm<\/td>\n<td class=\"et5\">30\/50\/70\/100 mm<\/td>\n<td class=\"et6\">1000<\/td>\n<td class=\"et7\"><img fetchpriority=\"high\" decoding=\"async\" class=\"alignnone wp-image-5886\" src=\"https:\/\/mountlaser.com\/wp-content\/uploads\/2025\/12\/SN026.webp\" alt=\"SN02 Surveying Nail\" width=\"500\" height=\"500\" srcset=\"https:\/\/mountlaser.com\/wp-content\/uploads\/2025\/12\/SN026.webp 1000w, https:\/\/mountlaser.com\/wp-content\/uploads\/2025\/12\/SN026-300x300.webp 300w, https:\/\/mountlaser.com\/wp-content\/uploads\/2025\/12\/SN026-150x150.webp 150w, https:\/\/mountlaser.com\/wp-content\/uploads\/2025\/12\/SN026-768x768.webp 768w, https:\/\/mountlaser.com\/wp-content\/uploads\/2025\/12\/SN026-12x12.webp 12w, https:\/\/mountlaser.com\/wp-content\/uploads\/2025\/12\/SN026-600x600.webp 600w, https:\/\/mountlaser.com\/wp-content\/uploads\/2025\/12\/SN026-800x800.webp 800w, https:\/\/mountlaser.com\/wp-content\/uploads\/2025\/12\/SN026-400x400.webp 400w\" sizes=\"(max-width: 500px) 100vw, 500px\" \/><\/td>\n<\/tr>\n<\/tbody>\n<\/table>\n<\/div>","protected":false},"excerpt":{"rendered":"<ul>\n<li>Fabricado con clavos de acero inoxidable de alta calidad para una m\u00e1xima durabilidad.<\/li>\n<li>Di\u00e1metro: 7,8 mm; Opciones de longitud: 30 \/ 50 \/ 70 \/ 100 mm<\/li>\n<li>Soluci\u00f3n de clavos de topograf\u00eda SN02 de larga duraci\u00f3n y resistente a la corrosi\u00f3n<\/li>\n<li>Herramienta esencial de marcado de terreno para top\u00f3grafos profesionales<\/li>\n<\/ul>","protected":false},"featured_media":5881,"comment_status":"open","ping_status":"closed","template":"","meta":[],"product_brand":[],"product_cat":[152,79],"product_tag":[],"class_list":{"0":"post-5880","1":"product","2":"type-product","3":"status-publish","4":"has-post-thumbnail","6":"product_cat-surveying-marker","7":"product_cat-surveying-accessory","9":"first","10":"instock","11":"shipping-taxable","12":"product-type-simple"},"_links":{"self":[{"href":"https:\/\/mountlaser.com\/es\/wp-json\/wp\/v2\/product\/5880","targetHints":{"allow":["GET"]}}],"collection":[{"href":"https:\/\/mountlaser.com\/es\/wp-json\/wp\/v2\/product"}],"about":[{"href":"https:\/\/mountlaser.com\/es\/wp-json\/wp\/v2\/types\/product"}],"replies":[{"embeddable":true,"href":"https:\/\/mountlaser.com\/es\/wp-json\/wp\/v2\/comments?post=5880"}],"wp:featuredmedia":[{"embeddable":true,"href":"https:\/\/mountlaser.com\/es\/wp-json\/wp\/v2\/media\/5881"}],"wp:attachment":[{"href":"https:\/\/mountlaser.com\/es\/wp-json\/wp\/v2\/media?parent=5880"}],"wp:term":[{"taxonomy":"product_brand","embeddable":true,"href":"https:\/\/mountlaser.com\/es\/wp-json\/wp\/v2\/product_brand?post=5880"},{"taxonomy":"product_cat","embeddable":true,"href":"https:\/\/mountlaser.com\/es\/wp-json\/wp\/v2\/product_cat?post=5880"},{"taxonomy":"product_tag","embeddable":true,"href":"https:\/\/mountlaser.com\/es\/wp-json\/wp\/v2\/product_tag?post=5880"}],"curies":[{"name":"wp","href":"https:\/\/api.w.org\/{rel}","templated":true}]}}