{"id":5878,"date":"2025-12-15T02:12:05","date_gmt":"2025-12-15T02:12:05","guid":{"rendered":"https:\/\/mountlaser.com\/?post_type=product&#038;p=5878"},"modified":"2025-12-15T02:12:05","modified_gmt":"2025-12-15T02:12:05","slug":"cm05-crack-monitor","status":"publish","type":"product","link":"https:\/\/mountlaser.com\/es\/producto\/cm05-crack-monitor\/","title":{"rendered":"Monitor de grietas CM05"},"content":{"rendered":"<p>El <a href=\"https:\/\/mountlaser.com\/es\/\"><strong>Monitor de grietas CM05<\/strong><\/a> es de alta precisi\u00f3n <a href=\"https:\/\/mountlaser.com\/es\/categoria-producto\/surveying-accessory\/\"><strong>Monitor de medici\u00f3n de grietas para medici\u00f3n de paredes<\/strong><\/a> Dise\u00f1ado para rastrear con precisi\u00f3n el movimiento de grietas estructurales a lo largo del tiempo. Como indicador est\u00e1ndar de Mountlaser, el monitor de grietas CM05 cuenta con dos placas superpuestas: una transparente con un cursor en forma de cruz y una calibrada con marcas milim\u00e9tricas, lo que garantiza lecturas claras y fiables.<\/p>\n<p><img fetchpriority=\"high\" decoding=\"async\" class=\"aligncenter wp-image-5392\" src=\"https:\/\/mountlaser.com\/wp-content\/uploads\/2025\/12\/\u4e3b\u56fe2-3.webp\" alt=\"CM05 Crack Monitor\" width=\"500\" height=\"500\" srcset=\"https:\/\/mountlaser.com\/wp-content\/uploads\/2025\/12\/\u4e3b\u56fe2-3.webp 1000w, https:\/\/mountlaser.com\/wp-content\/uploads\/2025\/12\/\u4e3b\u56fe2-3-300x300.webp 300w, https:\/\/mountlaser.com\/wp-content\/uploads\/2025\/12\/\u4e3b\u56fe2-3-150x150.webp 150w, https:\/\/mountlaser.com\/wp-content\/uploads\/2025\/12\/\u4e3b\u56fe2-3-768x768.webp 768w, https:\/\/mountlaser.com\/wp-content\/uploads\/2025\/12\/\u4e3b\u56fe2-3-12x12.webp 12w, https:\/\/mountlaser.com\/wp-content\/uploads\/2025\/12\/\u4e3b\u56fe2-3-600x600.webp 600w, https:\/\/mountlaser.com\/wp-content\/uploads\/2025\/12\/\u4e3b\u56fe2-3-800x800.webp 800w, https:\/\/mountlaser.com\/wp-content\/uploads\/2025\/12\/\u4e3b\u56fe2-3-400x400.webp 400w\" sizes=\"(max-width: 500px) 100vw, 500px\" \/><\/p>\n<p>Dise\u00f1ado espec\u00edficamente como monitor de grietas para la medici\u00f3n de paredes, el CM05 es ideal para monitorear grietas en paredes, mamposter\u00eda, hormig\u00f3n y otras estructuras de edificios. Su instalaci\u00f3n es sencilla gracias a los tornillos incluidos, con soporte adhesivo opcional si es necesario. Cada monitor de grietas CM05 se entrega con instrucciones detalladas de instalaci\u00f3n y una hoja de registro de grietas, lo que lo convierte en un... <a href=\"https:\/\/mountlaser.com\/es\/about-us\/\">Monitor de medici\u00f3n de grietas para medici\u00f3n de paredes<\/a> Una soluci\u00f3n confiable para la evaluaci\u00f3n estructural a largo plazo.<\/p>","protected":false},"excerpt":{"rendered":"<ul>\n<li>Mide con precisi\u00f3n el movimiento de las grietas de la pared en mil\u00edmetros.<\/li>\n<li>Permite el monitoreo a largo plazo y la comparaci\u00f3n de los cambios en las grietas.<\/li>\n<li>Proporciona lecturas visuales claras con alineaci\u00f3n en forma de cruz.<\/li>\n<\/ul>","protected":false},"featured_media":5393,"comment_status":"open","ping_status":"closed","template":"","meta":[],"product_brand":[],"product_cat":[151,79],"product_tag":[],"class_list":{"0":"post-5878","1":"product","2":"type-product","3":"status-publish","4":"has-post-thumbnail","6":"product_cat-crack-monitor","7":"product_cat-surveying-accessory","9":"first","10":"instock","11":"shipping-taxable","12":"product-type-simple"},"_links":{"self":[{"href":"https:\/\/mountlaser.com\/es\/wp-json\/wp\/v2\/product\/5878","targetHints":{"allow":["GET"]}}],"collection":[{"href":"https:\/\/mountlaser.com\/es\/wp-json\/wp\/v2\/product"}],"about":[{"href":"https:\/\/mountlaser.com\/es\/wp-json\/wp\/v2\/types\/product"}],"replies":[{"embeddable":true,"href":"https:\/\/mountlaser.com\/es\/wp-json\/wp\/v2\/comments?post=5878"}],"wp:featuredmedia":[{"embeddable":true,"href":"https:\/\/mountlaser.com\/es\/wp-json\/wp\/v2\/media\/5393"}],"wp:attachment":[{"href":"https:\/\/mountlaser.com\/es\/wp-json\/wp\/v2\/media?parent=5878"}],"wp:term":[{"taxonomy":"product_brand","embeddable":true,"href":"https:\/\/mountlaser.com\/es\/wp-json\/wp\/v2\/product_brand?post=5878"},{"taxonomy":"product_cat","embeddable":true,"href":"https:\/\/mountlaser.com\/es\/wp-json\/wp\/v2\/product_cat?post=5878"},{"taxonomy":"product_tag","embeddable":true,"href":"https:\/\/mountlaser.com\/es\/wp-json\/wp\/v2\/product_tag?post=5878"}],"curies":[{"name":"wp","href":"https:\/\/api.w.org\/{rel}","templated":true}]}}