{"id":5877,"date":"2025-12-15T01:38:15","date_gmt":"2025-12-15T01:38:15","guid":{"rendered":"https:\/\/mountlaser.com\/?post_type=product&#038;p=5877"},"modified":"2025-12-15T01:38:15","modified_gmt":"2025-12-15T01:38:15","slug":"cm04-crack-monitor","status":"publish","type":"product","link":"https:\/\/mountlaser.com\/es\/producto\/cm04-crack-monitor\/","title":{"rendered":"Monitor de grietas CM04"},"content":{"rendered":"<p>El <a href=\"https:\/\/mountlaser.com\/es\/\"><strong>Monitor de grietas CM04<\/strong><\/a> es de calidad profesional <a href=\"https:\/\/mountlaser.com\/es\/categoria-producto\/surveying-accessory\/\"><strong>Monitor de calibre de grietas<\/strong><\/a> Dise\u00f1ado para la observaci\u00f3n precisa y a largo plazo del movimiento de grietas estructurales. Construido como un indicador est\u00e1ndar de Mountlaser, el monitor de grietas CM04 utiliza dos placas superpuestas: una transparente con un cursor en forma de cruz y una segunda calibrada en mil\u00edmetros, lo que permite lecturas visuales precisas.<\/p>\n<p><img fetchpriority=\"high\" decoding=\"async\" class=\"aligncenter wp-image-5385\" src=\"https:\/\/mountlaser.com\/wp-content\/uploads\/2025\/12\/CM043.webp\" alt=\"CM04 Crack Monitor\" width=\"500\" height=\"500\" srcset=\"https:\/\/mountlaser.com\/wp-content\/uploads\/2025\/12\/CM043.webp 1200w, https:\/\/mountlaser.com\/wp-content\/uploads\/2025\/12\/CM043-300x300.webp 300w, https:\/\/mountlaser.com\/wp-content\/uploads\/2025\/12\/CM043-1024x1024.webp 1024w, https:\/\/mountlaser.com\/wp-content\/uploads\/2025\/12\/CM043-150x150.webp 150w, https:\/\/mountlaser.com\/wp-content\/uploads\/2025\/12\/CM043-768x768.webp 768w, https:\/\/mountlaser.com\/wp-content\/uploads\/2025\/12\/CM043-12x12.webp 12w, https:\/\/mountlaser.com\/wp-content\/uploads\/2025\/12\/CM043-600x600.webp 600w, https:\/\/mountlaser.com\/wp-content\/uploads\/2025\/12\/CM043-800x800.webp 800w, https:\/\/mountlaser.com\/wp-content\/uploads\/2025\/12\/CM043-400x400.webp 400w\" sizes=\"(max-width: 500px) 100vw, 500px\" \/><\/p>\n<p>Dise\u00f1ado para un rendimiento confiable como monitor de grietas, el monitor de grietas CM04 es ideal para edificios, puentes, t\u00faneles y estructuras de hormig\u00f3n. Su instalaci\u00f3n es r\u00e1pida y segura con los tornillos incluidos y soporte adhesivo opcional (no incluido). Cada...<a href=\"https:\/\/mountlaser.com\/es\/contact-us\/\"> Monitor de calibre de grietas<\/a>\u00a0Incluye instrucciones de instalaci\u00f3n completas y una hoja de registro de grietas, lo que lo convierte en una soluci\u00f3n confiable de monitoreo de grietas para el monitoreo estructural continuo.<\/p>","protected":false},"excerpt":{"rendered":"<ul>\n<li>Monitorea con precisi\u00f3n el movimiento de grietas horizontales y verticales<\/li>\n<li>Proporciona lecturas claras en escala milim\u00e9trica para una medici\u00f3n precisa.<\/li>\n<li>Admite an\u00e1lisis y documentaci\u00f3n de tendencias de grietas a largo plazo<\/li>\n<\/ul>","protected":false},"featured_media":5383,"comment_status":"open","ping_status":"closed","template":"","meta":[],"product_brand":[],"product_cat":[151,79],"product_tag":[],"class_list":{"0":"post-5877","1":"product","2":"type-product","3":"status-publish","4":"has-post-thumbnail","6":"product_cat-crack-monitor","7":"product_cat-surveying-accessory","9":"first","10":"instock","11":"shipping-taxable","12":"product-type-simple"},"_links":{"self":[{"href":"https:\/\/mountlaser.com\/es\/wp-json\/wp\/v2\/product\/5877","targetHints":{"allow":["GET"]}}],"collection":[{"href":"https:\/\/mountlaser.com\/es\/wp-json\/wp\/v2\/product"}],"about":[{"href":"https:\/\/mountlaser.com\/es\/wp-json\/wp\/v2\/types\/product"}],"replies":[{"embeddable":true,"href":"https:\/\/mountlaser.com\/es\/wp-json\/wp\/v2\/comments?post=5877"}],"wp:featuredmedia":[{"embeddable":true,"href":"https:\/\/mountlaser.com\/es\/wp-json\/wp\/v2\/media\/5383"}],"wp:attachment":[{"href":"https:\/\/mountlaser.com\/es\/wp-json\/wp\/v2\/media?parent=5877"}],"wp:term":[{"taxonomy":"product_brand","embeddable":true,"href":"https:\/\/mountlaser.com\/es\/wp-json\/wp\/v2\/product_brand?post=5877"},{"taxonomy":"product_cat","embeddable":true,"href":"https:\/\/mountlaser.com\/es\/wp-json\/wp\/v2\/product_cat?post=5877"},{"taxonomy":"product_tag","embeddable":true,"href":"https:\/\/mountlaser.com\/es\/wp-json\/wp\/v2\/product_tag?post=5877"}],"curies":[{"name":"wp","href":"https:\/\/api.w.org\/{rel}","templated":true}]}}