{"id":5875,"date":"2025-12-12T09:27:22","date_gmt":"2025-12-12T09:27:22","guid":{"rendered":"https:\/\/mountlaser.com\/?post_type=product&#038;p=5875"},"modified":"2025-12-12T09:27:22","modified_gmt":"2025-12-12T09:27:22","slug":"cm03-crack-monitor","status":"publish","type":"product","link":"https:\/\/mountlaser.com\/es\/producto\/cm03-crack-monitor\/","title":{"rendered":"Monitor de grietas CM03"},"content":{"rendered":"<p data-start=\"185\" data-end=\"585\">El <a href=\"https:\/\/mountlaser.com\/es\/\"><strong data-start=\"189\" data-end=\"211\">Monitor de grietas CM03<\/strong><\/a> Es una herramienta dise\u00f1ada con precisi\u00f3n para profesionales que requieren precisi\u00f3n y confiabilidad. <a href=\"https:\/\/mountlaser.com\/es\/products\/\"><strong data-start=\"306\" data-end=\"340\">Monitoreo del medidor de grietas<\/strong><\/a> En evaluaciones estructurales. Con dos placas superpuestas \u2014una transparente con un cursor en forma de cruz y otra impresa con calibraci\u00f3n milim\u00e9trica\u2014, el monitor de grietas CM03 proporciona lecturas claras y consistentes del movimiento de grietas a lo largo del tiempo.<\/p>\n<p><img fetchpriority=\"high\" decoding=\"async\" class=\"aligncenter wp-image-5376\" src=\"https:\/\/mountlaser.com\/wp-content\/uploads\/2025\/12\/\u4e3b\u56fe2-2.webp\" alt=\"CM03 Crack Monitor\" width=\"500\" height=\"500\" srcset=\"https:\/\/mountlaser.com\/wp-content\/uploads\/2025\/12\/\u4e3b\u56fe2-2.webp 1000w, https:\/\/mountlaser.com\/wp-content\/uploads\/2025\/12\/\u4e3b\u56fe2-2-300x300.webp 300w, https:\/\/mountlaser.com\/wp-content\/uploads\/2025\/12\/\u4e3b\u56fe2-2-150x150.webp 150w, https:\/\/mountlaser.com\/wp-content\/uploads\/2025\/12\/\u4e3b\u56fe2-2-768x768.webp 768w, https:\/\/mountlaser.com\/wp-content\/uploads\/2025\/12\/\u4e3b\u56fe2-2-12x12.webp 12w, https:\/\/mountlaser.com\/wp-content\/uploads\/2025\/12\/\u4e3b\u56fe2-2-600x600.webp 600w, https:\/\/mountlaser.com\/wp-content\/uploads\/2025\/12\/\u4e3b\u56fe2-2-800x800.webp 800w, https:\/\/mountlaser.com\/wp-content\/uploads\/2025\/12\/\u4e3b\u56fe2-2-400x400.webp 400w\" sizes=\"(max-width: 500px) 100vw, 500px\" \/><\/p>\n<p>Como una soluci\u00f3n confiable para el monitoreo del medidor de grietas, se instala f\u00e1cilmente usando los tornillos incluidos y se puede reforzar con adhesivo (no incluido) cuando sea necesario. <a href=\"https:\/\/mountlaser.com\/es\/contact-us\/\">Monitor de grietas CM03<\/a> Tambi\u00e9n viene con instrucciones de instalaci\u00f3n detalladas y una hoja de registro de grietas, lo que garantiza una configuraci\u00f3n completa y f\u00e1cil de usar para el monitoreo de medidores de grietas a largo plazo en edificios, puentes y otras estructuras.<\/p>","protected":false},"excerpt":{"rendered":"<ul>\n<li>Mide el desplazamiento de grietas horizontales y verticales.<\/li>\n<li>Proporciona lecturas visuales con precisi\u00f3n milim\u00e9trica.<\/li>\n<li>Apoya la monitorizaci\u00f3n continua de la salud y seguridad estructural<\/li>\n<\/ul>","protected":false},"featured_media":5375,"comment_status":"open","ping_status":"closed","template":"","meta":[],"product_brand":[],"product_cat":[151,79],"product_tag":[],"class_list":{"0":"post-5875","1":"product","2":"type-product","3":"status-publish","4":"has-post-thumbnail","6":"product_cat-crack-monitor","7":"product_cat-surveying-accessory","9":"first","10":"instock","11":"shipping-taxable","12":"product-type-simple"},"_links":{"self":[{"href":"https:\/\/mountlaser.com\/es\/wp-json\/wp\/v2\/product\/5875","targetHints":{"allow":["GET"]}}],"collection":[{"href":"https:\/\/mountlaser.com\/es\/wp-json\/wp\/v2\/product"}],"about":[{"href":"https:\/\/mountlaser.com\/es\/wp-json\/wp\/v2\/types\/product"}],"replies":[{"embeddable":true,"href":"https:\/\/mountlaser.com\/es\/wp-json\/wp\/v2\/comments?post=5875"}],"wp:featuredmedia":[{"embeddable":true,"href":"https:\/\/mountlaser.com\/es\/wp-json\/wp\/v2\/media\/5375"}],"wp:attachment":[{"href":"https:\/\/mountlaser.com\/es\/wp-json\/wp\/v2\/media?parent=5875"}],"wp:term":[{"taxonomy":"product_brand","embeddable":true,"href":"https:\/\/mountlaser.com\/es\/wp-json\/wp\/v2\/product_brand?post=5875"},{"taxonomy":"product_cat","embeddable":true,"href":"https:\/\/mountlaser.com\/es\/wp-json\/wp\/v2\/product_cat?post=5875"},{"taxonomy":"product_tag","embeddable":true,"href":"https:\/\/mountlaser.com\/es\/wp-json\/wp\/v2\/product_tag?post=5875"}],"curies":[{"name":"wp","href":"https:\/\/api.w.org\/{rel}","templated":true}]}}