{"id":5874,"date":"2025-12-12T08:54:30","date_gmt":"2025-12-12T08:54:30","guid":{"rendered":"https:\/\/mountlaser.com\/?post_type=product&#038;p=5874"},"modified":"2025-12-12T08:54:30","modified_gmt":"2025-12-12T08:54:30","slug":"cm02-crack-monitor","status":"publish","type":"product","link":"https:\/\/mountlaser.com\/es\/producto\/cm02-crack-monitor\/","title":{"rendered":"Monitor de grietas CM02"},"content":{"rendered":"<p data-start=\"200\" data-end=\"653\">El<a href=\"https:\/\/mountlaser.com\/es\/\"> <strong data-start=\"204\" data-end=\"226\">Monitor de grietas CM02<\/strong><\/a> Es un medidor de alta precisi\u00f3n dise\u00f1ado para la medici\u00f3n confiable del movimiento estructural en edificios, lo que lo convierte en un elemento esencial. <a href=\"https:\/\/mountlaser.com\/es\/categoria-producto\/surveying-accessory\/\"><strong data-start=\"349\" data-end=\"375\">monitor de grietas en edificios<\/strong><\/a> Para ingenieros e inspectores. Dise\u00f1ado con dos placas superpuestas \u2014una transparente con un cursor en forma de cruz y otra calibrada en mil\u00edmetros\u2014, el monitor de grietas CM02 permite a los profesionales detectar incluso el desplazamiento m\u00e1s peque\u00f1o con una claridad y precisi\u00f3n excepcionales.<\/p>\n<p data-start=\"200\" data-end=\"653\"><img fetchpriority=\"high\" decoding=\"async\" class=\"aligncenter wp-image-5369\" src=\"https:\/\/mountlaser.com\/wp-content\/uploads\/2025\/12\/\u4e3b\u56fe3-1.webp\" alt=\"CM02 Crack Monitor\" width=\"500\" height=\"500\" srcset=\"https:\/\/mountlaser.com\/wp-content\/uploads\/2025\/12\/\u4e3b\u56fe3-1.webp 1000w, https:\/\/mountlaser.com\/wp-content\/uploads\/2025\/12\/\u4e3b\u56fe3-1-300x300.webp 300w, https:\/\/mountlaser.com\/wp-content\/uploads\/2025\/12\/\u4e3b\u56fe3-1-150x150.webp 150w, https:\/\/mountlaser.com\/wp-content\/uploads\/2025\/12\/\u4e3b\u56fe3-1-768x768.webp 768w, https:\/\/mountlaser.com\/wp-content\/uploads\/2025\/12\/\u4e3b\u56fe3-1-12x12.webp 12w, https:\/\/mountlaser.com\/wp-content\/uploads\/2025\/12\/\u4e3b\u56fe3-1-600x600.webp 600w, https:\/\/mountlaser.com\/wp-content\/uploads\/2025\/12\/\u4e3b\u56fe3-1-800x800.webp 800w, https:\/\/mountlaser.com\/wp-content\/uploads\/2025\/12\/\u4e3b\u56fe3-1-400x400.webp 400w\" sizes=\"(max-width: 500px) 100vw, 500px\" \/><\/p>\n<p data-start=\"655\" data-end=\"1145\">Como monitor de grietas en edificios, duradero y f\u00e1cil de instalar, se monta de forma segura con los tornillos suministrados y se puede usar con adhesivo (no incluido) para mayor estabilidad. El monitor de grietas CM02 incluye instrucciones de instalaci\u00f3n detalladas y una hoja de registro de grietas, lo que ofrece una soluci\u00f3n completa de monitoreo para evaluaciones estructurales continuas. Para quienes necesitan un sistema confiable. <a href=\"https:\/\/mountlaser.com\/es\/about-us\/\">monitor de grietas en edificios<\/a>, Este modelo ofrece un rendimiento constante tanto en entornos interiores como exteriores.<\/p>","protected":false},"excerpt":{"rendered":"<ul>\n<li>Proporciona lecturas precisas en escala milim\u00e9trica.<\/li>\n<li>Apoya el monitoreo de la salud estructural a largo plazo<\/li>\n<li>Utiliza placas superpuestas transparentes y calibradas para una medici\u00f3n precisa.<\/li>\n<li>Se instala con tornillos (incluidos) y adhesivo opcional.<\/li>\n<li>Incluye gu\u00eda de instalaci\u00f3n completa y hoja de registro de monitoreo.<\/li>\n<\/ul>","protected":false},"featured_media":5367,"comment_status":"open","ping_status":"closed","template":"","meta":[],"product_brand":[],"product_cat":[151,79],"product_tag":[],"class_list":{"0":"post-5874","1":"product","2":"type-product","3":"status-publish","4":"has-post-thumbnail","6":"product_cat-crack-monitor","7":"product_cat-surveying-accessory","9":"first","10":"instock","11":"shipping-taxable","12":"product-type-simple"},"_links":{"self":[{"href":"https:\/\/mountlaser.com\/es\/wp-json\/wp\/v2\/product\/5874","targetHints":{"allow":["GET"]}}],"collection":[{"href":"https:\/\/mountlaser.com\/es\/wp-json\/wp\/v2\/product"}],"about":[{"href":"https:\/\/mountlaser.com\/es\/wp-json\/wp\/v2\/types\/product"}],"replies":[{"embeddable":true,"href":"https:\/\/mountlaser.com\/es\/wp-json\/wp\/v2\/comments?post=5874"}],"wp:featuredmedia":[{"embeddable":true,"href":"https:\/\/mountlaser.com\/es\/wp-json\/wp\/v2\/media\/5367"}],"wp:attachment":[{"href":"https:\/\/mountlaser.com\/es\/wp-json\/wp\/v2\/media?parent=5874"}],"wp:term":[{"taxonomy":"product_brand","embeddable":true,"href":"https:\/\/mountlaser.com\/es\/wp-json\/wp\/v2\/product_brand?post=5874"},{"taxonomy":"product_cat","embeddable":true,"href":"https:\/\/mountlaser.com\/es\/wp-json\/wp\/v2\/product_cat?post=5874"},{"taxonomy":"product_tag","embeddable":true,"href":"https:\/\/mountlaser.com\/es\/wp-json\/wp\/v2\/product_tag?post=5874"}],"curies":[{"name":"wp","href":"https:\/\/api.w.org\/{rel}","templated":true}]}}