{"id":5872,"date":"2025-12-12T07:44:07","date_gmt":"2025-12-12T07:44:07","guid":{"rendered":"https:\/\/mountlaser.com\/?post_type=product&#038;p=5872"},"modified":"2025-12-12T07:44:08","modified_gmt":"2025-12-12T07:44:08","slug":"sm01-rd-surveying-marker","status":"publish","type":"product","link":"https:\/\/mountlaser.com\/es\/producto\/sm01-rd-surveying-marker\/","title":{"rendered":"Marcador topogr\u00e1fico SM01-RD"},"content":{"rendered":"<p data-start=\"215\" data-end=\"735\">El <a href=\"https:\/\/mountlaser.com\/es\/\"><strong data-start=\"219\" data-end=\"247\">Marcador topogr\u00e1fico SM01-RD<\/strong><\/a> Es un marcador de campo duradero y de alta visibilidad, dise\u00f1ado para puntos de referencia de precisi\u00f3n en aplicaciones de topograf\u00eda y construcci\u00f3n. Fabricado con pl\u00e1stico moldeado por inyecci\u00f3n de alta calidad, el marcador topogr\u00e1fico SM01-RD ofrece una resistencia excepcional y una fiabilidad a largo plazo, lo que lo convierte en la opci\u00f3n ideal para profesionales que requieren una se\u00f1alizaci\u00f3n precisa de obras. Como uno de los m\u00e1s fiables... <a href=\"https:\/\/mountlaser.com\/es\/categoria-producto\/surveying-accessory\/\"><strong data-start=\"629\" data-end=\"664\">Marcadores de l\u00edmites de estudio de pl\u00e1stico<\/strong><\/a>, garantiza un rendimiento constante incluso en entornos exteriores hostiles.<\/p>\n<p data-start=\"737\" data-end=\"1276\">Con su color rojo brillante y tama\u00f1o compacto (D46 \u00d7 D10 \u00d7 H6 mm), el marcador topogr\u00e1fico SM01-RD permite una r\u00e1pida identificaci\u00f3n de l\u00edneas de trazado, puntos de control y marcas de l\u00edmites. Los top\u00f3grafos que utilizan regularmente marcadores topogr\u00e1ficos de pl\u00e1stico apreciar\u00e1n su durabilidad, visibilidad y resistencia al desgaste. <a href=\"https:\/\/mountlaser.com\/es\/contact-us\/\">Marcador topogr\u00e1fico SM01-RD <\/a>Tambi\u00e9n es adecuado para proyectos a gran escala gracias a su MOQ competitivo de 1000 piezas, lo que lo convierte en una soluci\u00f3n rentable entre los marcadores de l\u00edmites de topograf\u00eda de pl\u00e1stico de calidad profesional.<\/p>\n<div>\n<table style=\"border-collapse: collapse; width: 801.02pt;\" border=\"0\" width=\"1068\" cellspacing=\"0\" cellpadding=\"0\">\n<tbody>\n<tr style=\"height: 14.25pt;\">\n<td class=\"et2\" style=\"height: 14.25pt; width: 127.50pt;\" width=\"170\" height=\"19\">N\u00daMERO<\/td>\n<td class=\"et2\" style=\"width: 196.50pt;\" width=\"262\">COLOR<\/td>\n<td class=\"et2\" style=\"width: 213.00pt;\" width=\"284\">TAMA\u00d1O D xdx H<\/td>\n<td class=\"et3\" style=\"width: 93.75pt;\" width=\"125\">Cantidad m\u00ednima de pedido (piezas)<\/td>\n<td class=\"et3\" style=\"width: 170.25pt;\" width=\"227\">IMAGEN<\/td>\n<\/tr>\n<tr style=\"height: 14.25pt;\">\n<td class=\"et4\" style=\"height: 14.25pt;\" height=\"19\">SM01-RD<\/td>\n<td class=\"et5\">ROJO<\/td>\n<td class=\"et6\">D46 \u00d7 d10 \u00d7 H6 mm<\/td>\n<td class=\"et7\" align=\"right\">1000<\/td>\n<td class=\"et7\"><img fetchpriority=\"high\" decoding=\"async\" class=\"aligncenter wp-image-5348\" src=\"https:\/\/mountlaser.com\/wp-content\/uploads\/2025\/12\/SM01-Surveying-Marker6-300x300.webp\" alt=\"SM01-RD Surveying Marker\" width=\"500\" height=\"500\" srcset=\"https:\/\/mountlaser.com\/wp-content\/uploads\/2025\/12\/SM01-Surveying-Marker6-300x300.webp 300w, https:\/\/mountlaser.com\/wp-content\/uploads\/2025\/12\/SM01-Surveying-Marker6-150x150.webp 150w, https:\/\/mountlaser.com\/wp-content\/uploads\/2025\/12\/SM01-Surveying-Marker6-768x768.webp 768w, https:\/\/mountlaser.com\/wp-content\/uploads\/2025\/12\/SM01-Surveying-Marker6-12x12.webp 12w, https:\/\/mountlaser.com\/wp-content\/uploads\/2025\/12\/SM01-Surveying-Marker6-600x600.webp 600w, https:\/\/mountlaser.com\/wp-content\/uploads\/2025\/12\/SM01-Surveying-Marker6-800x800.webp 800w, https:\/\/mountlaser.com\/wp-content\/uploads\/2025\/12\/SM01-Surveying-Marker6-400x400.webp 400w, https:\/\/mountlaser.com\/wp-content\/uploads\/2025\/12\/SM01-Surveying-Marker6.webp 1000w\" sizes=\"(max-width: 500px) 100vw, 500px\" \/><\/td>\n<\/tr>\n<\/tbody>\n<\/table>\n<\/div>","protected":false},"excerpt":{"rendered":"<ul>\n<li>Proporciona una visibilidad de campo brillante y f\u00e1cil de ver.<\/li>\n<li>Fabricado en pl\u00e1stico resistente moldeado por inyecci\u00f3n.<\/li>\n<li>Color rojo brillante para alta visibilidad.<\/li>\n<li>Dise\u00f1o duradero y resistente a la intemperie.<\/li>\n<\/ul>","protected":false},"featured_media":5352,"comment_status":"open","ping_status":"closed","template":"","meta":[],"product_brand":[],"product_cat":[152,79],"product_tag":[],"class_list":{"0":"post-5872","1":"product","2":"type-product","3":"status-publish","4":"has-post-thumbnail","6":"product_cat-surveying-marker","7":"product_cat-surveying-accessory","9":"first","10":"instock","11":"shipping-taxable","12":"product-type-simple"},"_links":{"self":[{"href":"https:\/\/mountlaser.com\/es\/wp-json\/wp\/v2\/product\/5872","targetHints":{"allow":["GET"]}}],"collection":[{"href":"https:\/\/mountlaser.com\/es\/wp-json\/wp\/v2\/product"}],"about":[{"href":"https:\/\/mountlaser.com\/es\/wp-json\/wp\/v2\/types\/product"}],"replies":[{"embeddable":true,"href":"https:\/\/mountlaser.com\/es\/wp-json\/wp\/v2\/comments?post=5872"}],"wp:featuredmedia":[{"embeddable":true,"href":"https:\/\/mountlaser.com\/es\/wp-json\/wp\/v2\/media\/5352"}],"wp:attachment":[{"href":"https:\/\/mountlaser.com\/es\/wp-json\/wp\/v2\/media?parent=5872"}],"wp:term":[{"taxonomy":"product_brand","embeddable":true,"href":"https:\/\/mountlaser.com\/es\/wp-json\/wp\/v2\/product_brand?post=5872"},{"taxonomy":"product_cat","embeddable":true,"href":"https:\/\/mountlaser.com\/es\/wp-json\/wp\/v2\/product_cat?post=5872"},{"taxonomy":"product_tag","embeddable":true,"href":"https:\/\/mountlaser.com\/es\/wp-json\/wp\/v2\/product_tag?post=5872"}],"curies":[{"name":"wp","href":"https:\/\/api.w.org\/{rel}","templated":true}]}}