{"id":5871,"date":"2025-12-12T06:55:30","date_gmt":"2025-12-12T06:55:30","guid":{"rendered":"https:\/\/mountlaser.com\/?post_type=product&#038;p=5871"},"modified":"2025-12-12T07:27:36","modified_gmt":"2025-12-12T07:27:36","slug":"sm01-yl-surveying-marker","status":"publish","type":"product","link":"https:\/\/mountlaser.com\/es\/producto\/sm01-yl-surveying-marker\/","title":{"rendered":"Marcador topogr\u00e1fico SM01-YL"},"content":{"rendered":"<p data-start=\"169\" data-end=\"642\">El <a href=\"https:\/\/mountlaser.com\/es\/\"><strong data-start=\"173\" data-end=\"201\">Marcador topogr\u00e1fico SM01-YL<\/strong><\/a> Es un marcador de campo confiable y duradero, dise\u00f1ado para puntos de referencia precisos en tareas de topograf\u00eda profesional. Fabricado con pl\u00e1stico moldeado por inyecci\u00f3n de alta calidad, el marcador topogr\u00e1fico SM01-YL ofrece un rendimiento duradero incluso en entornos exteriores exigentes. Como un marcador de campo altamente visible. <a href=\"https:\/\/mountlaser.com\/es\/categoria-producto\/surveying-accessory\/\"><strong data-start=\"493\" data-end=\"518\">marcador de inspecci\u00f3n de pl\u00e1stico<\/strong><\/a>, Proporciona una identificaci\u00f3n clara de l\u00edneas de dise\u00f1o, puntos de control y marcas de l\u00edmites en sitios de construcci\u00f3n y estudio.<\/p>\n<p data-start=\"644\" data-end=\"1006\">Dise\u00f1ado para brindar precisi\u00f3n y confiabilidad, el <a href=\"https:\/\/mountlaser.com\/es\/contact-us\/\">Marcador topogr\u00e1fico SM01-YL<\/a> Destaca entre los marcadores topogr\u00e1ficos de pl\u00e1stico modernos, con opciones de colores brillantes que garantizan un f\u00e1cil reconocimiento a distancia. Los profesionales que conf\u00edan en los marcadores topogr\u00e1ficos de pl\u00e1stico para sus operaciones diarias de campo apreciar\u00e1n su robustez, resistencia a la intemperie y precisi\u00f3n constante.<\/p>\n<div>\n<table style=\"border-collapse: collapse; width: 801.02pt;\" border=\"0\" width=\"1068\" cellspacing=\"0\" cellpadding=\"0\">\n<tbody>\n<tr style=\"height: 14.25pt;\">\n<td class=\"et2\" style=\"height: 14.25pt; width: 127.50pt;\" width=\"170\" height=\"19\">N\u00daMERO<\/td>\n<td class=\"et2\" style=\"width: 196.50pt;\" width=\"262\">COLOR<\/td>\n<td class=\"et2\" style=\"width: 213.00pt;\" width=\"284\">TAMA\u00d1O D xdx H<\/td>\n<td class=\"et3\" style=\"width: 93.75pt;\" width=\"125\">Cantidad m\u00ednima de pedido (piezas)<\/td>\n<td class=\"et3\" style=\"width: 170.25pt;\" width=\"227\">IMAGEN<\/td>\n<\/tr>\n<tr style=\"height: 14.25pt;\">\n<td class=\"et4\" style=\"height: 14.25pt;\" height=\"19\">SM01-YL<\/td>\n<td class=\"et5\">Amarillo<\/td>\n<td class=\"et6\">D46 \u00d7 d10 \u00d7 H6 mm<\/td>\n<td class=\"et7\" align=\"right\">1000<\/td>\n<td class=\"et7\"><img fetchpriority=\"high\" decoding=\"async\" class=\"alignnone wp-image-5350 size-medium\" src=\"https:\/\/mountlaser.com\/wp-content\/uploads\/2025\/12\/SM01-Surveying-Marker5-300x300.webp\" alt=\"SM01-YL Surveying Marker\" width=\"300\" height=\"300\" srcset=\"https:\/\/mountlaser.com\/wp-content\/uploads\/2025\/12\/SM01-Surveying-Marker5-300x300.webp 300w, https:\/\/mountlaser.com\/wp-content\/uploads\/2025\/12\/SM01-Surveying-Marker5-150x150.webp 150w, https:\/\/mountlaser.com\/wp-content\/uploads\/2025\/12\/SM01-Surveying-Marker5-768x768.webp 768w, https:\/\/mountlaser.com\/wp-content\/uploads\/2025\/12\/SM01-Surveying-Marker5-12x12.webp 12w, https:\/\/mountlaser.com\/wp-content\/uploads\/2025\/12\/SM01-Surveying-Marker5-600x600.webp 600w, https:\/\/mountlaser.com\/wp-content\/uploads\/2025\/12\/SM01-Surveying-Marker5-800x800.webp 800w, https:\/\/mountlaser.com\/wp-content\/uploads\/2025\/12\/SM01-Surveying-Marker5-400x400.webp 400w, https:\/\/mountlaser.com\/wp-content\/uploads\/2025\/12\/SM01-Surveying-Marker5.webp 1000w\" sizes=\"(max-width: 300px) 100vw, 300px\" \/><\/td>\n<\/tr>\n<\/tbody>\n<\/table>\n<\/div>","protected":false},"excerpt":{"rendered":"<ul>\n<li>Proporciona un marcado preciso para puntos de control, l\u00edmites y l\u00edneas de dise\u00f1o.<\/li>\n<li>Construido con pl\u00e1stico moldeado por inyecci\u00f3n de alta calidad para una durabilidad excepcional.<\/li>\n<li>Se ofrece en colores brillantes y de alta visibilidad para un f\u00e1cil reconocimiento en el campo.<\/li>\n<li>Ideal para sitios de construcci\u00f3n, estudios topogr\u00e1ficos y marcado de referencia a largo plazo.<\/li>\n<li>Ofrece un rendimiento confiable como marcador topogr\u00e1fico de calidad profesional.<\/li>\n<\/ul>","protected":false},"featured_media":5352,"comment_status":"open","ping_status":"closed","template":"","meta":[],"product_brand":[],"product_cat":[152,79],"product_tag":[],"class_list":{"0":"post-5871","1":"product","2":"type-product","3":"status-publish","4":"has-post-thumbnail","6":"product_cat-surveying-marker","7":"product_cat-surveying-accessory","9":"first","10":"instock","11":"shipping-taxable","12":"product-type-simple"},"_links":{"self":[{"href":"https:\/\/mountlaser.com\/es\/wp-json\/wp\/v2\/product\/5871","targetHints":{"allow":["GET"]}}],"collection":[{"href":"https:\/\/mountlaser.com\/es\/wp-json\/wp\/v2\/product"}],"about":[{"href":"https:\/\/mountlaser.com\/es\/wp-json\/wp\/v2\/types\/product"}],"replies":[{"embeddable":true,"href":"https:\/\/mountlaser.com\/es\/wp-json\/wp\/v2\/comments?post=5871"}],"wp:featuredmedia":[{"embeddable":true,"href":"https:\/\/mountlaser.com\/es\/wp-json\/wp\/v2\/media\/5352"}],"wp:attachment":[{"href":"https:\/\/mountlaser.com\/es\/wp-json\/wp\/v2\/media?parent=5871"}],"wp:term":[{"taxonomy":"product_brand","embeddable":true,"href":"https:\/\/mountlaser.com\/es\/wp-json\/wp\/v2\/product_brand?post=5871"},{"taxonomy":"product_cat","embeddable":true,"href":"https:\/\/mountlaser.com\/es\/wp-json\/wp\/v2\/product_cat?post=5871"},{"taxonomy":"product_tag","embeddable":true,"href":"https:\/\/mountlaser.com\/es\/wp-json\/wp\/v2\/product_tag?post=5871"}],"curies":[{"name":"wp","href":"https:\/\/api.w.org\/{rel}","templated":true}]}}