{"id":5869,"date":"2025-12-12T05:45:46","date_gmt":"2025-12-12T05:45:46","guid":{"rendered":"https:\/\/mountlaser.com\/?post_type=product&#038;p=5869"},"modified":"2025-12-12T05:45:46","modified_gmt":"2025-12-12T05:45:46","slug":"al03-abney-level","status":"publish","type":"product","link":"https:\/\/mountlaser.com\/es\/producto\/al03-abney-level\/","title":{"rendered":"AL03 Nivel Abney"},"content":{"rendered":"<p>El <a href=\"https:\/\/mountlaser.com\/es\/\"><strong>AL03 Nivel Abney<\/strong><\/a> Es un instrumento de precisi\u00f3n dise\u00f1ado para profesionales que necesitan evaluaciones r\u00e1pidas y fiables de pendientes y elevaciones en campo. Dise\u00f1ado con un tubo de observaci\u00f3n cuadrado y un telescopio de enfoque interno, el nivel Abney AL03 ofrece lecturas de alta precisi\u00f3n de 2 mm (20&#039;), lo que lo convierte en una opci\u00f3n fiable para la evaluaci\u00f3n del terreno, el dise\u00f1o de obras y las mediciones topogr\u00e1ficas. Como herramienta compacta y duradera, ampliamente utilizada en la topograf\u00eda con nivel manual Abney, permite a los top\u00f3grafos realizar comprobaciones de \u00e1ngulos, pendientes y elevaciones con confianza y eficiencia.<\/p>\n<p>Equipado con arcos intercambiables, una escala principal de 1\u00b0 con vernier de 10\u2032 y escalas de pendiente integradas de 1:1 y 1:10, el <a href=\"https:\/\/mountlaser.com\/es\/categoria-producto\/surveying-accessory\/\">AL03 Nivel Abney<\/a> Se adapta f\u00e1cilmente a una amplia gama de aplicaciones de campo. Su dial de 90 mm ofrece un rango de medici\u00f3n claro de 0\u00b0 a 90\u00b0, compatible con observaciones tanto est\u00e1ndar como de \u00e1ngulos pronunciados. Dise\u00f1ado para entornos topogr\u00e1ficos reales, este instrumento es un compa\u00f1ero fiable para la topograf\u00eda con nivel de mano Abney e incluye un pr\u00e1ctico estuche con presilla para cintur\u00f3n para facilitar su transporte en obra.<\/p>\n<p><img fetchpriority=\"high\" decoding=\"async\" class=\"aligncenter wp-image-5550\" src=\"https:\/\/mountlaser.com\/wp-content\/uploads\/2025\/12\/AL035.webp\" alt=\"AL03 Abney Level\" width=\"500\" height=\"500\" srcset=\"https:\/\/mountlaser.com\/wp-content\/uploads\/2025\/12\/AL035.webp 1000w, https:\/\/mountlaser.com\/wp-content\/uploads\/2025\/12\/AL035-300x300.webp 300w, https:\/\/mountlaser.com\/wp-content\/uploads\/2025\/12\/AL035-150x150.webp 150w, https:\/\/mountlaser.com\/wp-content\/uploads\/2025\/12\/AL035-768x768.webp 768w, https:\/\/mountlaser.com\/wp-content\/uploads\/2025\/12\/AL035-12x12.webp 12w, https:\/\/mountlaser.com\/wp-content\/uploads\/2025\/12\/AL035-600x600.webp 600w, https:\/\/mountlaser.com\/wp-content\/uploads\/2025\/12\/AL035-800x800.webp 800w, https:\/\/mountlaser.com\/wp-content\/uploads\/2025\/12\/AL035-400x400.webp 400w\" sizes=\"(max-width: 500px) 100vw, 500px\" \/><\/p>\n<p>Dise\u00f1ado para brindar versatilidad, portabilidad y precisi\u00f3n confiable, el nivel Abney AL03 sigue siendo una soluci\u00f3n ideal para los profesionales que realizan regularmente <a href=\"https:\/\/mountlaser.com\/es\/about-us\/\"><strong>Nivel de mano Abney para topograf\u00eda<\/strong><\/a> y requieren una herramienta precisa para medir pendientes, \u00e1ngulos y cambios de elevaci\u00f3n.<\/p>","protected":false},"excerpt":{"rendered":"<ul>\n<li>Medici\u00f3n precisa de pendientes, \u00e1ngulos y cambios de elevaci\u00f3n.<\/li>\n<li>Tubo de observaci\u00f3n cuadrado con telescopio de enfoque interno (precisi\u00f3n de 20&#039;\/2 mm)<\/li>\n<li>Arcos de medici\u00f3n intercambiables para un uso flexible<\/li>\n<li>Escala de 1\u00b0 con vernier de 10\u2032 para lecturas precisas<\/li>\n<li>Escalas de pendiente de gradiente integradas 1:1 y 1:10<\/li>\n<li>Esfera de 90 mm, rango de medici\u00f3n de 0\u00b0 a 90\u00b0<\/li>\n<li>Incluye estuche con presilla para cintur\u00f3n para f\u00e1cil portabilidad en el campo.<\/li>\n<li>Ideal para tareas de medici\u00f3n r\u00e1pidas y confiables con nivel de mano Abney<\/li>\n<\/ul>","protected":false},"featured_media":5546,"comment_status":"open","ping_status":"closed","template":"","meta":[],"product_brand":[],"product_cat":[156,79],"product_tag":[],"class_list":{"0":"post-5869","1":"product","2":"type-product","3":"status-publish","4":"has-post-thumbnail","6":"product_cat-abney-level","7":"product_cat-surveying-accessory","9":"first","10":"instock","11":"shipping-taxable","12":"product-type-simple"},"_links":{"self":[{"href":"https:\/\/mountlaser.com\/es\/wp-json\/wp\/v2\/product\/5869","targetHints":{"allow":["GET"]}}],"collection":[{"href":"https:\/\/mountlaser.com\/es\/wp-json\/wp\/v2\/product"}],"about":[{"href":"https:\/\/mountlaser.com\/es\/wp-json\/wp\/v2\/types\/product"}],"replies":[{"embeddable":true,"href":"https:\/\/mountlaser.com\/es\/wp-json\/wp\/v2\/comments?post=5869"}],"wp:featuredmedia":[{"embeddable":true,"href":"https:\/\/mountlaser.com\/es\/wp-json\/wp\/v2\/media\/5546"}],"wp:attachment":[{"href":"https:\/\/mountlaser.com\/es\/wp-json\/wp\/v2\/media?parent=5869"}],"wp:term":[{"taxonomy":"product_brand","embeddable":true,"href":"https:\/\/mountlaser.com\/es\/wp-json\/wp\/v2\/product_brand?post=5869"},{"taxonomy":"product_cat","embeddable":true,"href":"https:\/\/mountlaser.com\/es\/wp-json\/wp\/v2\/product_cat?post=5869"},{"taxonomy":"product_tag","embeddable":true,"href":"https:\/\/mountlaser.com\/es\/wp-json\/wp\/v2\/product_tag?post=5869"}],"curies":[{"name":"wp","href":"https:\/\/api.w.org\/{rel}","templated":true}]}}