{"id":5867,"date":"2025-12-12T03:13:33","date_gmt":"2025-12-12T03:13:33","guid":{"rendered":"https:\/\/mountlaser.com\/?post_type=product&#038;p=5867"},"modified":"2025-12-12T03:13:33","modified_gmt":"2025-12-12T03:13:33","slug":"ps4a-pocket-stereo-viewer","status":"publish","type":"product","link":"https:\/\/mountlaser.com\/es\/producto\/ps4a-pocket-stereo-viewer\/","title":{"rendered":"Visor est\u00e9reo de bolsillo para PS4A"},"content":{"rendered":"<p>El <a href=\"https:\/\/mountlaser.com\/es\/\"><strong>Visor est\u00e9reo de bolsillo para PS4A<\/strong><\/a> Es un estereoscopio compacto y listo para usar en campo, dise\u00f1ado para top\u00f3grafos profesionales y especialistas en cartograf\u00eda que requieren una interpretaci\u00f3n n\u00edtida de im\u00e1genes estereosc\u00f3picas. Dise\u00f1ado con soportes duraderos de aleaci\u00f3n de metal fundido, el visor est\u00e9reo de bolsillo PS4A ofrece un aumento fiable de 4X, lo que lo convierte en una alternativa potente y port\u00e1til a instrumentos estereosc\u00f3picos de mayor tama\u00f1o. Su rendimiento \u00f3ptico y su robusta construcci\u00f3n tambi\u00e9n lo convierten en la opci\u00f3n ideal para usuarios que necesitan un instrumento fiable. <a href=\"https:\/\/mountlaser.com\/es\/categoria-producto\/surveying-accessory\/\"><strong>Visor estereoscopio de bolsillo 4X<\/strong><\/a> tanto en entornos de oficina como al aire libre.<\/p>\n<p>Dise\u00f1ado para la comodidad y la claridad, el <a href=\"https:\/\/mountlaser.com\/es\/about-us\/\">Visor est\u00e9reo de bolsillo para PS4A<\/a> Cuenta con una distancia interpupilar ajustable de 56 mm a 75 mm, lo que permite a los usuarios personalizar el ajuste para sesiones de visualizaci\u00f3n prolongadas. Con un amplio campo de visi\u00f3n de 125 mm \u00d7 125 mm, los usuarios pueden realizar f\u00e1cilmente an\u00e1lisis estereosc\u00f3picos detallados sin el volumen ni las limitaciones de los estereoscopios tradicionales. Como vers\u00e1til visor estereoscopio de bolsillo 4X, destaca en la evaluaci\u00f3n del terreno, la fotogrametr\u00eda y la interpretaci\u00f3n general de im\u00e1genes estereosc\u00f3picas.<\/p>\n<p><img fetchpriority=\"high\" decoding=\"async\" class=\"aligncenter wp-image-5562\" src=\"https:\/\/mountlaser.com\/wp-content\/uploads\/2025\/12\/\u4e3b\u56fe2-4.webp\" alt=\"PS4A Pocket Stereo Viewer\" width=\"500\" height=\"500\" srcset=\"https:\/\/mountlaser.com\/wp-content\/uploads\/2025\/12\/\u4e3b\u56fe2-4.webp 1000w, https:\/\/mountlaser.com\/wp-content\/uploads\/2025\/12\/\u4e3b\u56fe2-4-300x300.webp 300w, https:\/\/mountlaser.com\/wp-content\/uploads\/2025\/12\/\u4e3b\u56fe2-4-150x150.webp 150w, https:\/\/mountlaser.com\/wp-content\/uploads\/2025\/12\/\u4e3b\u56fe2-4-768x768.webp 768w, https:\/\/mountlaser.com\/wp-content\/uploads\/2025\/12\/\u4e3b\u56fe2-4-12x12.webp 12w, https:\/\/mountlaser.com\/wp-content\/uploads\/2025\/12\/\u4e3b\u56fe2-4-600x600.webp 600w, https:\/\/mountlaser.com\/wp-content\/uploads\/2025\/12\/\u4e3b\u56fe2-4-800x800.webp 800w, https:\/\/mountlaser.com\/wp-content\/uploads\/2025\/12\/\u4e3b\u56fe2-4-400x400.webp 400w\" sizes=\"(max-width: 500px) 100vw, 500px\" \/><\/p>\n<p>Ya sea que est\u00e9 realizando cartograf\u00eda in situ o analizando fotograf\u00edas a\u00e9reas en la oficina, el visor est\u00e9reo de bolsillo PS4A proporciona la estabilidad, la claridad y la precisi\u00f3n \u00f3ptica necesarias en los flujos de trabajo topogr\u00e1ficos modernos. Su potencia \u00f3ptica 4X y su marco compacto lo convierten en el dispositivo ideal. <a href=\"https:\/\/mountlaser.com\/es\/contact-us\/\">Visor estereoscopio de bolsillo 4X<\/a> Para profesionales que necesitan precisi\u00f3n sin sacrificar la portabilidad.<\/p>","protected":false},"excerpt":{"rendered":"<ul>\n<li>Aumento de 4X para una interpretaci\u00f3n clara de im\u00e1genes estereosc\u00f3picas<\/li>\n<li>Distancia interpupilar ajustable (56\u201375 mm) para un uso c\u00f3modo<\/li>\n<li>Campo de visi\u00f3n de 125 mm \u00d7 125 mm para observaci\u00f3n estereosc\u00f3pica de \u00e1rea amplia<\/li>\n<li>Construcci\u00f3n duradera de aleaci\u00f3n de metal fundido para confiabilidad en el campo<\/li>\n<li>Ideal para fotogrametr\u00eda, an\u00e1lisis de terreno y aplicaciones topogr\u00e1ficas.<\/li>\n<li>Funciona como un visor estereoscopio de bolsillo 4X altamente port\u00e1til<\/li>\n<\/ul>","protected":false},"featured_media":5564,"comment_status":"open","ping_status":"closed","template":"","meta":[],"product_brand":[],"product_cat":[158,79],"product_tag":[],"class_list":{"0":"post-5867","1":"product","2":"type-product","3":"status-publish","4":"has-post-thumbnail","6":"product_cat-pocket-stereo-viewer","7":"product_cat-surveying-accessory","9":"first","10":"instock","11":"shipping-taxable","12":"product-type-simple"},"_links":{"self":[{"href":"https:\/\/mountlaser.com\/es\/wp-json\/wp\/v2\/product\/5867","targetHints":{"allow":["GET"]}}],"collection":[{"href":"https:\/\/mountlaser.com\/es\/wp-json\/wp\/v2\/product"}],"about":[{"href":"https:\/\/mountlaser.com\/es\/wp-json\/wp\/v2\/types\/product"}],"replies":[{"embeddable":true,"href":"https:\/\/mountlaser.com\/es\/wp-json\/wp\/v2\/comments?post=5867"}],"wp:featuredmedia":[{"embeddable":true,"href":"https:\/\/mountlaser.com\/es\/wp-json\/wp\/v2\/media\/5564"}],"wp:attachment":[{"href":"https:\/\/mountlaser.com\/es\/wp-json\/wp\/v2\/media?parent=5867"}],"wp:term":[{"taxonomy":"product_brand","embeddable":true,"href":"https:\/\/mountlaser.com\/es\/wp-json\/wp\/v2\/product_brand?post=5867"},{"taxonomy":"product_cat","embeddable":true,"href":"https:\/\/mountlaser.com\/es\/wp-json\/wp\/v2\/product_cat?post=5867"},{"taxonomy":"product_tag","embeddable":true,"href":"https:\/\/mountlaser.com\/es\/wp-json\/wp\/v2\/product_tag?post=5867"}],"curies":[{"name":"wp","href":"https:\/\/api.w.org\/{rel}","templated":true}]}}