{"id":5858,"date":"2025-12-12T02:40:46","date_gmt":"2025-12-12T02:40:46","guid":{"rendered":"https:\/\/mountlaser.com\/?post_type=product&#038;p=5858"},"modified":"2025-12-12T02:40:46","modified_gmt":"2025-12-12T02:40:46","slug":"dql-8-geology-compass","status":"publish","type":"product","link":"https:\/\/mountlaser.com\/es\/producto\/dql-8-geology-compass\/","title":{"rendered":"Br\u00fajula geol\u00f3gica DQL-8"},"content":{"rendered":"<p>El <a href=\"https:\/\/mountlaser.com\/es\/\"><strong>Br\u00fajula geol\u00f3gica DQL-8<\/strong><\/a> Es un instrumento de campo de precisi\u00f3n dise\u00f1ado para geolog\u00eda estructural, cartograf\u00eda y estudios de ingenier\u00eda. Dise\u00f1ado para funcionar como un instrumento de alta calidad. <a href=\"https:\/\/mountlaser.com\/es\/categoria-producto\/surveying-accessory\/\"><strong>clin\u00f3metro de br\u00fajula Brunton<\/strong><\/a>, El DQL-8 ofrece precisi\u00f3n confiable en la medici\u00f3n de rumbo, inclinaci\u00f3n, azimut e inclinaci\u00f3n. Ya sea para investigaci\u00f3n acad\u00e9mica o exploraci\u00f3n geol\u00f3gica profesional, este modelo ofrece un rendimiento confiable en entornos de campo exigentes.<\/p>\n<p>La br\u00fajula geol\u00f3gica DQL-8 cuenta con un nivel de aire largo con una sensibilidad de 15&#039; \u00b1 3&#039;\/2 mm y un nivel de aire circular con una precisi\u00f3n de 30&#039; \u00b1 8&#039;\/2 mm, lo que garantiza lecturas estables y precisas. Su clin\u00f3metro integrado, con un error de lectura de \u22640,5\u00b0, facilita la medici\u00f3n de \u00e1ngulos de inclinaci\u00f3n, convirti\u00e9ndola en una excelente alternativa a una br\u00fajula tradicional. <a href=\"https:\/\/mountlaser.com\/es\/about-us\/\"><strong>clin\u00f3metro de br\u00fajula Brunton<\/strong><\/a>. La escala del dial de 1\u00b0 ofrece graduaciones claras para mediciones estructurales r\u00e1pidas y precisas.<\/p>\n<p><img fetchpriority=\"high\" decoding=\"async\" class=\"aligncenter wp-image-5863\" src=\"https:\/\/mountlaser.com\/wp-content\/uploads\/2025\/12\/DQL-8\uff085\uff09.webp\" alt=\"DQL-8 geology compass\" width=\"500\" height=\"500\" srcset=\"https:\/\/mountlaser.com\/wp-content\/uploads\/2025\/12\/DQL-8\uff085\uff09.webp 1000w, https:\/\/mountlaser.com\/wp-content\/uploads\/2025\/12\/DQL-8\uff085\uff09-300x300.webp 300w, https:\/\/mountlaser.com\/wp-content\/uploads\/2025\/12\/DQL-8\uff085\uff09-150x150.webp 150w, https:\/\/mountlaser.com\/wp-content\/uploads\/2025\/12\/DQL-8\uff085\uff09-768x768.webp 768w, https:\/\/mountlaser.com\/wp-content\/uploads\/2025\/12\/DQL-8\uff085\uff09-12x12.webp 12w, https:\/\/mountlaser.com\/wp-content\/uploads\/2025\/12\/DQL-8\uff085\uff09-600x600.webp 600w, https:\/\/mountlaser.com\/wp-content\/uploads\/2025\/12\/DQL-8\uff085\uff09-800x800.webp 800w, https:\/\/mountlaser.com\/wp-content\/uploads\/2025\/12\/DQL-8\uff085\uff09-400x400.webp 400w\" sizes=\"(max-width: 500px) 100vw, 500px\" \/><\/p>\n<p>Altamente durable y f\u00e1cil de operar, el <a href=\"https:\/\/mountlaser.com\/es\/contact-us\/\">Br\u00fajula geol\u00f3gica DQL-8<\/a> Apoya a los ge\u00f3logos que necesitan una herramienta robusta y confiable para estudios minerales, de orientaci\u00f3n de rocas y trabajo de campo ambiental. Como br\u00fajula geol\u00f3gica y clin\u00f3metro de br\u00fajula Brunton, combina precisi\u00f3n y funcionalidad en un solo instrumento.<\/p>","protected":false},"excerpt":{"rendered":"<ul>\n<li>Mide rumbo, inclinaci\u00f3n, azimut e inclinaci\u00f3n para an\u00e1lisis geol\u00f3gicos y estructurales.<\/li>\n<li>Nivel de aire largo (15&#039; \u00b1 3&#039; \/ 2 mm) y nivel de aire circular (30&#039; \u00b1 8&#039; \/ 2 mm) para una nivelaci\u00f3n estable<\/li>\n<li>Error de lectura del clin\u00f3metro \u22640,5\u00b0 para una medici\u00f3n precisa del \u00e1ngulo<\/li>\n<li>Escala de cuadrante de 1\u00b0 para lecturas claras y confiables<\/li>\n<li>Funciona como una br\u00fajula geol\u00f3gica y como una alternativa al clin\u00f3metro de br\u00fajula Brunton.<\/li>\n<li>Durable, port\u00e1til e ideal para profesionales de campo.<\/li>\n<\/ul>","protected":false},"featured_media":5859,"comment_status":"open","ping_status":"closed","template":"","meta":[],"product_brand":[],"product_cat":[165,79],"product_tag":[],"class_list":{"0":"post-5858","1":"product","2":"type-product","3":"status-publish","4":"has-post-thumbnail","6":"product_cat-geology-compass","7":"product_cat-surveying-accessory","9":"first","10":"instock","11":"shipping-taxable","12":"product-type-simple"},"_links":{"self":[{"href":"https:\/\/mountlaser.com\/es\/wp-json\/wp\/v2\/product\/5858","targetHints":{"allow":["GET"]}}],"collection":[{"href":"https:\/\/mountlaser.com\/es\/wp-json\/wp\/v2\/product"}],"about":[{"href":"https:\/\/mountlaser.com\/es\/wp-json\/wp\/v2\/types\/product"}],"replies":[{"embeddable":true,"href":"https:\/\/mountlaser.com\/es\/wp-json\/wp\/v2\/comments?post=5858"}],"wp:featuredmedia":[{"embeddable":true,"href":"https:\/\/mountlaser.com\/es\/wp-json\/wp\/v2\/media\/5859"}],"wp:attachment":[{"href":"https:\/\/mountlaser.com\/es\/wp-json\/wp\/v2\/media?parent=5858"}],"wp:term":[{"taxonomy":"product_brand","embeddable":true,"href":"https:\/\/mountlaser.com\/es\/wp-json\/wp\/v2\/product_brand?post=5858"},{"taxonomy":"product_cat","embeddable":true,"href":"https:\/\/mountlaser.com\/es\/wp-json\/wp\/v2\/product_cat?post=5858"},{"taxonomy":"product_tag","embeddable":true,"href":"https:\/\/mountlaser.com\/es\/wp-json\/wp\/v2\/product_tag?post=5858"}],"curies":[{"name":"wp","href":"https:\/\/api.w.org\/{rel}","templated":true}]}}