{"id":5851,"date":"2025-12-12T01:30:53","date_gmt":"2025-12-12T01:30:53","guid":{"rendered":"https:\/\/mountlaser.com\/?post_type=product&#038;p=5851"},"modified":"2025-12-12T01:30:53","modified_gmt":"2025-12-12T01:30:53","slug":"tsfg02-tripod-floor-guide","status":"publish","type":"product","link":"https:\/\/mountlaser.com\/es\/producto\/tsfg02-tripod-floor-guide\/","title":{"rendered":"Gu\u00eda de suelo para tr\u00edpode TSFG02"},"content":{"rendered":"<p data-start=\"145\" data-end=\"641\">El <a href=\"https:\/\/mountlaser.com\/es\/\"><strong data-start=\"149\" data-end=\"178\">Gu\u00eda de suelo para tr\u00edpode TSFG02<\/strong><\/a> Es un accesorio estabilizador de precisi\u00f3n dise\u00f1ado para mantener los tr\u00edpodes topogr\u00e1ficos estables y correctamente posicionados en superficies lisas o duras. Fabricada en aluminio resistente, la gu\u00eda de suelo para tr\u00edpode TSFG02 extiende las patas del tr\u00edpode hasta 59 cm, lo que proporciona una posici\u00f3n m\u00e1s amplia y segura. Como un accesorio fiable <a href=\"https:\/\/mountlaser.com\/es\/categoria-producto\/surveying-accessory\/\"><strong data-start=\"473\" data-end=\"494\">Estabilizador de tr\u00edpode<\/strong><\/a>, Incluye ranuras adicionales a 36 cm, 47 cm y 58 cm, lo que permite a los top\u00f3grafos ajustar y bloquear r\u00e1pidamente la configuraci\u00f3n de su tr\u00edpode para una alineaci\u00f3n exacta.<\/p>\n<p><img fetchpriority=\"high\" decoding=\"async\" class=\"aligncenter wp-image-5579\" src=\"https:\/\/mountlaser.com\/wp-content\/uploads\/2025\/12\/TSFG02.webp\" alt=\"TSFG02 Tripod Floor Guide\" width=\"500\" height=\"500\" srcset=\"https:\/\/mountlaser.com\/wp-content\/uploads\/2025\/12\/TSFG02.webp 1000w, https:\/\/mountlaser.com\/wp-content\/uploads\/2025\/12\/TSFG02-300x300.webp 300w, https:\/\/mountlaser.com\/wp-content\/uploads\/2025\/12\/TSFG02-150x150.webp 150w, https:\/\/mountlaser.com\/wp-content\/uploads\/2025\/12\/TSFG02-768x768.webp 768w, https:\/\/mountlaser.com\/wp-content\/uploads\/2025\/12\/TSFG02-12x12.webp 12w, https:\/\/mountlaser.com\/wp-content\/uploads\/2025\/12\/TSFG02-600x600.webp 600w, https:\/\/mountlaser.com\/wp-content\/uploads\/2025\/12\/TSFG02-800x800.webp 800w, https:\/\/mountlaser.com\/wp-content\/uploads\/2025\/12\/TSFG02-400x400.webp 400w\" sizes=\"(max-width: 500px) 100vw, 500px\" \/><\/p>\n<p>Con ranuras dedicadas y correas de goma que fijan firmemente las puntas del tr\u00edpode, este estabilizador de tr\u00edpode ofrece una estabilidad constante durante operaciones con estaciones totales, niveles l\u00e1ser o esc\u00e1neres. Ya sea que trabaje en pisos pulidos, concreto o en obras interiores, la gu\u00eda de piso para tr\u00edpode TSFG02 garantiza configuraciones m\u00e1s r\u00e1pidas, minimiza el deslizamiento y mejora la precisi\u00f3n de las mediciones, lo que la convierte en un elemento esencial. <a href=\"https:\/\/mountlaser.com\/es\/about-us\/\">Estabilizador de tr\u00edpode<\/a> Para top\u00f3grafos profesionales.<\/p>","protected":false},"excerpt":{"rendered":"<ul>\n<li>Extiende las patas del tr\u00edpode hasta 23,6\u2033 para una mayor estabilidad<\/li>\n<li>M\u00faltiples posiciones de ranura (36 cm \/ 47 cm \/ 58 cm) para configuraciones vers\u00e1tiles<\/li>\n<li>Las ranuras para correas de goma mantienen las puntas del tr\u00edpode firmemente en su lugar<\/li>\n<li>Evita el movimiento del tr\u00edpode en superficies interiores resbaladizas o duras.<\/li>\n<li>Mejora la precisi\u00f3n durante la alineaci\u00f3n del instrumento.<\/li>\n<\/ul>","protected":false},"featured_media":5579,"comment_status":"open","ping_status":"closed","template":"","meta":[],"product_brand":[],"product_cat":[160,79],"product_tag":[],"class_list":{"0":"post-5851","1":"product","2":"type-product","3":"status-publish","4":"has-post-thumbnail","6":"product_cat-tripod-floor-guide","7":"product_cat-surveying-accessory","9":"first","10":"instock","11":"shipping-taxable","12":"product-type-simple"},"_links":{"self":[{"href":"https:\/\/mountlaser.com\/es\/wp-json\/wp\/v2\/product\/5851","targetHints":{"allow":["GET"]}}],"collection":[{"href":"https:\/\/mountlaser.com\/es\/wp-json\/wp\/v2\/product"}],"about":[{"href":"https:\/\/mountlaser.com\/es\/wp-json\/wp\/v2\/types\/product"}],"replies":[{"embeddable":true,"href":"https:\/\/mountlaser.com\/es\/wp-json\/wp\/v2\/comments?post=5851"}],"wp:featuredmedia":[{"embeddable":true,"href":"https:\/\/mountlaser.com\/es\/wp-json\/wp\/v2\/media\/5579"}],"wp:attachment":[{"href":"https:\/\/mountlaser.com\/es\/wp-json\/wp\/v2\/media?parent=5851"}],"wp:term":[{"taxonomy":"product_brand","embeddable":true,"href":"https:\/\/mountlaser.com\/es\/wp-json\/wp\/v2\/product_brand?post=5851"},{"taxonomy":"product_cat","embeddable":true,"href":"https:\/\/mountlaser.com\/es\/wp-json\/wp\/v2\/product_cat?post=5851"},{"taxonomy":"product_tag","embeddable":true,"href":"https:\/\/mountlaser.com\/es\/wp-json\/wp\/v2\/product_tag?post=5851"}],"curies":[{"name":"wp","href":"https:\/\/api.w.org\/{rel}","templated":true}]}}