{"id":5839,"date":"2025-12-11T07:17:37","date_gmt":"2025-12-11T07:17:37","guid":{"rendered":"https:\/\/mountlaser.com\/?post_type=product&#038;p=5839"},"modified":"2025-12-11T07:18:42","modified_gmt":"2025-12-11T07:18:42","slug":"pb01-18-brass-plumb-bob","status":"publish","type":"product","link":"https:\/\/mountlaser.com\/es\/producto\/pb01-18-brass-plumb-bob\/","title":{"rendered":"PB01-18 Plomada de lat\u00f3n"},"content":{"rendered":"<p data-start=\"263\" data-end=\"713\">El <a href=\"https:\/\/mountlaser.com\/es\/\"><strong data-start=\"267\" data-end=\"294\">PB01-18 Plomada de lat\u00f3n<\/strong><\/a> Est\u00e1 dise\u00f1ado por expertos para profesionales que exigen alta precisi\u00f3n y una fiabilidad inquebrantable en el campo. Fabricado en lat\u00f3n macizo y dise\u00f1ado para un equilibrio perfecto, este... <a href=\"https:\/\/mountlaser.com\/es\/categoria-producto\/surveying-accessory\/\"><strong data-start=\"464\" data-end=\"490\">Plomada de lat\u00f3n de 18 oz<\/strong><\/a> Garantiza una alineaci\u00f3n vertical uniforme incluso en condiciones de trabajo dif\u00edciles. Su acabado de laca protectora aumenta la durabilidad, ayudando a la plomada de lat\u00f3n PB01-18 a mantener su rendimiento y apariencia durante a\u00f1os de uso.<\/p>\n<p><img fetchpriority=\"high\" decoding=\"async\" class=\"aligncenter wp-image-5449\" src=\"https:\/\/mountlaser.com\/wp-content\/uploads\/2025\/12\/PB01.webp\" alt=\"PB01-18 Brass Plumb Bob\" width=\"500\" height=\"500\" srcset=\"https:\/\/mountlaser.com\/wp-content\/uploads\/2025\/12\/PB01.webp 1000w, https:\/\/mountlaser.com\/wp-content\/uploads\/2025\/12\/PB01-300x300.webp 300w, https:\/\/mountlaser.com\/wp-content\/uploads\/2025\/12\/PB01-150x150.webp 150w, https:\/\/mountlaser.com\/wp-content\/uploads\/2025\/12\/PB01-768x768.webp 768w, https:\/\/mountlaser.com\/wp-content\/uploads\/2025\/12\/PB01-12x12.webp 12w, https:\/\/mountlaser.com\/wp-content\/uploads\/2025\/12\/PB01-600x600.webp 600w, https:\/\/mountlaser.com\/wp-content\/uploads\/2025\/12\/PB01-800x800.webp 800w, https:\/\/mountlaser.com\/wp-content\/uploads\/2025\/12\/PB01-400x400.webp 400w\" sizes=\"(max-width: 500px) 100vw, 500px\" \/><\/p>\n<p>Equipado con una punta de acero endurecido, el <a href=\"https:\/\/mountlaser.com\/es\/contact-us\/\">Plomada de lat\u00f3n de 18 oz<\/a> Proporciona un marcado n\u00edtido y preciso para trabajos de dise\u00f1o y alineaci\u00f3n. La rosca ASA est\u00e1ndar garantiza compatibilidad universal, mientras que la tapa roscada ASA de acero incluye almacenamiento interno para mayor comodidad y disponibilidad. Dise\u00f1ada para profesionales exigentes, la plomada de lat\u00f3n PB01-18 combina durabilidad, precisi\u00f3n y dise\u00f1o pr\u00e1ctico en una herramienta confiable.<\/p>","protected":false},"excerpt":{"rendered":"<ul>\n<li>Proporciona una referencia vertical estable y precisa para el dise\u00f1o y la alineaci\u00f3n.<\/li>\n<li>Cuerpo de lat\u00f3n macizo con distribuci\u00f3n \u00f3ptima del peso para un rendimiento suave y constante.<\/li>\n<li>La punta de acero endurecido garantiza un marcado n\u00edtido y preciso.<\/li>\n<li>La rosca ASA est\u00e1ndar ofrece una amplia compatibilidad con cables y accesorios<\/li>\n<li>La tapa de rosca de acero ASA con almacenamiento interno de puntas de repuesto mejora la usabilidad y la longevidad<\/li>\n<\/ul>","protected":false},"featured_media":5449,"comment_status":"open","ping_status":"closed","template":"","meta":[],"product_brand":[],"product_cat":[154,79],"product_tag":[],"class_list":{"0":"post-5839","1":"product","2":"type-product","3":"status-publish","4":"has-post-thumbnail","6":"product_cat-brass-plumb-bob","7":"product_cat-surveying-accessory","9":"first","10":"instock","11":"shipping-taxable","12":"product-type-simple"},"_links":{"self":[{"href":"https:\/\/mountlaser.com\/es\/wp-json\/wp\/v2\/product\/5839","targetHints":{"allow":["GET"]}}],"collection":[{"href":"https:\/\/mountlaser.com\/es\/wp-json\/wp\/v2\/product"}],"about":[{"href":"https:\/\/mountlaser.com\/es\/wp-json\/wp\/v2\/types\/product"}],"replies":[{"embeddable":true,"href":"https:\/\/mountlaser.com\/es\/wp-json\/wp\/v2\/comments?post=5839"}],"wp:featuredmedia":[{"embeddable":true,"href":"https:\/\/mountlaser.com\/es\/wp-json\/wp\/v2\/media\/5449"}],"wp:attachment":[{"href":"https:\/\/mountlaser.com\/es\/wp-json\/wp\/v2\/media?parent=5839"}],"wp:term":[{"taxonomy":"product_brand","embeddable":true,"href":"https:\/\/mountlaser.com\/es\/wp-json\/wp\/v2\/product_brand?post=5839"},{"taxonomy":"product_cat","embeddable":true,"href":"https:\/\/mountlaser.com\/es\/wp-json\/wp\/v2\/product_cat?post=5839"},{"taxonomy":"product_tag","embeddable":true,"href":"https:\/\/mountlaser.com\/es\/wp-json\/wp\/v2\/product_tag?post=5839"}],"curies":[{"name":"wp","href":"https:\/\/api.w.org\/{rel}","templated":true}]}}