{"id":5838,"date":"2025-12-11T06:37:34","date_gmt":"2025-12-11T06:37:34","guid":{"rendered":"https:\/\/mountlaser.com\/?post_type=product&#038;p=5838"},"modified":"2025-12-11T06:37:34","modified_gmt":"2025-12-11T06:37:34","slug":"pb01-16-brass-plumb-bob","status":"publish","type":"product","link":"https:\/\/mountlaser.com\/es\/producto\/pb01-16-brass-plumb-bob\/","title":{"rendered":"PB01-16 Plomada de lat\u00f3n"},"content":{"rendered":"<p data-start=\"264\" data-end=\"707\">El <a href=\"https:\/\/mountlaser.com\/es\/\"><strong data-start=\"268\" data-end=\"295\">PB01-16 Plomada de lat\u00f3n<\/strong><\/a> Est\u00e1 dise\u00f1ado para profesionales que exigen precisi\u00f3n absoluta y durabilidad a largo plazo. Fabricado con precisi\u00f3n en lat\u00f3n macizo y dise\u00f1ado para un equilibrio perfecto, este... <a href=\"https:\/\/mountlaser.com\/es\/categoria-producto\/surveying-accessory\/\"><strong data-start=\"461\" data-end=\"487\">Plomada de lat\u00f3n de 16 oz<\/strong><\/a> Proporciona una alineaci\u00f3n vertical excepcionalmente estable en cualquier condici\u00f3n de trabajo. Protegida con un acabado de laca resistente, la plomada de lat\u00f3n PB01-16 conserva su rendimiento y apariencia incluso despu\u00e9s de un uso prolongado en el campo.<\/p>\n<p><img fetchpriority=\"high\" decoding=\"async\" class=\"aligncenter wp-image-5449\" src=\"https:\/\/mountlaser.com\/wp-content\/uploads\/2025\/12\/PB01.webp\" alt=\"PB01-16 Brass Plumb Bob\" width=\"500\" height=\"500\" srcset=\"https:\/\/mountlaser.com\/wp-content\/uploads\/2025\/12\/PB01.webp 1000w, https:\/\/mountlaser.com\/wp-content\/uploads\/2025\/12\/PB01-300x300.webp 300w, https:\/\/mountlaser.com\/wp-content\/uploads\/2025\/12\/PB01-150x150.webp 150w, https:\/\/mountlaser.com\/wp-content\/uploads\/2025\/12\/PB01-768x768.webp 768w, https:\/\/mountlaser.com\/wp-content\/uploads\/2025\/12\/PB01-12x12.webp 12w, https:\/\/mountlaser.com\/wp-content\/uploads\/2025\/12\/PB01-600x600.webp 600w, https:\/\/mountlaser.com\/wp-content\/uploads\/2025\/12\/PB01-800x800.webp 800w, https:\/\/mountlaser.com\/wp-content\/uploads\/2025\/12\/PB01-400x400.webp 400w\" sizes=\"(max-width: 500px) 100vw, 500px\" \/><\/p>\n<p>Equipada con una punta de acero endurecido, la plomada de lat\u00f3n de 473 g (16 oz) garantiza un marcado preciso y n\u00edtido para tareas de dise\u00f1o, alineaci\u00f3n y construcci\u00f3n. Su rosca ASA est\u00e1ndar garantiza su compatibilidad con una amplia gama de cables y accesorios. La tapa de rosca ASA de acero tambi\u00e9n incluye almacenamiento interno para una punta adicional, lo que facilita... <a href=\"https:\/\/mountlaser.com\/es\/about-us\/\">PB01-16 Plomada de lat\u00f3n<\/a> Una herramienta vers\u00e1til, confiable y altamente eficiente para aplicaciones profesionales diarias.<\/p>","protected":false},"excerpt":{"rendered":"<ul>\n<li>Proporciona una referencia vertical estable y precisa para el dise\u00f1o y la alineaci\u00f3n.<\/li>\n<li>Cuerpo de lat\u00f3n macizo con distribuci\u00f3n perfecta del peso que garantiza un rendimiento constante.<\/li>\n<li>La punta de acero endurecido proporciona un marcado limpio y preciso.<\/li>\n<li>La rosca ASA est\u00e1ndar ofrece compatibilidad con cables y accesorios de uso universal<\/li>\n<li>La tapa de rosca de acero ASA con almacenamiento interno de puntas mejora la comodidad y la longevidad de la herramienta<\/li>\n<\/ul>","protected":false},"featured_media":5449,"comment_status":"open","ping_status":"closed","template":"","meta":[],"product_brand":[],"product_cat":[154,79],"product_tag":[],"class_list":{"0":"post-5838","1":"product","2":"type-product","3":"status-publish","4":"has-post-thumbnail","6":"product_cat-brass-plumb-bob","7":"product_cat-surveying-accessory","9":"first","10":"instock","11":"shipping-taxable","12":"product-type-simple"},"_links":{"self":[{"href":"https:\/\/mountlaser.com\/es\/wp-json\/wp\/v2\/product\/5838","targetHints":{"allow":["GET"]}}],"collection":[{"href":"https:\/\/mountlaser.com\/es\/wp-json\/wp\/v2\/product"}],"about":[{"href":"https:\/\/mountlaser.com\/es\/wp-json\/wp\/v2\/types\/product"}],"replies":[{"embeddable":true,"href":"https:\/\/mountlaser.com\/es\/wp-json\/wp\/v2\/comments?post=5838"}],"wp:featuredmedia":[{"embeddable":true,"href":"https:\/\/mountlaser.com\/es\/wp-json\/wp\/v2\/media\/5449"}],"wp:attachment":[{"href":"https:\/\/mountlaser.com\/es\/wp-json\/wp\/v2\/media?parent=5838"}],"wp:term":[{"taxonomy":"product_brand","embeddable":true,"href":"https:\/\/mountlaser.com\/es\/wp-json\/wp\/v2\/product_brand?post=5838"},{"taxonomy":"product_cat","embeddable":true,"href":"https:\/\/mountlaser.com\/es\/wp-json\/wp\/v2\/product_cat?post=5838"},{"taxonomy":"product_tag","embeddable":true,"href":"https:\/\/mountlaser.com\/es\/wp-json\/wp\/v2\/product_tag?post=5838"}],"curies":[{"name":"wp","href":"https:\/\/api.w.org\/{rel}","templated":true}]}}