{"id":5837,"date":"2025-12-11T06:16:23","date_gmt":"2025-12-11T06:16:23","guid":{"rendered":"https:\/\/mountlaser.com\/?post_type=product&#038;p=5837"},"modified":"2025-12-11T06:16:23","modified_gmt":"2025-12-11T06:16:23","slug":"pb01-14-brass-plumb-bob","status":"publish","type":"product","link":"https:\/\/mountlaser.com\/es\/producto\/pb01-14-brass-plumb-bob\/","title":{"rendered":"PB01-14 Plomada de lat\u00f3n"},"content":{"rendered":"<p data-start=\"271\" data-end=\"707\">El <a href=\"https:\/\/mountlaser.com\/es\/\"><strong data-start=\"275\" data-end=\"302\">PB01-14 Plomada de lat\u00f3n<\/strong><\/a> Es una herramienta mecanizada con precisi\u00f3n, dise\u00f1ada para profesionales que exigen precisi\u00f3n vertical confiable en cada trabajo. Fabricada en lat\u00f3n macizo y dise\u00f1ada para un equilibrio perfecto, esta... <a href=\"https:\/\/mountlaser.com\/es\/categoria-producto\/surveying-accessory\/\"><strong data-start=\"476\" data-end=\"502\">Plomada de lat\u00f3n de 14 oz<\/strong><\/a> Proporciona una alineaci\u00f3n estable y fiable incluso en entornos de campo dif\u00edciles. Un acabado de laca protectora garantiza que la plomada de lat\u00f3n PB01-14 conserve su rendimiento y apariencia durante un uso prolongado.<\/p>\n<p data-start=\"271\" data-end=\"707\"><img fetchpriority=\"high\" decoding=\"async\" class=\"aligncenter wp-image-5449\" src=\"https:\/\/mountlaser.com\/wp-content\/uploads\/2025\/12\/PB01.webp\" alt=\"PB01-14 Brass Plumb Bob\" width=\"500\" height=\"500\" srcset=\"https:\/\/mountlaser.com\/wp-content\/uploads\/2025\/12\/PB01.webp 1000w, https:\/\/mountlaser.com\/wp-content\/uploads\/2025\/12\/PB01-300x300.webp 300w, https:\/\/mountlaser.com\/wp-content\/uploads\/2025\/12\/PB01-150x150.webp 150w, https:\/\/mountlaser.com\/wp-content\/uploads\/2025\/12\/PB01-768x768.webp 768w, https:\/\/mountlaser.com\/wp-content\/uploads\/2025\/12\/PB01-12x12.webp 12w, https:\/\/mountlaser.com\/wp-content\/uploads\/2025\/12\/PB01-600x600.webp 600w, https:\/\/mountlaser.com\/wp-content\/uploads\/2025\/12\/PB01-800x800.webp 800w, https:\/\/mountlaser.com\/wp-content\/uploads\/2025\/12\/PB01-400x400.webp 400w\" sizes=\"(max-width: 500px) 100vw, 500px\" \/><\/p>\n<p data-start=\"709\" data-end=\"1118\">Dise\u00f1ada con una punta de acero endurecido, la plomada de lat\u00f3n de 14 oz proporciona un marcado n\u00edtido y preciso para tareas de dise\u00f1o y construcci\u00f3n. Su rosca ASA est\u00e1ndar garantiza total compatibilidad con los cables y accesorios de plomada m\u00e1s comunes, mientras que la tapa de rosca ASA de acero incluye almacenamiento interno para una punta adicional, lo que la hace... <a href=\"https:\/\/mountlaser.com\/es\/about-us\/\">PB01-14 Plomada de lat\u00f3n<\/a> Durable y pr\u00e1ctico para el trabajo profesional diario.<\/p>","protected":false},"excerpt":{"rendered":"<ul>\n<li>Proporciona una referencia vertical precisa y estable para el dise\u00f1o y la alineaci\u00f3n.<\/li>\n<li>Construcci\u00f3n de lat\u00f3n macizo con distribuci\u00f3n de peso perfecta para un rendimiento constante.<\/li>\n<li>La punta de acero endurecido proporciona un marcado n\u00edtido y preciso.<\/li>\n<li>La rosca ASA est\u00e1ndar garantiza la compatibilidad con cables y accesorios ampliamente utilizados<\/li>\n<li>La tapa de rosca de acero ASA con almacenamiento incorporado agrega durabilidad y conveniencia<\/li>\n<\/ul>","protected":false},"featured_media":5449,"comment_status":"open","ping_status":"closed","template":"","meta":[],"product_brand":[],"product_cat":[154,79],"product_tag":[],"class_list":{"0":"post-5837","1":"product","2":"type-product","3":"status-publish","4":"has-post-thumbnail","6":"product_cat-brass-plumb-bob","7":"product_cat-surveying-accessory","9":"first","10":"instock","11":"shipping-taxable","12":"product-type-simple"},"_links":{"self":[{"href":"https:\/\/mountlaser.com\/es\/wp-json\/wp\/v2\/product\/5837","targetHints":{"allow":["GET"]}}],"collection":[{"href":"https:\/\/mountlaser.com\/es\/wp-json\/wp\/v2\/product"}],"about":[{"href":"https:\/\/mountlaser.com\/es\/wp-json\/wp\/v2\/types\/product"}],"replies":[{"embeddable":true,"href":"https:\/\/mountlaser.com\/es\/wp-json\/wp\/v2\/comments?post=5837"}],"wp:featuredmedia":[{"embeddable":true,"href":"https:\/\/mountlaser.com\/es\/wp-json\/wp\/v2\/media\/5449"}],"wp:attachment":[{"href":"https:\/\/mountlaser.com\/es\/wp-json\/wp\/v2\/media?parent=5837"}],"wp:term":[{"taxonomy":"product_brand","embeddable":true,"href":"https:\/\/mountlaser.com\/es\/wp-json\/wp\/v2\/product_brand?post=5837"},{"taxonomy":"product_cat","embeddable":true,"href":"https:\/\/mountlaser.com\/es\/wp-json\/wp\/v2\/product_cat?post=5837"},{"taxonomy":"product_tag","embeddable":true,"href":"https:\/\/mountlaser.com\/es\/wp-json\/wp\/v2\/product_tag?post=5837"}],"curies":[{"name":"wp","href":"https:\/\/api.w.org\/{rel}","templated":true}]}}