{"id":5836,"date":"2025-12-11T06:04:10","date_gmt":"2025-12-11T06:04:10","guid":{"rendered":"https:\/\/mountlaser.com\/?post_type=product&#038;p=5836"},"modified":"2025-12-11T06:10:21","modified_gmt":"2025-12-11T06:10:21","slug":"pb01-12-brass-plumb-bob","status":"publish","type":"product","link":"https:\/\/mountlaser.com\/es\/producto\/pb01-12-brass-plumb-bob\/","title":{"rendered":"PB01-12 Plomada de lat\u00f3n"},"content":{"rendered":"<p data-start=\"286\" data-end=\"717\">El <a href=\"https:\/\/mountlaser.com\/es\/\"><strong data-start=\"290\" data-end=\"317\">PB01-12 Plomada de lat\u00f3n<\/strong><\/a> Est\u00e1 dise\u00f1ado para profesionales que exigen precisi\u00f3n absoluta en cada tarea de alineaci\u00f3n. Fabricado en lat\u00f3n macizo y mecanizado con precisi\u00f3n para un equilibrio perfecto, este... <a href=\"https:\/\/mountlaser.com\/es\/categoria-producto\/surveying-accessory\/\"><strong data-start=\"478\" data-end=\"504\">Plomada de lat\u00f3n de 12 oz<\/strong><\/a> Garantiza una referencia vertical fiable incluso en condiciones de trabajo dif\u00edciles. Su acabado de laca protectora aumenta la durabilidad, permitiendo que la plomada de lat\u00f3n PB01-12 funcione de forma constante durante largos periodos de uso en campo.<\/p>\n<p><img fetchpriority=\"high\" decoding=\"async\" class=\"aligncenter wp-image-5449\" src=\"https:\/\/mountlaser.com\/wp-content\/uploads\/2025\/12\/PB01.webp\" alt=\"PB01-12 Brass Plumb Bob\" width=\"500\" height=\"500\" srcset=\"https:\/\/mountlaser.com\/wp-content\/uploads\/2025\/12\/PB01.webp 1000w, https:\/\/mountlaser.com\/wp-content\/uploads\/2025\/12\/PB01-300x300.webp 300w, https:\/\/mountlaser.com\/wp-content\/uploads\/2025\/12\/PB01-150x150.webp 150w, https:\/\/mountlaser.com\/wp-content\/uploads\/2025\/12\/PB01-768x768.webp 768w, https:\/\/mountlaser.com\/wp-content\/uploads\/2025\/12\/PB01-12x12.webp 12w, https:\/\/mountlaser.com\/wp-content\/uploads\/2025\/12\/PB01-600x600.webp 600w, https:\/\/mountlaser.com\/wp-content\/uploads\/2025\/12\/PB01-800x800.webp 800w, https:\/\/mountlaser.com\/wp-content\/uploads\/2025\/12\/PB01-400x400.webp 400w\" sizes=\"(max-width: 500px) 100vw, 500px\" \/><\/p>\n<p>Con una punta de acero endurecido dise\u00f1ada para un marcado preciso y confiable, la plomada de lat\u00f3n de 355 g (12 oz) ofrece una precisi\u00f3n confiable. La rosca ASA est\u00e1ndar garantiza la compatibilidad con los cables y accesorios de plomada comunes. Una tapa de rosca ASA de acero le aporta mayor robustez e incluye un compartimento para una punta adicional, lo que la hace ideal. <a href=\"https:\/\/mountlaser.com\/es\/about-us\/\">PB01-12 Plomada de lat\u00f3n<\/a> Tanto pr\u00e1ctico como listo para el campo.<\/p>","protected":false},"excerpt":{"rendered":"<ul>\n<li>Proporciona una referencia vertical precisa y estable para el dise\u00f1o y la alineaci\u00f3n.<\/li>\n<li>El cuerpo de lat\u00f3n mecanizado con precisi\u00f3n garantiza una distribuci\u00f3n ideal del peso.<\/li>\n<li>La punta de acero endurecido proporciona l\u00edneas de marcado n\u00edtidas y precisas.<\/li>\n<li>El dise\u00f1o de rosca ASA permite la compatibilidad con cables y accesorios est\u00e1ndar<\/li>\n<li>La tapa de rosca de acero ofrece protecci\u00f3n duradera y almacenamiento para puntos adicionales.<\/li>\n<\/ul>","protected":false},"featured_media":5449,"comment_status":"open","ping_status":"closed","template":"","meta":[],"product_brand":[],"product_cat":[154,79],"product_tag":[],"class_list":{"0":"post-5836","1":"product","2":"type-product","3":"status-publish","4":"has-post-thumbnail","6":"product_cat-brass-plumb-bob","7":"product_cat-surveying-accessory","9":"first","10":"instock","11":"shipping-taxable","12":"product-type-simple"},"_links":{"self":[{"href":"https:\/\/mountlaser.com\/es\/wp-json\/wp\/v2\/product\/5836","targetHints":{"allow":["GET"]}}],"collection":[{"href":"https:\/\/mountlaser.com\/es\/wp-json\/wp\/v2\/product"}],"about":[{"href":"https:\/\/mountlaser.com\/es\/wp-json\/wp\/v2\/types\/product"}],"replies":[{"embeddable":true,"href":"https:\/\/mountlaser.com\/es\/wp-json\/wp\/v2\/comments?post=5836"}],"wp:featuredmedia":[{"embeddable":true,"href":"https:\/\/mountlaser.com\/es\/wp-json\/wp\/v2\/media\/5449"}],"wp:attachment":[{"href":"https:\/\/mountlaser.com\/es\/wp-json\/wp\/v2\/media?parent=5836"}],"wp:term":[{"taxonomy":"product_brand","embeddable":true,"href":"https:\/\/mountlaser.com\/es\/wp-json\/wp\/v2\/product_brand?post=5836"},{"taxonomy":"product_cat","embeddable":true,"href":"https:\/\/mountlaser.com\/es\/wp-json\/wp\/v2\/product_cat?post=5836"},{"taxonomy":"product_tag","embeddable":true,"href":"https:\/\/mountlaser.com\/es\/wp-json\/wp\/v2\/product_tag?post=5836"}],"curies":[{"name":"wp","href":"https:\/\/api.w.org\/{rel}","templated":true}]}}