{"id":5835,"date":"2025-12-11T05:25:32","date_gmt":"2025-12-11T05:25:32","guid":{"rendered":"https:\/\/mountlaser.com\/?post_type=product&#038;p=5835"},"modified":"2025-12-11T05:25:32","modified_gmt":"2025-12-11T05:25:32","slug":"pb01-10-brass-plumb-bob","status":"publish","type":"product","link":"https:\/\/mountlaser.com\/es\/producto\/pb01-10-brass-plumb-bob\/","title":{"rendered":"PB01-10 Plomada de lat\u00f3n"},"content":{"rendered":"<p data-start=\"248\" data-end=\"749\">El <a href=\"https:\/\/mountlaser.com\/es\/\"><strong data-start=\"252\" data-end=\"279\">PB01-10 Plomada de lat\u00f3n<\/strong><\/a> Es una herramienta premium mecanizada con precisi\u00f3n, dise\u00f1ada para top\u00f3grafos, constructores y profesionales del dise\u00f1o que exigen una precisi\u00f3n excepcional. Fabricada en lat\u00f3n macizo y con un acabado de laca protectora, esta... <a href=\"https:\/\/mountlaser.com\/es\/categoria-producto\/surveying-accessory\/\"><strong data-start=\"484\" data-end=\"510\">Plomada de lat\u00f3n de 10 oz<\/strong><\/a> Ofrece estabilidad a largo plazo y resistencia al desgaste en entornos de campo exigentes. Dise\u00f1ada con una distribuci\u00f3n de peso impecable, la plomada de lat\u00f3n PB01-10 garantiza una l\u00ednea de referencia perfectamente vertical para tareas de alineaci\u00f3n fiables.<\/p>\n<p data-start=\"248\" data-end=\"749\"><img fetchpriority=\"high\" decoding=\"async\" class=\"aligncenter wp-image-5449\" src=\"https:\/\/mountlaser.com\/wp-content\/uploads\/2025\/12\/PB01.webp\" alt=\"PB01-10 Brass Plumb Bob\" width=\"500\" height=\"500\" srcset=\"https:\/\/mountlaser.com\/wp-content\/uploads\/2025\/12\/PB01.webp 1000w, https:\/\/mountlaser.com\/wp-content\/uploads\/2025\/12\/PB01-300x300.webp 300w, https:\/\/mountlaser.com\/wp-content\/uploads\/2025\/12\/PB01-150x150.webp 150w, https:\/\/mountlaser.com\/wp-content\/uploads\/2025\/12\/PB01-768x768.webp 768w, https:\/\/mountlaser.com\/wp-content\/uploads\/2025\/12\/PB01-12x12.webp 12w, https:\/\/mountlaser.com\/wp-content\/uploads\/2025\/12\/PB01-600x600.webp 600w, https:\/\/mountlaser.com\/wp-content\/uploads\/2025\/12\/PB01-800x800.webp 800w, https:\/\/mountlaser.com\/wp-content\/uploads\/2025\/12\/PB01-400x400.webp 400w\" sizes=\"(max-width: 500px) 100vw, 500px\" \/><\/p>\n<p data-start=\"751\" data-end=\"1150\">Esta robusta plomada de lat\u00f3n de 283 g cuenta con una punta de acero endurecido para un marcado preciso y fiable, mientras que la rosca est\u00e1ndar ASA garantiza su compatibilidad con los cordones y accesorios de plomada m\u00e1s comunes. Una tapa de rosca de acero ASA aumenta su durabilidad e incluye un compartimento interno para guardar una punta adicional, lo que la hace... <a href=\"https:\/\/mountlaser.com\/es\/about-us\/\">PB01-10 Plomada de lat\u00f3n<\/a> Una herramienta conveniente y lista para usar en campo para profesionales de la topograf\u00eda.<\/p>","protected":false},"excerpt":{"rendered":"<ul>\n<li>Proporciona una referencia vertical precisa para el dise\u00f1o y la alineaci\u00f3n.<\/li>\n<li>Garantiza una precisi\u00f3n de plomada estable y constante gracias a su construcci\u00f3n de lat\u00f3n equilibrado.<\/li>\n<li>La punta de acero endurecido proporciona un marcado limpio y preciso.<\/li>\n<li>Compatible con cables y accesorios con rosca ASA<\/li>\n<li>El compartimento de almacenamiento interno mantiene los puntos de repuesto f\u00e1cilmente accesibles<\/li>\n<\/ul>","protected":false},"featured_media":5449,"comment_status":"open","ping_status":"closed","template":"","meta":[],"product_brand":[],"product_cat":[154,79],"product_tag":[],"class_list":{"0":"post-5835","1":"product","2":"type-product","3":"status-publish","4":"has-post-thumbnail","6":"product_cat-brass-plumb-bob","7":"product_cat-surveying-accessory","9":"first","10":"instock","11":"shipping-taxable","12":"product-type-simple"},"_links":{"self":[{"href":"https:\/\/mountlaser.com\/es\/wp-json\/wp\/v2\/product\/5835","targetHints":{"allow":["GET"]}}],"collection":[{"href":"https:\/\/mountlaser.com\/es\/wp-json\/wp\/v2\/product"}],"about":[{"href":"https:\/\/mountlaser.com\/es\/wp-json\/wp\/v2\/types\/product"}],"replies":[{"embeddable":true,"href":"https:\/\/mountlaser.com\/es\/wp-json\/wp\/v2\/comments?post=5835"}],"wp:featuredmedia":[{"embeddable":true,"href":"https:\/\/mountlaser.com\/es\/wp-json\/wp\/v2\/media\/5449"}],"wp:attachment":[{"href":"https:\/\/mountlaser.com\/es\/wp-json\/wp\/v2\/media?parent=5835"}],"wp:term":[{"taxonomy":"product_brand","embeddable":true,"href":"https:\/\/mountlaser.com\/es\/wp-json\/wp\/v2\/product_brand?post=5835"},{"taxonomy":"product_cat","embeddable":true,"href":"https:\/\/mountlaser.com\/es\/wp-json\/wp\/v2\/product_cat?post=5835"},{"taxonomy":"product_tag","embeddable":true,"href":"https:\/\/mountlaser.com\/es\/wp-json\/wp\/v2\/product_tag?post=5835"}],"curies":[{"name":"wp","href":"https:\/\/api.w.org\/{rel}","templated":true}]}}