{"id":5834,"date":"2025-12-11T02:42:42","date_gmt":"2025-12-11T02:42:42","guid":{"rendered":"https:\/\/mountlaser.com\/?post_type=product&#038;p=5834"},"modified":"2025-12-11T09:17:17","modified_gmt":"2025-12-11T09:17:17","slug":"hdtdo1-tripod-floor-guide","status":"publish","type":"product","link":"https:\/\/mountlaser.com\/es\/producto\/hdtdo1-tripod-floor-guide\/","title":{"rendered":"Gu\u00eda de suelo para tr\u00edpode HDTDO1"},"content":{"rendered":"<p data-start=\"177\" data-end=\"669\">El <a href=\"https:\/\/mountlaser.com\/es\/\"><strong data-start=\"181\" data-end=\"204\">Gu\u00eda de suelo para tr\u00edpode HDTDO1 <\/strong><\/a>\u00a0Es una soluci\u00f3n de movilidad robusta y confiable, dise\u00f1ada espec\u00edficamente para configuraciones topogr\u00e1ficas profesionales. Construida como un verdadero... <a href=\"https:\/\/mountlaser.com\/es\/categoria-producto\/surveying-accessory\/\"><strong data-start=\"323\" data-end=\"350\">Gu\u00eda de suelo para tr\u00edpode de alta resistencia<\/strong><\/a>, Cuenta con secciones reforzadas de acero inoxidable de 25 \u00d7 25 mm que garantizan una larga durabilidad y un soporte estable durante operaciones en interiores. Ya sea que est\u00e9 moviendo una estaci\u00f3n total, un esc\u00e1ner l\u00e1ser u otro instrumento de precisi\u00f3n, la gu\u00eda de suelo para tr\u00edpode HDTDO1 ofrece un movimiento suave y controlado con una resistencia excepcional.<\/p>\n<p data-start=\"177\" data-end=\"669\"><img fetchpriority=\"high\" decoding=\"async\" class=\"aligncenter wp-image-5581\" src=\"https:\/\/mountlaser.com\/wp-content\/uploads\/2025\/12\/TD011.webp\" alt=\"HDTDO1 Tripod Floor Guide\" width=\"500\" height=\"500\" srcset=\"https:\/\/mountlaser.com\/wp-content\/uploads\/2025\/12\/TD011.webp 1000w, https:\/\/mountlaser.com\/wp-content\/uploads\/2025\/12\/TD011-300x300.webp 300w, https:\/\/mountlaser.com\/wp-content\/uploads\/2025\/12\/TD011-150x150.webp 150w, https:\/\/mountlaser.com\/wp-content\/uploads\/2025\/12\/TD011-768x768.webp 768w, https:\/\/mountlaser.com\/wp-content\/uploads\/2025\/12\/TD011-12x12.webp 12w, https:\/\/mountlaser.com\/wp-content\/uploads\/2025\/12\/TD011-600x600.webp 600w, https:\/\/mountlaser.com\/wp-content\/uploads\/2025\/12\/TD011-800x800.webp 800w, https:\/\/mountlaser.com\/wp-content\/uploads\/2025\/12\/TD011-400x400.webp 400w\" sizes=\"(max-width: 500px) 100vw, 500px\" \/><\/p>\n<p data-start=\"671\" data-end=\"1260\">Esta robusta gu\u00eda de suelo para tr\u00edpode est\u00e1 equipada con ruedas de goma de 75 mm que permiten un desplazamiento sin esfuerzo y un posicionamiento preciso. Los frenos de estacionamiento integrados ayudan a mantener la estabilidad al trabajar sobre puntos de medici\u00f3n delicados. Las correas de bloqueo de la plataforma rodante sujetan firmemente las patas del tr\u00edpode, garantizando una plataforma segura durante el transporte o la instalaci\u00f3n. Dise\u00f1ada para mayor comodidad, la... <a href=\"https:\/\/mountlaser.com\/es\/contact-us\/\">Gu\u00eda de suelo para tr\u00edpode HDTDO1<\/a>\u00a0es completamente plegable para un almacenamiento compacto, pesa solo 3,0 kg con un tama\u00f1o plegado de 66 \u00d7 19 \u00d7 17 cm, perfecto para top\u00f3grafos que necesitan movilidad sin comprometer la precisi\u00f3n.<\/p>","protected":false},"excerpt":{"rendered":"<ul>\n<li>Proporciona un transporte suave y controlado de instrumentos topogr\u00e1ficos montados.<\/li>\n<li>Asegura las patas del tr\u00edpode con correas de bloqueo para evitar que se muevan durante el uso.<\/li>\n<li>Permite un reposicionamiento r\u00e1pido para tareas de topograf\u00eda en interiores<\/li>\n<li>Garantiza la estabilidad con ruedas de goma y frenos de estacionamiento.<\/li>\n<\/ul>","protected":false},"featured_media":5584,"comment_status":"open","ping_status":"closed","template":"","meta":[],"product_brand":[],"product_cat":[160,79],"product_tag":[],"class_list":{"0":"post-5834","1":"product","2":"type-product","3":"status-publish","4":"has-post-thumbnail","6":"product_cat-tripod-floor-guide","7":"product_cat-surveying-accessory","9":"first","10":"instock","11":"shipping-taxable","12":"product-type-simple"},"_links":{"self":[{"href":"https:\/\/mountlaser.com\/es\/wp-json\/wp\/v2\/product\/5834","targetHints":{"allow":["GET"]}}],"collection":[{"href":"https:\/\/mountlaser.com\/es\/wp-json\/wp\/v2\/product"}],"about":[{"href":"https:\/\/mountlaser.com\/es\/wp-json\/wp\/v2\/types\/product"}],"replies":[{"embeddable":true,"href":"https:\/\/mountlaser.com\/es\/wp-json\/wp\/v2\/comments?post=5834"}],"wp:featuredmedia":[{"embeddable":true,"href":"https:\/\/mountlaser.com\/es\/wp-json\/wp\/v2\/media\/5584"}],"wp:attachment":[{"href":"https:\/\/mountlaser.com\/es\/wp-json\/wp\/v2\/media?parent=5834"}],"wp:term":[{"taxonomy":"product_brand","embeddable":true,"href":"https:\/\/mountlaser.com\/es\/wp-json\/wp\/v2\/product_brand?post=5834"},{"taxonomy":"product_cat","embeddable":true,"href":"https:\/\/mountlaser.com\/es\/wp-json\/wp\/v2\/product_cat?post=5834"},{"taxonomy":"product_tag","embeddable":true,"href":"https:\/\/mountlaser.com\/es\/wp-json\/wp\/v2\/product_tag?post=5834"}],"curies":[{"name":"wp","href":"https:\/\/api.w.org\/{rel}","templated":true}]}}