{"id":5805,"date":"2025-12-10T08:39:38","date_gmt":"2025-12-10T08:39:38","guid":{"rendered":"https:\/\/mountlaser.com\/?post_type=product&#038;p=5805"},"modified":"2025-12-10T09:26:29","modified_gmt":"2025-12-10T09:26:29","slug":"sc-mr01-soft-case","status":"publish","type":"product","link":"https:\/\/mountlaser.com\/es\/producto\/sc-mr01-soft-case\/","title":{"rendered":"Estuche blando SC-MR01"},"content":{"rendered":"<p>El <a href=\"https:\/\/mountlaser.com\/es\/\"><strong>Estuche blando SC-MR01<\/strong><\/a> Es una soluci\u00f3n de protecci\u00f3n premium dise\u00f1ada espec\u00edficamente para el trabajo de campo GNSS moderno, que ofrece una durabilidad y comodidad excepcionales para entornos topogr\u00e1ficos exigentes. Fabricada con un marco interno r\u00edgido, la funda blanda SC-MR01 proporciona una protecci\u00f3n superior para los receptores modulares TRI, garantizando un transporte seguro y un rendimiento fiable en el campo. Como profesional <a href=\"https:\/\/mountlaser.com\/es\/categoria-producto\/surveying-accessory\/\"><strong>Mochila GNSS para receptor Trimble<\/strong><\/a>, Combina materiales resistentes con un pr\u00e1ctico dise\u00f1o estilo mochila para movilidad con manos libres y f\u00e1cil acceso al equipo.<\/p>\n<p>Con un exterior predominantemente amarillo, correas de hombro negras y base negra reforzada, la mochila GNSS para receptor Trimble ofrece excelente visibilidad y una larga resistencia al uso diario. Su dise\u00f1o ergon\u00f3mico distribuye el peso uniformemente, lo que la hace c\u00f3moda de llevar durante operaciones de campo prolongadas. El estuche blando SC-MR01 tambi\u00e9n ofrece un almacenamiento interno bien organizado, garantizando que su receptor modular TRI se mantenga seguro y bien posicionado durante el transporte.<\/p>\n<p><img fetchpriority=\"high\" decoding=\"async\" class=\"aligncenter wp-image-5811\" src=\"https:\/\/mountlaser.com\/wp-content\/uploads\/2025\/12\/SC-MR016.webp\" alt=\"SC-MR01 Soft case\" width=\"500\" height=\"500\" srcset=\"https:\/\/mountlaser.com\/wp-content\/uploads\/2025\/12\/SC-MR016.webp 1000w, https:\/\/mountlaser.com\/wp-content\/uploads\/2025\/12\/SC-MR016-300x300.webp 300w, https:\/\/mountlaser.com\/wp-content\/uploads\/2025\/12\/SC-MR016-150x150.webp 150w, https:\/\/mountlaser.com\/wp-content\/uploads\/2025\/12\/SC-MR016-768x768.webp 768w, https:\/\/mountlaser.com\/wp-content\/uploads\/2025\/12\/SC-MR016-12x12.webp 12w, https:\/\/mountlaser.com\/wp-content\/uploads\/2025\/12\/SC-MR016-600x600.webp 600w, https:\/\/mountlaser.com\/wp-content\/uploads\/2025\/12\/SC-MR016-800x800.webp 800w, https:\/\/mountlaser.com\/wp-content\/uploads\/2025\/12\/SC-MR016-400x400.webp 400w\" sizes=\"(max-width: 500px) 100vw, 500px\" \/><\/p>\n<p>Como una confiable mochila GNSS para el receptor Trimble, este estuche es ideal para top\u00f3grafos que requieren protecci\u00f3n confiable combinada con movilidad, estructura y rendimiento de calidad profesional. <a href=\"https:\/\/mountlaser.com\/es\/contact-us\/\">Estuche blando SC-MR01<\/a> garantiza que su equipo se mantenga seguro, organizado y listo para usar cuando sea necesario.<\/p>","protected":false},"excerpt":{"rendered":"<ul>\n<li>Protecci\u00f3n mejorada: el marco interno r\u00edgido proporciona la m\u00e1xima protecci\u00f3n para los receptores modulares TRI.<\/li>\n<li>Dise\u00f1o de alta visibilidad: el cuerpo amarillo con correas negras mejora la seguridad en el campo y facilita la identificaci\u00f3n.<\/li>\n<li>Portabilidad c\u00f3moda: sistema de transporte estilo mochila para un c\u00f3modo transporte con manos libres.<\/li>\n<li>Almacenamiento seguro: el dise\u00f1o interno optimizado mantiene el receptor estable y protegido.<\/li>\n<li>Durabilidad lista para el campo: la parte inferior reforzada y los materiales resistentes soportan condiciones exteriores dif\u00edciles.<\/li>\n<\/ul>","protected":false},"featured_media":5806,"comment_status":"open","ping_status":"closed","template":"","meta":[],"product_brand":[],"product_cat":[164,79],"product_tag":[],"class_list":{"0":"post-5805","1":"product","2":"type-product","3":"status-publish","4":"has-post-thumbnail","6":"product_cat-soft-case","7":"product_cat-surveying-accessory","9":"first","10":"instock","11":"shipping-taxable","12":"product-type-simple"},"_links":{"self":[{"href":"https:\/\/mountlaser.com\/es\/wp-json\/wp\/v2\/product\/5805","targetHints":{"allow":["GET"]}}],"collection":[{"href":"https:\/\/mountlaser.com\/es\/wp-json\/wp\/v2\/product"}],"about":[{"href":"https:\/\/mountlaser.com\/es\/wp-json\/wp\/v2\/types\/product"}],"replies":[{"embeddable":true,"href":"https:\/\/mountlaser.com\/es\/wp-json\/wp\/v2\/comments?post=5805"}],"wp:featuredmedia":[{"embeddable":true,"href":"https:\/\/mountlaser.com\/es\/wp-json\/wp\/v2\/media\/5806"}],"wp:attachment":[{"href":"https:\/\/mountlaser.com\/es\/wp-json\/wp\/v2\/media?parent=5805"}],"wp:term":[{"taxonomy":"product_brand","embeddable":true,"href":"https:\/\/mountlaser.com\/es\/wp-json\/wp\/v2\/product_brand?post=5805"},{"taxonomy":"product_cat","embeddable":true,"href":"https:\/\/mountlaser.com\/es\/wp-json\/wp\/v2\/product_cat?post=5805"},{"taxonomy":"product_tag","embeddable":true,"href":"https:\/\/mountlaser.com\/es\/wp-json\/wp\/v2\/product_tag?post=5805"}],"curies":[{"name":"wp","href":"https:\/\/api.w.org\/{rel}","templated":true}]}}