{"id":5792,"date":"2025-12-10T07:18:56","date_gmt":"2025-12-10T07:18:56","guid":{"rendered":"https:\/\/mountlaser.com\/?post_type=product&#038;p=5792"},"modified":"2025-12-10T09:26:55","modified_gmt":"2025-12-10T09:26:55","slug":"sc-gn-series-soft-case","status":"publish","type":"product","link":"https:\/\/mountlaser.com\/es\/producto\/sc-gn-series-soft-case\/","title":{"rendered":"Estuche blando serie SC-GN"},"content":{"rendered":"<p>El <a href=\"https:\/\/mountlaser.com\/es\/\"><strong>Estuche blando serie SC-GN<\/strong><\/a> Es una soluci\u00f3n de transporte duradera y fiable, dise\u00f1ada espec\u00edficamente para equipos topogr\u00e1ficos GPS. Dise\u00f1ada para profesionales de campo, esta bolsa protectora garantiza un transporte seguro y una organizaci\u00f3n eficiente de instrumentos sensibles. Ambos modelos de la caja blanda de la serie SC-GN combinan una construcci\u00f3n robusta con pr\u00e1cticas funciones de almacenamiento, lo que los hace ideales para entornos de trabajo exigentes. Ya sea para usarla como... <a href=\"https:\/\/mountlaser.com\/es\/categoria-producto\/surveying-accessory\/\"><strong>Bolsa de topograf\u00eda GPS<\/strong><\/a> Ya sea un estuche de protecci\u00f3n de campo general, esta serie ofrece un rendimiento constante y una durabilidad duradera.<\/p>\n<figure id=\"attachment_5799\" aria-describedby=\"caption-attachment-5799\" style=\"width: 500px\" class=\"wp-caption aligncenter\"><img fetchpriority=\"high\" decoding=\"async\" class=\"wp-image-5799\" src=\"https:\/\/mountlaser.com\/wp-content\/uploads\/2025\/12\/SC-GN027.webp\" alt=\"SC-GN Series Soft case\" width=\"500\" height=\"500\" srcset=\"https:\/\/mountlaser.com\/wp-content\/uploads\/2025\/12\/SC-GN027.webp 1000w, https:\/\/mountlaser.com\/wp-content\/uploads\/2025\/12\/SC-GN027-300x300.webp 300w, https:\/\/mountlaser.com\/wp-content\/uploads\/2025\/12\/SC-GN027-150x150.webp 150w, https:\/\/mountlaser.com\/wp-content\/uploads\/2025\/12\/SC-GN027-768x768.webp 768w, https:\/\/mountlaser.com\/wp-content\/uploads\/2025\/12\/SC-GN027-12x12.webp 12w, https:\/\/mountlaser.com\/wp-content\/uploads\/2025\/12\/SC-GN027-600x600.webp 600w, https:\/\/mountlaser.com\/wp-content\/uploads\/2025\/12\/SC-GN027-800x800.webp 800w, https:\/\/mountlaser.com\/wp-content\/uploads\/2025\/12\/SC-GN027-400x400.webp 400w\" sizes=\"(max-width: 500px) 100vw, 500px\" \/><figcaption id=\"caption-attachment-5799\" class=\"wp-caption-text\">Estuche blando serie SC-GN02<\/figcaption><\/figure>\n<figure id=\"attachment_5803\" aria-describedby=\"caption-attachment-5803\" style=\"width: 500px\" class=\"wp-caption aligncenter\"><img decoding=\"async\" class=\"wp-image-5803\" src=\"https:\/\/mountlaser.com\/wp-content\/uploads\/2025\/12\/SC-GN044.webp\" alt=\"SC-GN Series Soft case\" width=\"500\" height=\"500\" srcset=\"https:\/\/mountlaser.com\/wp-content\/uploads\/2025\/12\/SC-GN044.webp 1000w, https:\/\/mountlaser.com\/wp-content\/uploads\/2025\/12\/SC-GN044-300x300.webp 300w, https:\/\/mountlaser.com\/wp-content\/uploads\/2025\/12\/SC-GN044-150x150.webp 150w, https:\/\/mountlaser.com\/wp-content\/uploads\/2025\/12\/SC-GN044-768x768.webp 768w, https:\/\/mountlaser.com\/wp-content\/uploads\/2025\/12\/SC-GN044-12x12.webp 12w, https:\/\/mountlaser.com\/wp-content\/uploads\/2025\/12\/SC-GN044-600x600.webp 600w, https:\/\/mountlaser.com\/wp-content\/uploads\/2025\/12\/SC-GN044-800x800.webp 800w, https:\/\/mountlaser.com\/wp-content\/uploads\/2025\/12\/SC-GN044-400x400.webp 400w\" sizes=\"(max-width: 500px) 100vw, 500px\" \/><figcaption id=\"caption-attachment-5803\" class=\"wp-caption-text\">Estuche blando serie SC-GN04<\/figcaption><\/figure>\n<p>El <a href=\"https:\/\/mountlaser.com\/es\/contact-us\/\">Estuche blando serie SC-GN<\/a> Est\u00e1 disponible en dos estilos distintivos. La bolsa de topograf\u00eda GPS SC-GN02 de estilo japon\u00e9s presenta un exterior rojo con forro interior negro, ofreciendo un dise\u00f1o limpio y compacto para los componentes esenciales del GPS. La bolsa de topograf\u00eda GPS SC-GN04 de estilo americano de la marca TRI viene en un exterior amarillo y negro con un interior gris e incluye un bolsillo frontal y un bolsillo lateral con cremallera, que ofrecen espacio adicional para herramientas, bater\u00edas, cables y accesorios de campo. Ambos dise\u00f1os incluyen una tapa superior abatible para un acceso r\u00e1pido durante las operaciones de campo.<\/p>","protected":false},"excerpt":{"rendered":"<ul>\n<li>Protecci\u00f3n especialmente dise\u00f1ada para almacenar y transportar instrumentos topogr\u00e1ficos GPS de forma segura.<\/li>\n<li>Dos opciones de estilo: SC-GN02 Estilo japon\u00e9s: exterior rojo, interior negro, SC-GN04 Estilo americano TRI Brand: exterior amarillo y negro, interior gris con bolsillos frontales y laterales con cremallera adicionales.<\/li>\n<li>Construcci\u00f3n duradera adecuada para uso frecuente en el campo.<\/li>\n<li>Tapa superior abatible para un c\u00f3modo acceso al equipo.<\/li>\n<li>Dise\u00f1ado para la organizaci\u00f3n, con bolsillos adicionales (SC-GN04) para accesorios y herramientas de campo.<\/li>\n<\/ul>","protected":false},"featured_media":5803,"comment_status":"open","ping_status":"closed","template":"","meta":[],"product_brand":[],"product_cat":[164,79],"product_tag":[],"class_list":{"0":"post-5792","1":"product","2":"type-product","3":"status-publish","4":"has-post-thumbnail","6":"product_cat-soft-case","7":"product_cat-surveying-accessory","9":"first","10":"instock","11":"shipping-taxable","12":"product-type-simple"},"_links":{"self":[{"href":"https:\/\/mountlaser.com\/es\/wp-json\/wp\/v2\/product\/5792","targetHints":{"allow":["GET"]}}],"collection":[{"href":"https:\/\/mountlaser.com\/es\/wp-json\/wp\/v2\/product"}],"about":[{"href":"https:\/\/mountlaser.com\/es\/wp-json\/wp\/v2\/types\/product"}],"replies":[{"embeddable":true,"href":"https:\/\/mountlaser.com\/es\/wp-json\/wp\/v2\/comments?post=5792"}],"wp:featuredmedia":[{"embeddable":true,"href":"https:\/\/mountlaser.com\/es\/wp-json\/wp\/v2\/media\/5803"}],"wp:attachment":[{"href":"https:\/\/mountlaser.com\/es\/wp-json\/wp\/v2\/media?parent=5792"}],"wp:term":[{"taxonomy":"product_brand","embeddable":true,"href":"https:\/\/mountlaser.com\/es\/wp-json\/wp\/v2\/product_brand?post=5792"},{"taxonomy":"product_cat","embeddable":true,"href":"https:\/\/mountlaser.com\/es\/wp-json\/wp\/v2\/product_cat?post=5792"},{"taxonomy":"product_tag","embeddable":true,"href":"https:\/\/mountlaser.com\/es\/wp-json\/wp\/v2\/product_tag?post=5792"}],"curies":[{"name":"wp","href":"https:\/\/api.w.org\/{rel}","templated":true}]}}