{"id":5768,"date":"2025-12-10T06:40:23","date_gmt":"2025-12-10T06:40:23","guid":{"rendered":"https:\/\/mountlaser.com\/?post_type=product&#038;p=5768"},"modified":"2025-12-10T09:27:21","modified_gmt":"2025-12-10T09:27:21","slug":"sc-pa-ps-series-soft-case","status":"publish","type":"product","link":"https:\/\/mountlaser.com\/es\/producto\/sc-pa-ps-series-soft-case\/","title":{"rendered":"Estuche blando serie SC-PA\/PS"},"content":{"rendered":"<p>El <a href=\"https:\/\/mountlaser.com\/es\/\"><strong>Estuche blando de la serie SC-PA\/PS<\/strong><\/a> Est\u00e1 especialmente dise\u00f1ado para brindar protecci\u00f3n confiable y almacenamiento organizado para diversos conjuntos de prismas utilizados en aplicaciones topogr\u00e1ficas. Fabricado con materiales duraderos y acolchado interno de esponja, cada modelo de la serie SC-PA\/PS garantiza una amortiguaci\u00f3n segura durante el transporte y el uso en campo. Ya sea para proteger un conjunto de prisma completo o una placa de prisma, estos estuches ofrecen un rendimiento confiable y una larga durabilidad.<\/p>\n<p>La serie incluye m\u00faltiples opciones de codificaci\u00f3n por colores para simplificar la identificaci\u00f3n sobre el terreno. El estuche blando para prisma SC-PA05 presenta un exterior rojo, mientras que el SC-PA06... <a href=\"https:\/\/mountlaser.com\/es\/categoria-producto\/surveying-accessory\/\"><strong>Estuche blando para prisma<\/strong><\/a> Viene en amarillo y est\u00e1 dise\u00f1ado para placas de prismas grandes. Para proteger el juego de prismas, los modelos amarillos SC-PS01 (calidad general) y SC-PS02 (calidad mejorada) ofrecen dise\u00f1os de solapa de apertura superior para un acceso r\u00e1pido y sencillo. <a href=\"https:\/\/mountlaser.com\/es\/contact-us\/\">Estuche blando de la serie SC-PA\/PS<\/a> Los modelos integran interiores de esponja gruesa que absorben los golpes y evitan las abrasiones, lo que los hace ideales para top\u00f3grafos que necesitan soluciones de almacenamiento confiables, livianas y pr\u00e1cticas.<\/p>\n<div>\n<table style=\"border-collapse: collapse; width: 537.02pt;\" border=\"0\" width=\"716\" cellspacing=\"0\" cellpadding=\"0\">\n<tbody>\n<tr style=\"height: 14.25pt;\">\n<td class=\"et2\" style=\"height: 14.25pt; width: 127.50pt;\" width=\"170\" height=\"19\">Modelo N\u00b0.<\/td>\n<td class=\"et2\" style=\"width: 196.50pt;\" width=\"262\">NOTA<\/td>\n<td class=\"et2\" style=\"width: 213.00pt;\" width=\"284\">IMAGEN<\/td>\n<\/tr>\n<tr style=\"height: 14.25pt;\">\n<td class=\"et3\" style=\"height: 14.25pt;\" height=\"19\">SC-PA05<\/td>\n<td class=\"et4\">Estuche blando para montaje de prisma con esponja<\/td>\n<td class=\"et5\"><img fetchpriority=\"high\" decoding=\"async\" class=\"alignnone wp-image-5774 size-medium\" src=\"https:\/\/mountlaser.com\/wp-content\/uploads\/2025\/12\/SC-PA056-300x300.webp\" alt=\"SC-PA\/PS Series soft case\" width=\"300\" height=\"300\" srcset=\"https:\/\/mountlaser.com\/wp-content\/uploads\/2025\/12\/SC-PA056-300x300.webp 300w, https:\/\/mountlaser.com\/wp-content\/uploads\/2025\/12\/SC-PA056-150x150.webp 150w, https:\/\/mountlaser.com\/wp-content\/uploads\/2025\/12\/SC-PA056-768x768.webp 768w, https:\/\/mountlaser.com\/wp-content\/uploads\/2025\/12\/SC-PA056-12x12.webp 12w, https:\/\/mountlaser.com\/wp-content\/uploads\/2025\/12\/SC-PA056-600x600.webp 600w, https:\/\/mountlaser.com\/wp-content\/uploads\/2025\/12\/SC-PA056-800x800.webp 800w, https:\/\/mountlaser.com\/wp-content\/uploads\/2025\/12\/SC-PA056-400x400.webp 400w, https:\/\/mountlaser.com\/wp-content\/uploads\/2025\/12\/SC-PA056.webp 1000w\" sizes=\"(max-width: 300px) 100vw, 300px\" \/><\/td>\n<\/tr>\n<tr style=\"height: 14.25pt;\">\n<td class=\"et3\" style=\"height: 14.25pt;\" height=\"19\">SC-PA06<\/td>\n<td class=\"et4\">Estuche blando para prisma de placa grande con esponja<\/td>\n<td class=\"et5\"><img decoding=\"async\" class=\"alignnone wp-image-5780 size-medium\" src=\"https:\/\/mountlaser.com\/wp-content\/uploads\/2025\/12\/SC-PA066-300x300.webp\" alt=\"SC-PA\/PS Series soft case\" width=\"300\" height=\"300\" srcset=\"https:\/\/mountlaser.com\/wp-content\/uploads\/2025\/12\/SC-PA066-300x300.webp 300w, https:\/\/mountlaser.com\/wp-content\/uploads\/2025\/12\/SC-PA066-150x150.webp 150w, https:\/\/mountlaser.com\/wp-content\/uploads\/2025\/12\/SC-PA066-768x768.webp 768w, https:\/\/mountlaser.com\/wp-content\/uploads\/2025\/12\/SC-PA066-12x12.webp 12w, https:\/\/mountlaser.com\/wp-content\/uploads\/2025\/12\/SC-PA066-600x600.webp 600w, https:\/\/mountlaser.com\/wp-content\/uploads\/2025\/12\/SC-PA066-800x800.webp 800w, https:\/\/mountlaser.com\/wp-content\/uploads\/2025\/12\/SC-PA066-400x400.webp 400w, https:\/\/mountlaser.com\/wp-content\/uploads\/2025\/12\/SC-PA066.webp 1000w\" sizes=\"(max-width: 300px) 100vw, 300px\" \/><\/td>\n<\/tr>\n<tr style=\"height: 14.25pt;\">\n<td class=\"et3\" style=\"height: 14.25pt;\" height=\"19\">SC-PS01<\/td>\n<td class=\"et4\">Estuche blando para juego de prismas calidad general<\/td>\n<td class=\"et5\"><img decoding=\"async\" class=\"alignnone wp-image-5785 size-medium\" src=\"https:\/\/mountlaser.com\/wp-content\/uploads\/2025\/12\/SC-PS015-300x300.webp\" alt=\"SC-PA\/PS Series soft case\" width=\"300\" height=\"300\" srcset=\"https:\/\/mountlaser.com\/wp-content\/uploads\/2025\/12\/SC-PS015-300x300.webp 300w, https:\/\/mountlaser.com\/wp-content\/uploads\/2025\/12\/SC-PS015-150x150.webp 150w, https:\/\/mountlaser.com\/wp-content\/uploads\/2025\/12\/SC-PS015-768x768.webp 768w, https:\/\/mountlaser.com\/wp-content\/uploads\/2025\/12\/SC-PS015-12x12.webp 12w, https:\/\/mountlaser.com\/wp-content\/uploads\/2025\/12\/SC-PS015-600x600.webp 600w, https:\/\/mountlaser.com\/wp-content\/uploads\/2025\/12\/SC-PS015-800x800.webp 800w, https:\/\/mountlaser.com\/wp-content\/uploads\/2025\/12\/SC-PS015-400x400.webp 400w, https:\/\/mountlaser.com\/wp-content\/uploads\/2025\/12\/SC-PS015.webp 1000w\" sizes=\"(max-width: 300px) 100vw, 300px\" \/><\/td>\n<\/tr>\n<tr style=\"height: 14.25pt;\">\n<td class=\"et3\" style=\"height: 14.25pt;\" height=\"19\">SC-PS02<\/td>\n<td class=\"et4\">Estuche blando para juego de prismas de mejor calidad.<\/td>\n<td class=\"et5\"><img loading=\"lazy\" decoding=\"async\" class=\"alignnone wp-image-5791 size-medium\" src=\"https:\/\/mountlaser.com\/wp-content\/uploads\/2025\/12\/SC-PS026-300x300.webp\" alt=\"SC-PA\/PS Series soft case\" width=\"300\" height=\"300\" srcset=\"https:\/\/mountlaser.com\/wp-content\/uploads\/2025\/12\/SC-PS026-300x300.webp 300w, https:\/\/mountlaser.com\/wp-content\/uploads\/2025\/12\/SC-PS026-150x150.webp 150w, https:\/\/mountlaser.com\/wp-content\/uploads\/2025\/12\/SC-PS026-768x768.webp 768w, https:\/\/mountlaser.com\/wp-content\/uploads\/2025\/12\/SC-PS026-12x12.webp 12w, https:\/\/mountlaser.com\/wp-content\/uploads\/2025\/12\/SC-PS026-600x600.webp 600w, https:\/\/mountlaser.com\/wp-content\/uploads\/2025\/12\/SC-PS026-800x800.webp 800w, https:\/\/mountlaser.com\/wp-content\/uploads\/2025\/12\/SC-PS026-400x400.webp 400w, https:\/\/mountlaser.com\/wp-content\/uploads\/2025\/12\/SC-PS026.webp 1000w\" sizes=\"(max-width: 300px) 100vw, 300px\" \/><\/td>\n<\/tr>\n<\/tbody>\n<\/table>\n<\/div>","protected":false},"excerpt":{"rendered":"<ul>\n<li>Interior de esponja que absorbe los impactos para una protecci\u00f3n segura de los conjuntos de prismas.<\/li>\n<li>Exterior duradero codificado por colores: rojo para SC-PA05, amarillo para SC-PA06 \/ SC-PS01 \/ SC-PS02.<\/li>\n<li>Dise\u00f1o de apertura de solapa superior para un acceso conveniente y una operaci\u00f3n r\u00e1pida.<\/li>\n<li>M\u00faltiples opciones de dise\u00f1o adecuadas para conjuntos de prismas individuales, placas de prismas grandes o conjuntos de prismas.<\/li>\n<li>Ligero y listo para el campo, proporciona facilidad de transporte y protecci\u00f3n profesional.<\/li>\n<\/ul>","protected":false},"featured_media":5774,"comment_status":"open","ping_status":"closed","template":"","meta":[],"product_brand":[],"product_cat":[164,79],"product_tag":[],"class_list":{"0":"post-5768","1":"product","2":"type-product","3":"status-publish","4":"has-post-thumbnail","6":"product_cat-soft-case","7":"product_cat-surveying-accessory","9":"first","10":"instock","11":"shipping-taxable","12":"product-type-simple"},"_links":{"self":[{"href":"https:\/\/mountlaser.com\/es\/wp-json\/wp\/v2\/product\/5768","targetHints":{"allow":["GET"]}}],"collection":[{"href":"https:\/\/mountlaser.com\/es\/wp-json\/wp\/v2\/product"}],"about":[{"href":"https:\/\/mountlaser.com\/es\/wp-json\/wp\/v2\/types\/product"}],"replies":[{"embeddable":true,"href":"https:\/\/mountlaser.com\/es\/wp-json\/wp\/v2\/comments?post=5768"}],"wp:featuredmedia":[{"embeddable":true,"href":"https:\/\/mountlaser.com\/es\/wp-json\/wp\/v2\/media\/5774"}],"wp:attachment":[{"href":"https:\/\/mountlaser.com\/es\/wp-json\/wp\/v2\/media?parent=5768"}],"wp:term":[{"taxonomy":"product_brand","embeddable":true,"href":"https:\/\/mountlaser.com\/es\/wp-json\/wp\/v2\/product_brand?post=5768"},{"taxonomy":"product_cat","embeddable":true,"href":"https:\/\/mountlaser.com\/es\/wp-json\/wp\/v2\/product_cat?post=5768"},{"taxonomy":"product_tag","embeddable":true,"href":"https:\/\/mountlaser.com\/es\/wp-json\/wp\/v2\/product_tag?post=5768"}],"curies":[{"name":"wp","href":"https:\/\/api.w.org\/{rel}","templated":true}]}}