{"id":5710,"date":"2025-12-10T05:10:33","date_gmt":"2025-12-10T05:10:33","guid":{"rendered":"https:\/\/mountlaser.com\/?post_type=product&#038;p=5710"},"modified":"2025-12-10T05:10:33","modified_gmt":"2025-12-10T05:10:33","slug":"hc-ts-series-hard-case","status":"publish","type":"product","link":"https:\/\/mountlaser.com\/es\/producto\/hc-ts-series-hard-case\/","title":{"rendered":"Estuche r\u00edgido serie HC-TS"},"content":{"rendered":"<p>El <a href=\"https:\/\/mountlaser.com\/es\/\"><strong>Estuche r\u00edgido de la serie HC-TS<\/strong><\/a> Est\u00e1 dise\u00f1ado para brindar la m\u00e1xima protecci\u00f3n para una amplia gama de estaciones totales, lo que lo convierte en uno de los m\u00e1s confiables. <a href=\"https:\/\/mountlaser.com\/es\/categoria-producto\/surveying-accessory\/\"><strong>Estuche r\u00edgido para estaci\u00f3n total<\/strong><\/a> Soluciones del mercado. Dise\u00f1ado con una construcci\u00f3n robusta y compartimentos internos a medida, el estuche r\u00edgido de la serie HC-TS garantiza la seguridad de los instrumentos topogr\u00e1ficos sensibles durante el transporte y el almacenamiento. Ya sea para dispositivos japoneses, suizos o de marcas sudafricanas, este vers\u00e1til estuche r\u00edgido para estaciones totales ofrece un rendimiento fiable en condiciones de campo exigentes.<\/p>\n<table width=\"716\">\n<tbody>\n<tr>\n<td width=\"170\">Modelo N\u00b0.<\/td>\n<td width=\"262\">NOTA<\/td>\n<td width=\"284\">IMAGEN<\/td>\n<\/tr>\n<tr>\n<td>HC-TS01RD<\/td>\n<td>Para estaci\u00f3n total, color rojo<\/td>\n<td><img fetchpriority=\"high\" decoding=\"async\" class=\"alignnone wp-image-5714\" src=\"https:\/\/mountlaser.com\/wp-content\/uploads\/2025\/12\/HC-TS014.webp\" alt=\"HC-TS series hard case\" width=\"500\" height=\"500\" srcset=\"https:\/\/mountlaser.com\/wp-content\/uploads\/2025\/12\/HC-TS014.webp 1000w, https:\/\/mountlaser.com\/wp-content\/uploads\/2025\/12\/HC-TS014-300x300.webp 300w, https:\/\/mountlaser.com\/wp-content\/uploads\/2025\/12\/HC-TS014-150x150.webp 150w, https:\/\/mountlaser.com\/wp-content\/uploads\/2025\/12\/HC-TS014-768x768.webp 768w, https:\/\/mountlaser.com\/wp-content\/uploads\/2025\/12\/HC-TS014-12x12.webp 12w, https:\/\/mountlaser.com\/wp-content\/uploads\/2025\/12\/HC-TS014-600x600.webp 600w, https:\/\/mountlaser.com\/wp-content\/uploads\/2025\/12\/HC-TS014-800x800.webp 800w, https:\/\/mountlaser.com\/wp-content\/uploads\/2025\/12\/HC-TS014-400x400.webp 400w\" sizes=\"(max-width: 500px) 100vw, 500px\" \/><\/td>\n<\/tr>\n<tr>\n<td>HC-TS02<\/td>\n<td>Para estaci\u00f3n total de la marca japonesa NIK<\/td>\n<td><img decoding=\"async\" class=\"alignnone wp-image-5679 size-medium\" src=\"https:\/\/mountlaser.com\/wp-content\/uploads\/2025\/12\/HC-PS01RD6-300x300.webp\" alt=\"HC-TS series hard case\" width=\"300\" height=\"300\" srcset=\"https:\/\/mountlaser.com\/wp-content\/uploads\/2025\/12\/HC-PS01RD6-300x300.webp 300w, https:\/\/mountlaser.com\/wp-content\/uploads\/2025\/12\/HC-PS01RD6-150x150.webp 150w, https:\/\/mountlaser.com\/wp-content\/uploads\/2025\/12\/HC-PS01RD6-768x768.webp 768w, https:\/\/mountlaser.com\/wp-content\/uploads\/2025\/12\/HC-PS01RD6-12x12.webp 12w, https:\/\/mountlaser.com\/wp-content\/uploads\/2025\/12\/HC-PS01RD6-600x600.webp 600w, https:\/\/mountlaser.com\/wp-content\/uploads\/2025\/12\/HC-PS01RD6-800x800.webp 800w, https:\/\/mountlaser.com\/wp-content\/uploads\/2025\/12\/HC-PS01RD6-400x400.webp 400w, https:\/\/mountlaser.com\/wp-content\/uploads\/2025\/12\/HC-PS01RD6.webp 1000w\" sizes=\"(max-width: 300px) 100vw, 300px\" \/><\/td>\n<\/tr>\n<tr>\n<td>HC-TS05<\/td>\n<td>Para la estaci\u00f3n total del sur<\/td>\n<td><img decoding=\"async\" class=\"alignnone wp-image-5733 size-medium\" src=\"https:\/\/mountlaser.com\/wp-content\/uploads\/2025\/12\/HC-TS055-300x300.webp\" alt=\"HC-TS series hard case\" width=\"300\" height=\"300\" srcset=\"https:\/\/mountlaser.com\/wp-content\/uploads\/2025\/12\/HC-TS055-300x300.webp 300w, https:\/\/mountlaser.com\/wp-content\/uploads\/2025\/12\/HC-TS055-150x150.webp 150w, https:\/\/mountlaser.com\/wp-content\/uploads\/2025\/12\/HC-TS055-768x768.webp 768w, https:\/\/mountlaser.com\/wp-content\/uploads\/2025\/12\/HC-TS055-12x12.webp 12w, https:\/\/mountlaser.com\/wp-content\/uploads\/2025\/12\/HC-TS055-600x600.webp 600w, https:\/\/mountlaser.com\/wp-content\/uploads\/2025\/12\/HC-TS055-800x800.webp 800w, https:\/\/mountlaser.com\/wp-content\/uploads\/2025\/12\/HC-TS055-400x400.webp 400w, https:\/\/mountlaser.com\/wp-content\/uploads\/2025\/12\/HC-TS055.webp 1000w\" sizes=\"(max-width: 300px) 100vw, 300px\" \/><\/td>\n<\/tr>\n<tr>\n<td>HC-TS03<\/td>\n<td>Para la marca japonesa TOP GTS102\/332<\/td>\n<td><img loading=\"lazy\" decoding=\"async\" class=\"alignnone wp-image-5721 size-medium\" src=\"https:\/\/mountlaser.com\/wp-content\/uploads\/2025\/12\/HC-TS035-300x300.webp\" alt=\"HC-TS series hard case\" width=\"300\" height=\"300\" srcset=\"https:\/\/mountlaser.com\/wp-content\/uploads\/2025\/12\/HC-TS035-300x300.webp 300w, https:\/\/mountlaser.com\/wp-content\/uploads\/2025\/12\/HC-TS035-150x150.webp 150w, https:\/\/mountlaser.com\/wp-content\/uploads\/2025\/12\/HC-TS035-768x768.webp 768w, https:\/\/mountlaser.com\/wp-content\/uploads\/2025\/12\/HC-TS035-12x12.webp 12w, https:\/\/mountlaser.com\/wp-content\/uploads\/2025\/12\/HC-TS035-600x600.webp 600w, https:\/\/mountlaser.com\/wp-content\/uploads\/2025\/12\/HC-TS035-800x800.webp 800w, https:\/\/mountlaser.com\/wp-content\/uploads\/2025\/12\/HC-TS035-400x400.webp 400w, https:\/\/mountlaser.com\/wp-content\/uploads\/2025\/12\/HC-TS035.webp 1000w\" sizes=\"(max-width: 300px) 100vw, 300px\" \/><\/td>\n<\/tr>\n<tr>\n<td>HC-TS04<\/td>\n<td>Para la marca japonesa TOP GM\/ES\/GTS200<\/td>\n<td><img loading=\"lazy\" decoding=\"async\" class=\"alignnone wp-image-5726 size-medium\" src=\"https:\/\/mountlaser.com\/wp-content\/uploads\/2025\/12\/HC-TS044-300x300.webp\" alt=\"HC-TS series hard case\" width=\"300\" height=\"300\" srcset=\"https:\/\/mountlaser.com\/wp-content\/uploads\/2025\/12\/HC-TS044-300x300.webp 300w, https:\/\/mountlaser.com\/wp-content\/uploads\/2025\/12\/HC-TS044-150x150.webp 150w, https:\/\/mountlaser.com\/wp-content\/uploads\/2025\/12\/HC-TS044-768x768.webp 768w, https:\/\/mountlaser.com\/wp-content\/uploads\/2025\/12\/HC-TS044-12x12.webp 12w, https:\/\/mountlaser.com\/wp-content\/uploads\/2025\/12\/HC-TS044-600x600.webp 600w, https:\/\/mountlaser.com\/wp-content\/uploads\/2025\/12\/HC-TS044-800x800.webp 800w, https:\/\/mountlaser.com\/wp-content\/uploads\/2025\/12\/HC-TS044-400x400.webp 400w, https:\/\/mountlaser.com\/wp-content\/uploads\/2025\/12\/HC-TS044.webp 1000w\" sizes=\"(max-width: 300px) 100vw, 300px\" \/><\/td>\n<\/tr>\n<tr>\n<td>HC-TS07<\/td>\n<td>Para la estaci\u00f3n total suiza TS03\/07 TZ05\/07\/08\/12<\/td>\n<td><img loading=\"lazy\" decoding=\"async\" class=\"alignnone wp-image-5747 size-medium\" src=\"https:\/\/mountlaser.com\/wp-content\/uploads\/2025\/12\/HC-TS076-300x300.webp\" alt=\"HC-TS series hard case\" width=\"300\" height=\"300\" srcset=\"https:\/\/mountlaser.com\/wp-content\/uploads\/2025\/12\/HC-TS076-300x300.webp 300w, https:\/\/mountlaser.com\/wp-content\/uploads\/2025\/12\/HC-TS076-150x150.webp 150w, https:\/\/mountlaser.com\/wp-content\/uploads\/2025\/12\/HC-TS076-768x768.webp 768w, https:\/\/mountlaser.com\/wp-content\/uploads\/2025\/12\/HC-TS076-12x12.webp 12w, https:\/\/mountlaser.com\/wp-content\/uploads\/2025\/12\/HC-TS076-600x600.webp 600w, https:\/\/mountlaser.com\/wp-content\/uploads\/2025\/12\/HC-TS076-800x800.webp 800w, https:\/\/mountlaser.com\/wp-content\/uploads\/2025\/12\/HC-TS076-400x400.webp 400w, https:\/\/mountlaser.com\/wp-content\/uploads\/2025\/12\/HC-TS076.webp 1000w\" sizes=\"(max-width: 300px) 100vw, 300px\" \/><\/td>\n<\/tr>\n<tr>\n<td>HC-TS15<\/td>\n<td width=\"262\">Para la estaci\u00f3n total suiza TS15\/16<\/td>\n<td><img loading=\"lazy\" decoding=\"async\" class=\"alignnone wp-image-5752 size-medium\" src=\"https:\/\/mountlaser.com\/wp-content\/uploads\/2025\/12\/HC-TS155-300x300.webp\" alt=\"HC-TS series hard case\" width=\"300\" height=\"300\" srcset=\"https:\/\/mountlaser.com\/wp-content\/uploads\/2025\/12\/HC-TS155-300x300.webp 300w, https:\/\/mountlaser.com\/wp-content\/uploads\/2025\/12\/HC-TS155-150x150.webp 150w, https:\/\/mountlaser.com\/wp-content\/uploads\/2025\/12\/HC-TS155-768x768.webp 768w, https:\/\/mountlaser.com\/wp-content\/uploads\/2025\/12\/HC-TS155-12x12.webp 12w, https:\/\/mountlaser.com\/wp-content\/uploads\/2025\/12\/HC-TS155-600x600.webp 600w, https:\/\/mountlaser.com\/wp-content\/uploads\/2025\/12\/HC-TS155-800x800.webp 800w, https:\/\/mountlaser.com\/wp-content\/uploads\/2025\/12\/HC-TS155-400x400.webp 400w, https:\/\/mountlaser.com\/wp-content\/uploads\/2025\/12\/HC-TS155.webp 1000w\" sizes=\"(max-width: 300px) 100vw, 300px\" \/><\/td>\n<\/tr>\n<tr>\n<td>HC-TS06<\/td>\n<td>Para la estaci\u00f3n total suiza TS02\/06\/09<\/td>\n<td><img loading=\"lazy\" decoding=\"async\" class=\"alignnone wp-image-5739 size-medium\" src=\"https:\/\/mountlaser.com\/wp-content\/uploads\/2025\/12\/HC-TS065-300x300.webp\" alt=\"HC-TS series hard case\" width=\"300\" height=\"300\" srcset=\"https:\/\/mountlaser.com\/wp-content\/uploads\/2025\/12\/HC-TS065-300x300.webp 300w, https:\/\/mountlaser.com\/wp-content\/uploads\/2025\/12\/HC-TS065-150x150.webp 150w, https:\/\/mountlaser.com\/wp-content\/uploads\/2025\/12\/HC-TS065-768x768.webp 768w, https:\/\/mountlaser.com\/wp-content\/uploads\/2025\/12\/HC-TS065-12x12.webp 12w, https:\/\/mountlaser.com\/wp-content\/uploads\/2025\/12\/HC-TS065-600x600.webp 600w, https:\/\/mountlaser.com\/wp-content\/uploads\/2025\/12\/HC-TS065-800x800.webp 800w, https:\/\/mountlaser.com\/wp-content\/uploads\/2025\/12\/HC-TS065-400x400.webp 400w, https:\/\/mountlaser.com\/wp-content\/uploads\/2025\/12\/HC-TS065.webp 1000w\" sizes=\"(max-width: 300px) 100vw, 300px\" \/><\/td>\n<\/tr>\n<\/tbody>\n<\/table>","protected":false},"excerpt":{"rendered":"<ul>\n<li>Protecci\u00f3n duradera: el exterior r\u00edgido proporciona una resistencia superior a golpes e impactos.<\/li>\n<li>Interior adaptado al instrumento: los moldes personalizados garantizan un ajuste seguro para cada modelo de estaci\u00f3n total.<\/li>\n<li>Transporte confiable: manijas fuertes y mecanismos de bloqueo seguros garantizan una movilidad segura en el campo.<\/li>\n<li>Opciones espec\u00edficas del modelo: M\u00faltiples dise\u00f1os de carcasa adaptados a marcas globales de instrumentos de topograf\u00eda.<\/li>\n<\/ul>","protected":false},"featured_media":5733,"comment_status":"open","ping_status":"closed","template":"","meta":[],"product_brand":[],"product_cat":[163,79],"product_tag":[],"class_list":{"0":"post-5710","1":"product","2":"type-product","3":"status-publish","4":"has-post-thumbnail","6":"product_cat-hard-case","7":"product_cat-surveying-accessory","9":"first","10":"instock","11":"shipping-taxable","12":"product-type-simple"},"_links":{"self":[{"href":"https:\/\/mountlaser.com\/es\/wp-json\/wp\/v2\/product\/5710","targetHints":{"allow":["GET"]}}],"collection":[{"href":"https:\/\/mountlaser.com\/es\/wp-json\/wp\/v2\/product"}],"about":[{"href":"https:\/\/mountlaser.com\/es\/wp-json\/wp\/v2\/types\/product"}],"replies":[{"embeddable":true,"href":"https:\/\/mountlaser.com\/es\/wp-json\/wp\/v2\/comments?post=5710"}],"wp:featuredmedia":[{"embeddable":true,"href":"https:\/\/mountlaser.com\/es\/wp-json\/wp\/v2\/media\/5733"}],"wp:attachment":[{"href":"https:\/\/mountlaser.com\/es\/wp-json\/wp\/v2\/media?parent=5710"}],"wp:term":[{"taxonomy":"product_brand","embeddable":true,"href":"https:\/\/mountlaser.com\/es\/wp-json\/wp\/v2\/product_brand?post=5710"},{"taxonomy":"product_cat","embeddable":true,"href":"https:\/\/mountlaser.com\/es\/wp-json\/wp\/v2\/product_cat?post=5710"},{"taxonomy":"product_tag","embeddable":true,"href":"https:\/\/mountlaser.com\/es\/wp-json\/wp\/v2\/product_tag?post=5710"}],"curies":[{"name":"wp","href":"https:\/\/api.w.org\/{rel}","templated":true}]}}