{"id":5673,"date":"2025-12-10T02:12:59","date_gmt":"2025-12-10T02:12:59","guid":{"rendered":"https:\/\/mountlaser.com\/?post_type=product&#038;p=5673"},"modified":"2025-12-10T09:25:22","modified_gmt":"2025-12-10T09:25:22","slug":"hc-ps-series-hard-case","status":"publish","type":"product","link":"https:\/\/mountlaser.com\/es\/producto\/hc-ps-series-hard-case\/","title":{"rendered":"Estuche r\u00edgido serie HC-PS"},"content":{"rendered":"<p>El <a href=\"https:\/\/mountlaser.com\/es\/\"><strong>Estuche r\u00edgido de la serie HC-PS<\/strong><\/a> Es una soluci\u00f3n de almacenamiento duradera y confiable, dise\u00f1ada espec\u00edficamente para proteger los prismas profesionales utilizados en aplicaciones topogr\u00e1ficas. Dise\u00f1ados para m\u00e1xima seguridad y organizaci\u00f3n, estos... <a href=\"https:\/\/mountlaser.com\/es\/categoria-producto\/surveying-accessory\/\"><strong>Estuches r\u00edgidos para juego de prismas<\/strong><\/a> Ofrecen una fuerte protecci\u00f3n exterior, un dise\u00f1o interno seguro y un rendimiento de campo duradero.<\/p>\n<p>El estuche r\u00edgido de la serie HC-PS est\u00e1 disponible en m\u00faltiples configuraciones para adaptarse a diferentes configuraciones de prismas.<br \/>\nEl HC-PS01 presenta un dise\u00f1o de prisma \u00fanico y est\u00e1 disponible en rojo o amarillo, mientras que los HC-PS02 y HC-PS03 ofrecen un dise\u00f1o de prisma doble en rojo para usuarios que requieren mayor capacidad de almacenamiento. Independientemente del modelo, cada estuche garantiza una protecci\u00f3n estable para valiosos componentes \u00f3pticos.<\/p>\n<p>Construidos con materiales robustos e integridad estructural reforzada, estos <a href=\"https:\/\/mountlaser.com\/es\/about-us\/\">Estuches r\u00edgidos para juego de prismas<\/a> Protege el equipo de impactos, polvo y humedad durante el transporte o el uso en campo. El interior moldeado ayuda a mantener todos los componentes firmemente colocados, reduciendo el riesgo de da\u00f1os y convirtiendo el malet\u00edn r\u00edgido de la serie HC-PS en un accesorio esencial para los top\u00f3grafos que buscan un transporte de equipo confiable.<\/p>\n<div>\n<table style=\"border-collapse: collapse; width: 371.27pt;\" border=\"0\" width=\"495\" cellspacing=\"0\" cellpadding=\"0\">\n<tbody>\n<tr style=\"height: 14.25pt;\">\n<td class=\"et2\" style=\"height: 14.25pt; width: 127.50pt;\" width=\"170\" height=\"19\">N\u00daMERO<\/td>\n<td class=\"et3\" style=\"width: 92.25pt;\" width=\"123\">COLOR<\/td>\n<td class=\"et3\" style=\"width: 151.50pt;\" width=\"202\">IMAGEN<\/td>\n<\/tr>\n<tr style=\"height: 14.25pt;\">\n<td class=\"et4\" style=\"height: 14.25pt;\" height=\"19\">HC-PS01RD<\/td>\n<td class=\"et5\">Rojo<\/td>\n<td class=\"et6\"><img fetchpriority=\"high\" decoding=\"async\" class=\"alignnone wp-image-5678\" src=\"https:\/\/mountlaser.com\/wp-content\/uploads\/2025\/12\/HC-PS01RD5.webp\" alt=\"HC-PS Series hard case\" width=\"500\" height=\"500\" srcset=\"https:\/\/mountlaser.com\/wp-content\/uploads\/2025\/12\/HC-PS01RD5.webp 1000w, https:\/\/mountlaser.com\/wp-content\/uploads\/2025\/12\/HC-PS01RD5-300x300.webp 300w, https:\/\/mountlaser.com\/wp-content\/uploads\/2025\/12\/HC-PS01RD5-150x150.webp 150w, https:\/\/mountlaser.com\/wp-content\/uploads\/2025\/12\/HC-PS01RD5-768x768.webp 768w, https:\/\/mountlaser.com\/wp-content\/uploads\/2025\/12\/HC-PS01RD5-12x12.webp 12w, https:\/\/mountlaser.com\/wp-content\/uploads\/2025\/12\/HC-PS01RD5-600x600.webp 600w, https:\/\/mountlaser.com\/wp-content\/uploads\/2025\/12\/HC-PS01RD5-800x800.webp 800w, https:\/\/mountlaser.com\/wp-content\/uploads\/2025\/12\/HC-PS01RD5-400x400.webp 400w\" sizes=\"(max-width: 500px) 100vw, 500px\" \/><\/td>\n<\/tr>\n<tr style=\"height: 14.25pt;\">\n<td class=\"et4\" style=\"height: 14.25pt;\" height=\"19\">HC-PS01YL<\/td>\n<td class=\"et7\">Amarillo<\/td>\n<td class=\"et6\"><img decoding=\"async\" class=\"alignnone wp-image-5686\" src=\"https:\/\/mountlaser.com\/wp-content\/uploads\/2025\/12\/HC-PS01YL6.webp\" alt=\"HC-PS Series hard case\" width=\"500\" height=\"500\" srcset=\"https:\/\/mountlaser.com\/wp-content\/uploads\/2025\/12\/HC-PS01YL6.webp 1000w, https:\/\/mountlaser.com\/wp-content\/uploads\/2025\/12\/HC-PS01YL6-300x300.webp 300w, https:\/\/mountlaser.com\/wp-content\/uploads\/2025\/12\/HC-PS01YL6-150x150.webp 150w, https:\/\/mountlaser.com\/wp-content\/uploads\/2025\/12\/HC-PS01YL6-768x768.webp 768w, https:\/\/mountlaser.com\/wp-content\/uploads\/2025\/12\/HC-PS01YL6-12x12.webp 12w, https:\/\/mountlaser.com\/wp-content\/uploads\/2025\/12\/HC-PS01YL6-600x600.webp 600w, https:\/\/mountlaser.com\/wp-content\/uploads\/2025\/12\/HC-PS01YL6-800x800.webp 800w, https:\/\/mountlaser.com\/wp-content\/uploads\/2025\/12\/HC-PS01YL6-400x400.webp 400w\" sizes=\"(max-width: 500px) 100vw, 500px\" \/><\/td>\n<\/tr>\n<tr style=\"height: 14.25pt;\">\n<td class=\"et4\" style=\"height: 14.25pt;\" height=\"19\">HC-PS02RD<\/td>\n<td class=\"et5\">Rojo<\/td>\n<td class=\"et6\"><img decoding=\"async\" class=\"alignnone wp-image-5693\" src=\"https:\/\/mountlaser.com\/wp-content\/uploads\/2025\/12\/HC-PS026.webp\" alt=\"HC-PS Series hard case\" width=\"500\" height=\"500\" srcset=\"https:\/\/mountlaser.com\/wp-content\/uploads\/2025\/12\/HC-PS026.webp 1000w, https:\/\/mountlaser.com\/wp-content\/uploads\/2025\/12\/HC-PS026-300x300.webp 300w, https:\/\/mountlaser.com\/wp-content\/uploads\/2025\/12\/HC-PS026-150x150.webp 150w, https:\/\/mountlaser.com\/wp-content\/uploads\/2025\/12\/HC-PS026-768x768.webp 768w, https:\/\/mountlaser.com\/wp-content\/uploads\/2025\/12\/HC-PS026-12x12.webp 12w, https:\/\/mountlaser.com\/wp-content\/uploads\/2025\/12\/HC-PS026-600x600.webp 600w, https:\/\/mountlaser.com\/wp-content\/uploads\/2025\/12\/HC-PS026-800x800.webp 800w, https:\/\/mountlaser.com\/wp-content\/uploads\/2025\/12\/HC-PS026-400x400.webp 400w\" sizes=\"(max-width: 500px) 100vw, 500px\" \/><\/td>\n<\/tr>\n<tr style=\"height: 14.25pt;\">\n<td class=\"et4\" style=\"height: 14.25pt;\" height=\"19\">HC-PS03RD<\/td>\n<td class=\"et5\">Rojo<\/td>\n<td class=\"et6\"><img loading=\"lazy\" decoding=\"async\" class=\"alignnone wp-image-5700\" src=\"https:\/\/mountlaser.com\/wp-content\/uploads\/2025\/12\/HC-PS036.webp\" alt=\"HC-PS Series hard case\" width=\"500\" height=\"500\" srcset=\"https:\/\/mountlaser.com\/wp-content\/uploads\/2025\/12\/HC-PS036.webp 1000w, https:\/\/mountlaser.com\/wp-content\/uploads\/2025\/12\/HC-PS036-300x300.webp 300w, https:\/\/mountlaser.com\/wp-content\/uploads\/2025\/12\/HC-PS036-150x150.webp 150w, https:\/\/mountlaser.com\/wp-content\/uploads\/2025\/12\/HC-PS036-768x768.webp 768w, https:\/\/mountlaser.com\/wp-content\/uploads\/2025\/12\/HC-PS036-12x12.webp 12w, https:\/\/mountlaser.com\/wp-content\/uploads\/2025\/12\/HC-PS036-600x600.webp 600w, https:\/\/mountlaser.com\/wp-content\/uploads\/2025\/12\/HC-PS036-800x800.webp 800w, https:\/\/mountlaser.com\/wp-content\/uploads\/2025\/12\/HC-PS036-400x400.webp 400w\" sizes=\"(max-width: 500px) 100vw, 500px\" \/><\/td>\n<\/tr>\n<\/tbody>\n<\/table>\n<\/div>","protected":false},"excerpt":{"rendered":"<ul>\n<li>Protege los juegos de prismas contra impactos, polvo y humedad.<\/li>\n<li>Compartimentos internos moldeados para una colocaci\u00f3n segura de los componentes.<\/li>\n<li>Disponible en configuraciones individuales y dobles para diferentes necesidades de almacenamiento.<\/li>\n<li>Opciones de color para una identificaci\u00f3n m\u00e1s f\u00e1cil en el campo<\/li>\n<\/ul>","protected":false},"featured_media":5674,"comment_status":"open","ping_status":"closed","template":"","meta":[],"product_brand":[],"product_cat":[163,79],"product_tag":[],"class_list":{"0":"post-5673","1":"product","2":"type-product","3":"status-publish","4":"has-post-thumbnail","6":"product_cat-hard-case","7":"product_cat-surveying-accessory","9":"first","10":"instock","11":"shipping-taxable","12":"product-type-simple"},"_links":{"self":[{"href":"https:\/\/mountlaser.com\/es\/wp-json\/wp\/v2\/product\/5673","targetHints":{"allow":["GET"]}}],"collection":[{"href":"https:\/\/mountlaser.com\/es\/wp-json\/wp\/v2\/product"}],"about":[{"href":"https:\/\/mountlaser.com\/es\/wp-json\/wp\/v2\/types\/product"}],"replies":[{"embeddable":true,"href":"https:\/\/mountlaser.com\/es\/wp-json\/wp\/v2\/comments?post=5673"}],"wp:featuredmedia":[{"embeddable":true,"href":"https:\/\/mountlaser.com\/es\/wp-json\/wp\/v2\/media\/5674"}],"wp:attachment":[{"href":"https:\/\/mountlaser.com\/es\/wp-json\/wp\/v2\/media?parent=5673"}],"wp:term":[{"taxonomy":"product_brand","embeddable":true,"href":"https:\/\/mountlaser.com\/es\/wp-json\/wp\/v2\/product_brand?post=5673"},{"taxonomy":"product_cat","embeddable":true,"href":"https:\/\/mountlaser.com\/es\/wp-json\/wp\/v2\/product_cat?post=5673"},{"taxonomy":"product_tag","embeddable":true,"href":"https:\/\/mountlaser.com\/es\/wp-json\/wp\/v2\/product_tag?post=5673"}],"curies":[{"name":"wp","href":"https:\/\/api.w.org\/{rel}","templated":true}]}}