{"id":5636,"date":"2025-12-09T09:23:59","date_gmt":"2025-12-09T09:23:59","guid":{"rendered":"https:\/\/mountlaser.com\/?post_type=product&#038;p=5636"},"modified":"2025-12-09T09:23:59","modified_gmt":"2025-12-09T09:23:59","slug":"ldt-302-series-theodolite","status":"publish","type":"product","link":"https:\/\/mountlaser.com\/es\/producto\/ldt-302-series-theodolite\/","title":{"rendered":"Teodolito serie LDT-302"},"content":{"rendered":"<p>Incorpore precisi\u00f3n y eficiencia en cada proyecto con el <a href=\"https:\/\/mountlaser.com\/es\/about-us\/\">Teodolito serie LDT-302<\/a> De Mount Laser. Dise\u00f1ado para top\u00f3grafos, ingenieros y profesionales de la construcci\u00f3n que exigen un rendimiento fiable, este teodolito digital combina un hardware robusto con funciones inteligentes para optimizar la medici\u00f3n de \u00e1ngulos y las tareas de alineaci\u00f3n en campo.<br \/>\nEl n\u00facleo de esta serie, el <a href=\"https:\/\/mountlaser.com\/es\/about-us\/\">Teodolito digital Ldt-302<\/a>, est\u00e1 dise\u00f1ado para ofrecer una precisi\u00f3n y durabilidad excepcionales, lo que lo convierte en una herramienta indispensable para una amplia gama de aplicaciones, desde el dise\u00f1o del sitio hasta los estudios topogr\u00e1ficos.<\/p>\n<p><img fetchpriority=\"high\" decoding=\"async\" class=\"aligncenter wp-image-5638\" src=\"https:\/\/mountlaser.com\/wp-content\/uploads\/2025\/12\/LDT-3022.webp\" alt=\"Ldt-302 Digital Theodolite\" width=\"500\" height=\"500\" srcset=\"https:\/\/mountlaser.com\/wp-content\/uploads\/2025\/12\/LDT-3022.webp 1000w, https:\/\/mountlaser.com\/wp-content\/uploads\/2025\/12\/LDT-3022-300x300.webp 300w, https:\/\/mountlaser.com\/wp-content\/uploads\/2025\/12\/LDT-3022-150x150.webp 150w, https:\/\/mountlaser.com\/wp-content\/uploads\/2025\/12\/LDT-3022-768x768.webp 768w, https:\/\/mountlaser.com\/wp-content\/uploads\/2025\/12\/LDT-3022-12x12.webp 12w, https:\/\/mountlaser.com\/wp-content\/uploads\/2025\/12\/LDT-3022-600x600.webp 600w, https:\/\/mountlaser.com\/wp-content\/uploads\/2025\/12\/LDT-3022-800x800.webp 800w, https:\/\/mountlaser.com\/wp-content\/uploads\/2025\/12\/LDT-3022-400x400.webp 400w\" sizes=\"(max-width: 500px) 100vw, 500px\" \/><\/p>\n<p><strong>El teodolito digital LDT-302 incluye los siguientes cuatro tipos:<\/strong><\/p>\n<p>Teodolito digital LDT-302LO<br \/>\nTeodolito, Abajo: L\u00e1ser (Haz Rojo), Arriba: \u00d3ptico, Color de Carcasa Amarillo<\/p>\n<p>Teodolito digital LDT-302LL<br \/>\nTeodolito, Abajo: L\u00e1ser (Rayo Rojo), Arriba: L\u00e1ser (Rayo Rojo), Color de la Carcasa: Amarillo<\/p>\n<p>Teodolito digital LDT-302OO<br \/>\nTeodolito, Abajo: \u00d3ptico, Arriba: \u00d3ptico, Color de la carcasa: Amarillo<\/p>\n<p>Teodolito digital LDT-302OL<br \/>\nTeodolito, Abajo: \u00d3ptico, Arriba: L\u00e1ser (Haz Rojo), Color de la Carcasa Amarillo<\/p>\n<p><strong>Especificaciones del teodolito serie LDT-302<\/strong><\/p>\n<table style=\"border-collapse: collapse; width: 704px; height: 945px;\" border=\"0\" width=\"463\" cellspacing=\"0\" cellpadding=\"0\">\n<tbody>\n<tr style=\"height: 13.50pt;\">\n<td class=\"et2\" style=\"height: 13.50pt; width: 230.25pt;\" colspan=\"2\" width=\"307\" height=\"18\">Modelo N\u00b0.<\/td>\n<td class=\"et3\" style=\"width: 117.00pt;\" width=\"156\">LDT-302<\/td>\n<\/tr>\n<tr style=\"height: 13.50pt;\">\n<td class=\"et3\" style=\"height: 13.50pt;\" height=\"18\">Base nivelante<\/td>\n<td class=\"et3\">Modelo<\/td>\n<td class=\"et3\">Desmontable<\/td>\n<\/tr>\n<tr style=\"height: 13.50pt;\">\n<td class=\"et2\" style=\"height: 108.00pt;\" rowspan=\"8\" height=\"144\">Telescopio<\/td>\n<td class=\"et3\">Im\u00e1genes<\/td>\n<td class=\"et3\">Erguido<\/td>\n<\/tr>\n<tr style=\"height: 13.50pt;\">\n<td class=\"et3\">Aumento<\/td>\n<td class=\"et3\">30X<\/td>\n<\/tr>\n<tr style=\"height: 13.50pt;\">\n<td class=\"et3\">Apertura del objetivo<\/td>\n<td class=\"et3\">45 mm<\/td>\n<\/tr>\n<tr style=\"height: 13.50pt;\">\n<td class=\"et3\">Resoluci\u00f3n<\/td>\n<td class=\"et3\">3&#8243;<\/td>\n<\/tr>\n<tr style=\"height: 13.50pt;\">\n<td class=\"et3\">Campo de visi\u00f3n<\/td>\n<td class=\"et3\">1\u00b030\u2032<\/td>\n<\/tr>\n<tr style=\"height: 13.50pt;\">\n<td class=\"et3\">Enfoque m\u00ednimo<\/td>\n<td class=\"et3\">1,3 millones<\/td>\n<\/tr>\n<tr style=\"height: 13.50pt;\">\n<td class=\"et3\">Constante de multiplicaci\u00f3n\/aditiva<\/td>\n<td class=\"et3\">100\/ 0<\/td>\n<\/tr>\n<tr style=\"height: 13.50pt;\">\n<td class=\"et3\">Longitud<\/td>\n<td class=\"et3\">156 mm<\/td>\n<\/tr>\n<tr style=\"height: 13.50pt;\">\n<td class=\"et2\" style=\"height: 67.50pt;\" rowspan=\"5\" height=\"90\">Medici\u00f3n de \u00e1ngulos<\/td>\n<td class=\"et3\">Modo de medici\u00f3n<\/td>\n<td class=\"et3\">Codificador absoluto<\/td>\n<\/tr>\n<tr style=\"height: 13.50pt;\">\n<td class=\"et3\">Lectura m\u00ednima<\/td>\n<td class=\"et3\">1&#8243;\/ 5&#8243;<\/td>\n<\/tr>\n<tr style=\"height: 13.50pt;\">\n<td class=\"et3\">Precisi\u00f3n de lectura<\/td>\n<td class=\"et3\">2&#8243;<\/td>\n<\/tr>\n<tr style=\"height: 13.50pt;\">\n<td class=\"et3\">Di\u00e1metro del c\u00edrculo<\/td>\n<td class=\"et3\">71 mm<\/td>\n<\/tr>\n<tr style=\"height: 13.50pt;\">\n<td class=\"et3\">Unidades angulares<\/td>\n<td class=\"et3\">360\u00b0\/400gon\/6400mil<\/td>\n<\/tr>\n<tr style=\"height: 13.50pt;\">\n<td class=\"et2\" style=\"height: 27.00pt;\" rowspan=\"2\" height=\"36\">Compensador<\/td>\n<td class=\"et3\">Sensor de inclinaci\u00f3n<\/td>\n<td class=\"et3\">S\u00ed<\/td>\n<\/tr>\n<tr style=\"height: 13.50pt;\">\n<td class=\"et3\">Rango<\/td>\n<td class=\"et3\">\u00b13\u2032<\/td>\n<\/tr>\n<tr style=\"height: 13.50pt;\">\n<td class=\"et2\" style=\"height: 54.00pt;\" rowspan=\"4\" height=\"72\">Plomada l\u00e1ser<\/td>\n<td class=\"et3\">Longitud de onda<\/td>\n<td class=\"et3\">Haz rojo de 635 nm<\/td>\n<\/tr>\n<tr style=\"height: 13.50pt;\">\n<td class=\"et3\">Fuerza<\/td>\n<td class=\"et3\">1 mW<\/td>\n<\/tr>\n<tr style=\"height: 13.50pt;\">\n<td class=\"et3\">Precisi\u00f3n (1,5 m)<\/td>\n<td class=\"et3\">\u00b11 mm<\/td>\n<\/tr>\n<tr style=\"height: 13.50pt;\">\n<td class=\"et3\">Grado l\u00e1ser<\/td>\n<td class=\"et3\"><span class=\"font1\">Clase<\/span><span class=\"font3\">\u2161<\/span><\/td>\n<\/tr>\n<tr style=\"height: 13.50pt;\">\n<td class=\"et2\" style=\"height: 40.50pt;\" rowspan=\"3\" height=\"54\">Plomada \u00f3ptica (opcional)<\/td>\n<td class=\"et3\">Aumento<\/td>\n<td class=\"et3\">3x<\/td>\n<\/tr>\n<tr style=\"height: 13.50pt;\">\n<td class=\"et3\">Campo de visi\u00f3n<\/td>\n<td class=\"et3\">5\u00b0<\/td>\n<\/tr>\n<tr style=\"height: 13.50pt;\">\n<td class=\"et3\">Rango de enfoque<\/td>\n<td class=\"et3\"><span class=\"font1\">0,5 m\u2014<\/span><span class=\"font3\">\u221e<\/span><\/td>\n<\/tr>\n<tr style=\"height: 13.50pt;\">\n<td class=\"et2\" style=\"height: 67.50pt;\" rowspan=\"5\" height=\"90\">Puntero l\u00e1ser<\/td>\n<td class=\"et3\">Longitud de onda<\/td>\n<td class=\"et3\">\/<\/td>\n<\/tr>\n<tr style=\"height: 13.50pt;\">\n<td class=\"et3\">Fuerza<\/td>\n<td class=\"et3\">\/<\/td>\n<\/tr>\n<tr style=\"height: 13.50pt;\">\n<td class=\"et3\">Campo de tiro l\u00e1ser (durante el d\u00eda)<\/td>\n<td class=\"et3\">\/<\/td>\n<\/tr>\n<tr style=\"height: 13.50pt;\">\n<td class=\"et3\">Precisi\u00f3n coaxial del l\u00e1ser<\/td>\n<td class=\"et3\">\/<\/td>\n<\/tr>\n<tr style=\"height: 13.50pt;\">\n<td class=\"et3\">Di\u00e1metro del punto l\u00e1ser<\/td>\n<td class=\"et3\">\/<\/td>\n<\/tr>\n<tr style=\"height: 13.50pt;\">\n<td class=\"et2\" style=\"height: 27.00pt;\" rowspan=\"2\" height=\"36\">Frasco<\/td>\n<td class=\"et3\">Vial de placa<\/td>\n<td class=\"et3\">30\u2033\/ 2 mm<\/td>\n<\/tr>\n<tr style=\"height: 13.50pt;\">\n<td class=\"et3\">Vial circular<\/td>\n<td class=\"et3\">8&#039;\/ 2 mm<\/td>\n<\/tr>\n<tr style=\"height: 13.50pt;\">\n<td class=\"et3\" style=\"height: 13.50pt;\" height=\"18\">Mostrar<\/td>\n<td class=\"et3\">Doble cara<\/td>\n<td class=\"et3\">Retroiluminaci\u00f3n LED<\/td>\n<\/tr>\n<tr style=\"height: 13.50pt;\">\n<td class=\"et2\" style=\"height: 27.00pt;\" rowspan=\"2\" height=\"36\">Fuerza<\/td>\n<td class=\"et3\">Recurso de energ\u00eda<\/td>\n<td class=\"et4\">Bater\u00eda Ni-MH 4,8 V 1500 mAh<\/td>\n<\/tr>\n<tr style=\"height: 13.50pt;\">\n<td class=\"et3\">Temperatura de trabajo<\/td>\n<td class=\"et3\"><span class=\"font1\">-20<\/span><span class=\"font4\">\u2103\uff5e<\/span><span class=\"font1\">+50<\/span><span class=\"font4\">\u2103<\/span><\/td>\n<\/tr>\n<\/tbody>\n<\/table>","protected":false},"excerpt":{"rendered":"<ul>\n<li>Medici\u00f3n de \u00e1ngulos digitales de alta precisi\u00f3n: en el coraz\u00f3n del teodolito digital Ldt-302 se encuentra un sistema de medici\u00f3n con codificador absoluto<\/li>\n<li>El teodolito de la serie LDT-302 representa un equilibrio perfecto entre \u00f3ptica de precisi\u00f3n, electr\u00f3nica digital robusta y dise\u00f1o de campo pr\u00e1ctico.<\/li>\n<\/ul>","protected":false},"featured_media":5637,"comment_status":"open","ping_status":"closed","template":"","meta":[],"product_brand":[],"product_cat":[144,95],"product_tag":[],"class_list":{"0":"post-5636","1":"product","2":"type-product","3":"status-publish","4":"has-post-thumbnail","6":"product_cat-theodoliteagent-sales","7":"product_cat-agent-sales","9":"first","10":"instock","11":"shipping-taxable","12":"product-type-simple"},"_links":{"self":[{"href":"https:\/\/mountlaser.com\/es\/wp-json\/wp\/v2\/product\/5636","targetHints":{"allow":["GET"]}}],"collection":[{"href":"https:\/\/mountlaser.com\/es\/wp-json\/wp\/v2\/product"}],"about":[{"href":"https:\/\/mountlaser.com\/es\/wp-json\/wp\/v2\/types\/product"}],"replies":[{"embeddable":true,"href":"https:\/\/mountlaser.com\/es\/wp-json\/wp\/v2\/comments?post=5636"}],"wp:featuredmedia":[{"embeddable":true,"href":"https:\/\/mountlaser.com\/es\/wp-json\/wp\/v2\/media\/5637"}],"wp:attachment":[{"href":"https:\/\/mountlaser.com\/es\/wp-json\/wp\/v2\/media?parent=5636"}],"wp:term":[{"taxonomy":"product_brand","embeddable":true,"href":"https:\/\/mountlaser.com\/es\/wp-json\/wp\/v2\/product_brand?post=5636"},{"taxonomy":"product_cat","embeddable":true,"href":"https:\/\/mountlaser.com\/es\/wp-json\/wp\/v2\/product_cat?post=5636"},{"taxonomy":"product_tag","embeddable":true,"href":"https:\/\/mountlaser.com\/es\/wp-json\/wp\/v2\/product_tag?post=5636"}],"curies":[{"name":"wp","href":"https:\/\/api.w.org\/{rel}","templated":true}]}}