{"id":5631,"date":"2025-12-09T09:14:29","date_gmt":"2025-12-09T09:14:29","guid":{"rendered":"https:\/\/mountlaser.com\/?post_type=product&#038;p=5631"},"modified":"2025-12-09T09:14:29","modified_gmt":"2025-12-09T09:14:29","slug":"dt-series-theodolite","status":"publish","type":"product","link":"https:\/\/mountlaser.com\/es\/producto\/dt-series-theodolite\/","title":{"rendered":"Teodolito serie DT"},"content":{"rendered":"<p>Mejore sus proyectos de topograf\u00eda y medici\u00f3n con el teodolito de la serie DT de Mount Laser, dise\u00f1ado para brindar precisi\u00f3n, durabilidad y facilidad de uso.<\/p>\n<p>Este <a href=\"https:\/\/mountlaser.com\/es\/\">Teodolito serie DT<\/a> incluye lo avanzado <a href=\"https:\/\/mountlaser.com\/es\/\"><strong>Teodolito electr\u00f3nico DT-01<\/strong><\/a> y el teodolito electr\u00f3nico DT-02, ambos dise\u00f1ados para satisfacer las necesidades de los profesionales de la construcci\u00f3n, la ingenier\u00eda y la topograf\u00eda. Ya sea que mida \u00e1ngulos, alinee estructuras o realice levantamientos topogr\u00e1ficos, estos teodolitos electr\u00f3nicos ofrecen un rendimiento confiable en diversas condiciones de campo.<\/p>\n<p>El teodolito electr\u00f3nico de la serie DT se divide en dos tipos: el teodolito electr\u00f3nico DT-01 y el teodolito electr\u00f3nico DT-02.<\/p>\n<p>El teodolito digital de la serie DT-01 incluye los siguientes cuatro tipos:<\/p>\n<p>Teodolito electr\u00f3nico DT-01LO<br \/>\nTeodolito, base nivelante no desmontable, inferior: l\u00e1ser (haz rojo), superior: \u00f3ptico<\/p>\n<p>Teodolito electr\u00f3nico DT-01LL<br \/>\nTeodolito, base nivelante no desmontable, inferior: l\u00e1ser (haz rojo), superior: l\u00e1ser (haz rojo)<\/p>\n<p>Teodolito electr\u00f3nico DT-01OO<br \/>\nTeodolito, base nivelante no desmontable, inferior: \u00f3ptica, superior: \u00f3ptica<\/p>\n<p>Teodolito electr\u00f3nico DT-01OL<br \/>\nTeodolito, base nivelante no desmontable, inferior: \u00f3ptico, superior: l\u00e1ser (haz rojo)<\/p>\n<p>El teodolito digital de la serie DT-02 incluye los siguientes cuatro tipos:<\/p>\n<p>Teodolito digital DT-02LL<br \/>\nBase nivelante desmontable, inferior: l\u00e1ser (rayo rojo), superior: l\u00e1ser (rayo rojo)<\/p>\n<p>Teodolito digital DT-02LO<br \/>\nTeodolito, base nivelante desmontable, inferior: l\u00e1ser (haz rojo), superior: \u00f3ptico<\/p>\n<p>Teodolito digital DT-02OL<br \/>\nTeodolito, base nivelante desmontable, inferior: \u00f3ptico, superior: l\u00e1ser (haz rojo)<\/p>\n<p>Teodolito digital DT-02OO<br \/>\nTeodolito, base nivelante desmontable, inferior: \u00f3ptica, superior: \u00f3ptica<\/p>\n<p><img fetchpriority=\"high\" decoding=\"async\" class=\"aligncenter wp-image-5632\" src=\"https:\/\/mountlaser.com\/wp-content\/uploads\/2025\/12\/dt-01.webp\" alt=\"DT-01 Electronic Theodolite\" width=\"500\" height=\"500\" srcset=\"https:\/\/mountlaser.com\/wp-content\/uploads\/2025\/12\/dt-01.webp 800w, https:\/\/mountlaser.com\/wp-content\/uploads\/2025\/12\/dt-01-300x300.webp 300w, https:\/\/mountlaser.com\/wp-content\/uploads\/2025\/12\/dt-01-150x150.webp 150w, https:\/\/mountlaser.com\/wp-content\/uploads\/2025\/12\/dt-01-768x768.webp 768w, https:\/\/mountlaser.com\/wp-content\/uploads\/2025\/12\/dt-01-12x12.webp 12w, https:\/\/mountlaser.com\/wp-content\/uploads\/2025\/12\/dt-01-600x600.webp 600w, https:\/\/mountlaser.com\/wp-content\/uploads\/2025\/12\/dt-01-400x400.webp 400w\" sizes=\"(max-width: 500px) 100vw, 500px\" \/><\/p>\n<p>&nbsp;<\/p>\n<p><strong>Especificaciones del teodolito de la serie DT<\/strong><\/p>\n<table style=\"border-collapse: collapse; width: 884px; height: 926px;\" border=\"0\" width=\"619\" cellspacing=\"0\" cellpadding=\"0\">\n<tbody>\n<tr style=\"height: 13.50pt;\">\n<td class=\"et2\" style=\"height: 13.50pt; width: 230.25pt;\" colspan=\"2\" width=\"307\" height=\"18\">Modelo N\u00b0.<\/td>\n<td class=\"et3\" style=\"width: 117.00pt;\" width=\"156\">DT-01<\/td>\n<td class=\"et3\" style=\"width: 117.00pt;\" width=\"156\">DT-02<\/td>\n<\/tr>\n<tr style=\"height: 13.50pt;\">\n<td class=\"et3\" style=\"height: 13.50pt;\" height=\"18\">Base nivelante<\/td>\n<td class=\"et3\">Modelo<\/td>\n<td class=\"et4\">No desmontable<\/td>\n<td class=\"et3\">Desmontable<\/td>\n<\/tr>\n<tr style=\"height: 13.50pt;\">\n<td class=\"et2\" style=\"height: 108.00pt;\" rowspan=\"8\" height=\"144\">Telescopio<\/td>\n<td class=\"et3\">Im\u00e1genes<\/td>\n<td class=\"et3\">Erguido<\/td>\n<td class=\"et3\">Erguido<\/td>\n<\/tr>\n<tr style=\"height: 13.50pt;\">\n<td class=\"et3\">Aumento<\/td>\n<td class=\"et3\">30X<\/td>\n<td class=\"et3\">30X<\/td>\n<\/tr>\n<tr style=\"height: 13.50pt;\">\n<td class=\"et3\">Apertura del objetivo<\/td>\n<td class=\"et3\">45 mm<\/td>\n<td class=\"et3\">45 mm<\/td>\n<\/tr>\n<tr style=\"height: 13.50pt;\">\n<td class=\"et3\">Resoluci\u00f3n<\/td>\n<td class=\"et3\">3&#8243;<\/td>\n<td class=\"et3\">3&#8243;<\/td>\n<\/tr>\n<tr style=\"height: 13.50pt;\">\n<td class=\"et3\">Campo de visi\u00f3n<\/td>\n<td class=\"et3\">1\u00b030\u2032<\/td>\n<td class=\"et3\">1\u00b030\u2032<\/td>\n<\/tr>\n<tr style=\"height: 13.50pt;\">\n<td class=\"et3\">Enfoque m\u00ednimo<\/td>\n<td class=\"et3\">1 metro<\/td>\n<td class=\"et3\">1 metro<\/td>\n<\/tr>\n<tr style=\"height: 13.50pt;\">\n<td class=\"et3\">Constante de multiplicaci\u00f3n\/aditiva<\/td>\n<td class=\"et3\">100\/ 0<\/td>\n<td class=\"et3\">100\/ 0<\/td>\n<\/tr>\n<tr style=\"height: 13.50pt;\">\n<td class=\"et3\">Longitud<\/td>\n<td class=\"et3\">170 mm<\/td>\n<td class=\"et3\">170 mm<\/td>\n<\/tr>\n<tr style=\"height: 13.50pt;\">\n<td class=\"et2\" style=\"height: 67.50pt;\" rowspan=\"5\" height=\"90\">Medici\u00f3n de \u00e1ngulos<\/td>\n<td class=\"et3\">Modo de medici\u00f3n<\/td>\n<td class=\"et3\">Codificador absoluto<\/td>\n<td class=\"et3\">Codificador absoluto<\/td>\n<\/tr>\n<tr style=\"height: 13.50pt;\">\n<td class=\"et3\">Lectura m\u00ednima<\/td>\n<td class=\"et3\">1&#8243;\/ 5&#8243;<\/td>\n<td class=\"et3\">1&#8243;\/ 5&#8243;<\/td>\n<\/tr>\n<tr style=\"height: 13.50pt;\">\n<td class=\"et3\">Precisi\u00f3n de lectura<\/td>\n<td class=\"et3\">2&#8243;<\/td>\n<td class=\"et3\">2&#8243;<\/td>\n<\/tr>\n<tr style=\"height: 13.50pt;\">\n<td class=\"et3\">Di\u00e1metro del c\u00edrculo<\/td>\n<td class=\"et3\">78 mm<\/td>\n<td class=\"et3\">78 mm<\/td>\n<\/tr>\n<tr style=\"height: 13.50pt;\">\n<td class=\"et3\">Unidades angulares<\/td>\n<td class=\"et3\">360\u00b0\/400gon\/6400mil<\/td>\n<td class=\"et3\">360\u00b0\/400gon\/6400mil<\/td>\n<\/tr>\n<tr style=\"height: 13.50pt;\">\n<td class=\"et2\" style=\"height: 27.00pt;\" rowspan=\"2\" height=\"36\">Compensador<\/td>\n<td class=\"et3\">Sensor de inclinaci\u00f3n<\/td>\n<td class=\"et3\">S\u00ed<\/td>\n<td class=\"et3\">S\u00ed<\/td>\n<\/tr>\n<tr style=\"height: 13.50pt;\">\n<td class=\"et3\">Rango<\/td>\n<td class=\"et3\">\u00b13\u2032<\/td>\n<td class=\"et3\">\u00b13\u2032<\/td>\n<\/tr>\n<tr style=\"height: 13.50pt;\">\n<td class=\"et2\" style=\"height: 54.00pt;\" rowspan=\"4\" height=\"72\">Plomada l\u00e1ser<\/td>\n<td class=\"et3\">Longitud de onda<\/td>\n<td class=\"et3\">Haz rojo de 635 nm<\/td>\n<td class=\"et3\">Haz rojo de 635 nm<\/td>\n<\/tr>\n<tr style=\"height: 13.50pt;\">\n<td class=\"et3\">Fuerza<\/td>\n<td class=\"et3\">1 mW<\/td>\n<td class=\"et3\">1 mW<\/td>\n<\/tr>\n<tr style=\"height: 13.50pt;\">\n<td class=\"et3\">Precisi\u00f3n (1,5 m)<\/td>\n<td class=\"et3\">1 mm<\/td>\n<td class=\"et3\">1 mm<\/td>\n<\/tr>\n<tr style=\"height: 13.50pt;\">\n<td class=\"et3\">Grado l\u00e1ser<\/td>\n<td class=\"et3\"><span class=\"font1\">Clase<\/span><span class=\"font6\">\u2161<\/span><\/td>\n<td class=\"et3\"><span class=\"font1\">Clase<\/span><span class=\"font6\">\u2161<\/span><\/td>\n<\/tr>\n<tr style=\"height: 13.50pt;\">\n<td class=\"et2\" style=\"height: 40.50pt;\" rowspan=\"3\" height=\"54\">Plomada \u00f3ptica (opcional)<\/td>\n<td class=\"et3\">Aumento<\/td>\n<td class=\"et3\">3x<\/td>\n<td class=\"et3\">3x<\/td>\n<\/tr>\n<tr style=\"height: 13.50pt;\">\n<td class=\"et3\">Campo de visi\u00f3n<\/td>\n<td class=\"et3\">5\u00b0<\/td>\n<td class=\"et3\">5\u00b0<\/td>\n<\/tr>\n<tr style=\"height: 13.50pt;\">\n<td class=\"et3\">Rango de enfoque<\/td>\n<td class=\"et3\"><span class=\"font1\">0,5 m\u2014<\/span><span class=\"font6\">\u221e<\/span><\/td>\n<td class=\"et3\"><span class=\"font1\">0,5 m\u2014<\/span><span class=\"font6\">\u221e<\/span><\/td>\n<\/tr>\n<tr style=\"height: 13.50pt;\">\n<td class=\"et2\" style=\"height: 67.50pt;\" rowspan=\"5\" height=\"90\">Puntero l\u00e1ser<\/td>\n<td class=\"et3\">Longitud de onda<\/td>\n<td class=\"et3\">Rojo de 635 nm<\/td>\n<td class=\"et3\">Rojo de 635 nm<\/td>\n<\/tr>\n<tr style=\"height: 13.50pt;\">\n<td class=\"et3\">Fuerza<\/td>\n<td class=\"et3\">5 mW<\/td>\n<td class=\"et3\">5 mW<\/td>\n<\/tr>\n<tr style=\"height: 13.50pt;\">\n<td class=\"et3\">Campo de tiro l\u00e1ser (durante el d\u00eda)<\/td>\n<td class=\"et3\">200 metros<\/td>\n<td class=\"et3\">200 metros<\/td>\n<\/tr>\n<tr style=\"height: 13.50pt;\">\n<td class=\"et3\">Precisi\u00f3n coaxial del l\u00e1ser<\/td>\n<td class=\"et5\"><span class=\"font3\">\u2264<\/span><span class=\"font7\">5\u2033<\/span><\/td>\n<td class=\"et5\"><span class=\"font3\">\u2264<\/span><span class=\"font7\">5\u2033<\/span><\/td>\n<\/tr>\n<tr style=\"height: 13.50pt;\">\n<td class=\"et3\">Di\u00e1metro del punto l\u00e1ser<\/td>\n<td class=\"et6\"><span class=\"font4\">\u2264<\/span><span class=\"font8\">2 mm\/100 m<\/span><\/td>\n<td class=\"et6\"><span class=\"font4\">\u2264<\/span><span class=\"font8\">2 mm\/100 m<\/span><\/td>\n<\/tr>\n<tr style=\"height: 13.50pt;\">\n<td class=\"et2\" style=\"height: 27.00pt;\" rowspan=\"2\" height=\"36\">Frasco<\/td>\n<td class=\"et3\">Vial de placa<\/td>\n<td class=\"et3\">30\u2033\/ 2 mm<\/td>\n<td class=\"et3\">30\u2033\/ 2 mm<\/td>\n<\/tr>\n<tr style=\"height: 13.50pt;\">\n<td class=\"et3\">Vial circular<\/td>\n<td class=\"et3\">8&#039;\/ 2 mm<\/td>\n<td class=\"et3\">8&#039;\/ 2 mm<\/td>\n<\/tr>\n<tr style=\"height: 13.50pt;\">\n<td class=\"et3\" style=\"height: 13.50pt;\" height=\"18\">Mostrar<\/td>\n<td class=\"et3\">Doble cara<\/td>\n<td class=\"et3\">Retroiluminaci\u00f3n LED<\/td>\n<td class=\"et3\">Retroiluminaci\u00f3n LED<\/td>\n<\/tr>\n<tr style=\"height: 13.50pt;\">\n<td class=\"et2\" style=\"height: 27.00pt;\" rowspan=\"2\" height=\"36\">Fuerza<\/td>\n<td class=\"et3\">Recurso de energ\u00eda<\/td>\n<td class=\"et7\">Bater\u00eda de iones de litio de 3,7 V y 1800 mAh<\/td>\n<td class=\"et7\">Bater\u00eda de iones de litio de 3,7 V y 1800 mAh<\/td>\n<\/tr>\n<tr style=\"height: 13.50pt;\">\n<td class=\"et3\">Temperatura de trabajo<\/td>\n<td class=\"et3\"><span class=\"font1\">-20<\/span><span class=\"font9\">\u2103\uff5e<\/span><span class=\"font1\">+50<\/span><span class=\"font9\">\u2103<\/span><\/td>\n<td class=\"et3\"><span class=\"font1\">-20<\/span><span class=\"font9\">\u2103\uff5e<\/span><span class=\"font1\">+50<\/span><span class=\"font9\">\u2103<\/span><\/td>\n<\/tr>\n<\/tbody>\n<\/table>","protected":false},"excerpt":{"rendered":"<ul>\n<li>Construidos con materiales duraderos, son resistentes al polvo, la humedad y los impactos, lo que garantiza la longevidad en entornos dif\u00edciles.<\/li>\n<li>El teodolito electr\u00f3nico DT-02 incluye una bater\u00eda de mayor duraci\u00f3n para un uso prolongado.<\/li>\n<li>Mientras que el teodolito electr\u00f3nico DT-01 se centra en la portabilidad y la asequibilidad.<\/li>\n<\/ul>","protected":false},"featured_media":5633,"comment_status":"open","ping_status":"closed","template":"","meta":[],"product_brand":[],"product_cat":[144,95],"product_tag":[],"class_list":{"0":"post-5631","1":"product","2":"type-product","3":"status-publish","4":"has-post-thumbnail","6":"product_cat-theodoliteagent-sales","7":"product_cat-agent-sales","9":"first","10":"instock","11":"shipping-taxable","12":"product-type-simple"},"_links":{"self":[{"href":"https:\/\/mountlaser.com\/es\/wp-json\/wp\/v2\/product\/5631","targetHints":{"allow":["GET"]}}],"collection":[{"href":"https:\/\/mountlaser.com\/es\/wp-json\/wp\/v2\/product"}],"about":[{"href":"https:\/\/mountlaser.com\/es\/wp-json\/wp\/v2\/types\/product"}],"replies":[{"embeddable":true,"href":"https:\/\/mountlaser.com\/es\/wp-json\/wp\/v2\/comments?post=5631"}],"wp:featuredmedia":[{"embeddable":true,"href":"https:\/\/mountlaser.com\/es\/wp-json\/wp\/v2\/media\/5633"}],"wp:attachment":[{"href":"https:\/\/mountlaser.com\/es\/wp-json\/wp\/v2\/media?parent=5631"}],"wp:term":[{"taxonomy":"product_brand","embeddable":true,"href":"https:\/\/mountlaser.com\/es\/wp-json\/wp\/v2\/product_brand?post=5631"},{"taxonomy":"product_cat","embeddable":true,"href":"https:\/\/mountlaser.com\/es\/wp-json\/wp\/v2\/product_cat?post=5631"},{"taxonomy":"product_tag","embeddable":true,"href":"https:\/\/mountlaser.com\/es\/wp-json\/wp\/v2\/product_tag?post=5631"}],"curies":[{"name":"wp","href":"https:\/\/api.w.org\/{rel}","templated":true}]}}