{"id":5623,"date":"2025-12-09T05:35:53","date_gmt":"2025-12-09T05:35:53","guid":{"rendered":"https:\/\/mountlaser.com\/?post_type=product&#038;p=5623"},"modified":"2025-12-09T05:35:53","modified_gmt":"2025-12-09T05:35:53","slug":"iwb01-survey-monitoring-wall-bracket","status":"publish","type":"product","link":"https:\/\/mountlaser.com\/es\/producto\/iwb01-survey-monitoring-wall-bracket\/","title":{"rendered":"Soporte de pared para monitoreo de encuestas IWB01"},"content":{"rendered":"<p>El <a href=\"https:\/\/mountlaser.com\/es\/\"><strong>Placa de pared para monitoreo de t\u00faneles IWB01<\/strong><\/a> es una soluci\u00f3n de alta precisi\u00f3n dise\u00f1ada para el seguimiento de deformaciones a largo plazo y la monitorizaci\u00f3n estructural. Como parte del programa profesional <a href=\"https:\/\/mountlaser.com\/es\/categoria-producto\/surveying-accessory\/\"><strong>Soporte de pared para monitoreo de encuestas<\/strong><\/a> El sistema IWB01 ofrece estabilidad y precisi\u00f3n excepcionales para aplicaciones de vigilancia de t\u00faneles, puentes y edificios. Fabricada con una robusta placa trasera de acero y una mesa modular de aluminio, la placa de pared para monitoreo de t\u00faneles IWB01 garantiza un centrado uniforme con una precisi\u00f3n superior a 0,25 mm, crucial para entornos de monitoreo de alta demanda.<\/p>\n<p><img fetchpriority=\"high\" decoding=\"async\" class=\"aligncenter wp-image-5622\" src=\"https:\/\/mountlaser.com\/wp-content\/uploads\/2025\/12\/IWB016.webp\" alt=\"IWB01 Tunnel Monitoring Wall Plate\" width=\"500\" height=\"500\" srcset=\"https:\/\/mountlaser.com\/wp-content\/uploads\/2025\/12\/IWB016.webp 1000w, https:\/\/mountlaser.com\/wp-content\/uploads\/2025\/12\/IWB016-300x300.webp 300w, https:\/\/mountlaser.com\/wp-content\/uploads\/2025\/12\/IWB016-150x150.webp 150w, https:\/\/mountlaser.com\/wp-content\/uploads\/2025\/12\/IWB016-768x768.webp 768w, https:\/\/mountlaser.com\/wp-content\/uploads\/2025\/12\/IWB016-12x12.webp 12w, https:\/\/mountlaser.com\/wp-content\/uploads\/2025\/12\/IWB016-600x600.webp 600w, https:\/\/mountlaser.com\/wp-content\/uploads\/2025\/12\/IWB016-800x800.webp 800w, https:\/\/mountlaser.com\/wp-content\/uploads\/2025\/12\/IWB016-400x400.webp 400w\" sizes=\"(max-width: 500px) 100vw, 500px\" \/><\/p>\n<p>Dise\u00f1ado para condiciones de campo adversas, el soporte de pared para monitoreo de topograf\u00eda presenta un acabado con recubrimiento en polvo amarillo que mejora la resistencia a la corrosi\u00f3n y la visibilidad, lo que lo hace ideal para entornos subterr\u00e1neos y con poca luz. La mesa de aluminio desmontable permite una r\u00e1pida instalaci\u00f3n, ajuste y mantenimiento rutinario, lo que garantiza que los t\u00e9cnicos puedan acceder y reposicionar f\u00e1cilmente los instrumentos de monitoreo. En proyectos de infraestructura pesada, el <a href=\"https:\/\/mountlaser.com\/es\/about-us\/\">Placa de pared para monitoreo de t\u00faneles IWB01<\/a> Se destaca como una soluci\u00f3n de montaje confiable y duradera.<\/p>","protected":false},"excerpt":{"rendered":"<ul>\n<li>Centrado de alta precisi\u00f3n: mejor que 0,25 mm para lecturas de monitoreo y estudio confiables.<\/li>\n<li>Construcci\u00f3n duradera: la placa posterior de acero y la mesa de aluminio soportan entornos estructurales y de t\u00faneles exigentes.<\/li>\n<li>Sistema modular: Mesa desmontable para una instalaci\u00f3n m\u00e1s r\u00e1pida, reemplazo de instrumentos y mantenimiento.<\/li>\n<li>Alta visibilidad: el acabado con recubrimiento en polvo amarillo mejora la visibilidad y la resistencia a la corrosi\u00f3n.<\/li>\n<li>Compatible con instrumentos de topograf\u00eda: compatible con m\u00faltiples configuraciones de monitoreo de t\u00faneles y deformaciones.<\/li>\n<\/ul>","protected":false},"featured_media":5620,"comment_status":"open","ping_status":"closed","template":"","meta":[],"product_brand":[],"product_cat":[79,162],"product_tag":[],"class_list":{"0":"post-5623","1":"product","2":"type-product","3":"status-publish","4":"has-post-thumbnail","6":"product_cat-surveying-accessory","7":"product_cat-wall-mount-bracket","9":"first","10":"instock","11":"shipping-taxable","12":"product-type-simple"},"_links":{"self":[{"href":"https:\/\/mountlaser.com\/es\/wp-json\/wp\/v2\/product\/5623","targetHints":{"allow":["GET"]}}],"collection":[{"href":"https:\/\/mountlaser.com\/es\/wp-json\/wp\/v2\/product"}],"about":[{"href":"https:\/\/mountlaser.com\/es\/wp-json\/wp\/v2\/types\/product"}],"replies":[{"embeddable":true,"href":"https:\/\/mountlaser.com\/es\/wp-json\/wp\/v2\/comments?post=5623"}],"wp:featuredmedia":[{"embeddable":true,"href":"https:\/\/mountlaser.com\/es\/wp-json\/wp\/v2\/media\/5620"}],"wp:attachment":[{"href":"https:\/\/mountlaser.com\/es\/wp-json\/wp\/v2\/media?parent=5623"}],"wp:term":[{"taxonomy":"product_brand","embeddable":true,"href":"https:\/\/mountlaser.com\/es\/wp-json\/wp\/v2\/product_brand?post=5623"},{"taxonomy":"product_cat","embeddable":true,"href":"https:\/\/mountlaser.com\/es\/wp-json\/wp\/v2\/product_cat?post=5623"},{"taxonomy":"product_tag","embeddable":true,"href":"https:\/\/mountlaser.com\/es\/wp-json\/wp\/v2\/product_tag?post=5623"}],"curies":[{"name":"wp","href":"https:\/\/api.w.org\/{rel}","templated":true}]}}