{"id":5589,"date":"2025-12-10T01:31:40","date_gmt":"2025-12-10T01:31:40","guid":{"rendered":"https:\/\/mountlaser.com\/?post_type=product&#038;p=5589"},"modified":"2025-12-10T02:13:26","modified_gmt":"2025-12-10T02:13:26","slug":"hc-al01-series-hard-case","status":"publish","type":"product","link":"https:\/\/mountlaser.com\/es\/producto\/hc-al01-series-hard-case\/","title":{"rendered":"Estuche r\u00edgido serie HC-AL01"},"content":{"rendered":"<p>El <a href=\"https:\/\/mountlaser.com\/es\/\"><strong>Estuche r\u00edgido HC-AL01<\/strong><\/a> Es una soluci\u00f3n de protecci\u00f3n duradera y universal dise\u00f1ada espec\u00edficamente para niveles autom\u00e1ticos e instrumentos topogr\u00e1ficos de precisi\u00f3n similares. Dise\u00f1ados para un rendimiento de campo confiable, estos... <a href=\"https:\/\/mountlaser.com\/es\/categoria-producto\/surveying-accessory\/\"><strong>Estuches r\u00edgidos para nivelaci\u00f3n autom\u00e1tica<\/strong><\/a> Proporcionan una protecci\u00f3n exterior robusta y garantizan la seguridad de su equipo durante el transporte y el almacenamiento. Cada <!--StartFragment --><span class=\"cf0\">Estuche r\u00edgido HC-AL01<\/span><!--EndFragment --> Est\u00e1 disponible en rojo o amarillo para una alta visibilidad, y los usuarios pueden elegir entre configuraciones de cerradura simple o doble para adaptarse a sus necesidades de seguridad.<\/p>\n<p>Fabricados con materiales resistentes a impactos, los estuches r\u00edgidos para nivelaci\u00f3n autom\u00e1tica protegen los instrumentos de golpes, polvo y las duras condiciones del lugar de trabajo. La serie HC-AL01 incluye dos opciones principales: HC-AL01RD y HC-AL01YL, ambas con un sistema de cierre simple, mientras que la serie HC-AL02 (HC-AL02RD y HC-AL02YL) ofrece protecci\u00f3n mejorada con mecanismos de cierre doble. Independientemente del modelo, cada... <!--StartFragment --><a href=\"https:\/\/mountlaser.com\/es\/contact-us\/\"><span class=\"cf0\">Estuche r\u00edgido HC-AL01<\/span><\/a><!--EndFragment -->\u00a0Ofrece un rendimiento confiable y compatibilidad universal para top\u00f3grafos profesionales.<\/p>\n<div>\n<table style=\"border-collapse: collapse; width: 491.27pt;\" border=\"0\" width=\"655\" cellspacing=\"0\" cellpadding=\"0\">\n<tbody>\n<tr style=\"height: 14.25pt;\">\n<td class=\"et2\" style=\"height: 14.25pt; width: 127.50pt;\" width=\"170\" height=\"19\">N\u00daMERO<\/td>\n<td class=\"et3\" style=\"width: 135.00pt;\" width=\"180\">CERRAR<\/td>\n<td class=\"et3\" style=\"width: 84.00pt;\" width=\"112\">COLOR<\/td>\n<td class=\"et4\" style=\"width: 144.75pt;\" width=\"193\">IMAGEN<\/td>\n<\/tr>\n<tr style=\"height: 14.25pt;\">\n<td class=\"et5\" style=\"height: 14.25pt;\" height=\"19\">HC-AL01RD<\/td>\n<td class=\"et5\">Cerradura simple<\/td>\n<td class=\"et5\">Rojo<\/td>\n<td class=\"et6\"><img fetchpriority=\"high\" decoding=\"async\" class=\"alignnone wp-image-5649\" src=\"https:\/\/mountlaser.com\/wp-content\/uploads\/2025\/12\/HC-AL01RD4.webp\" alt=\"HC-AL01 Hard case\" width=\"500\" height=\"500\" srcset=\"https:\/\/mountlaser.com\/wp-content\/uploads\/2025\/12\/HC-AL01RD4.webp 1000w, https:\/\/mountlaser.com\/wp-content\/uploads\/2025\/12\/HC-AL01RD4-300x300.webp 300w, https:\/\/mountlaser.com\/wp-content\/uploads\/2025\/12\/HC-AL01RD4-150x150.webp 150w, https:\/\/mountlaser.com\/wp-content\/uploads\/2025\/12\/HC-AL01RD4-768x768.webp 768w, https:\/\/mountlaser.com\/wp-content\/uploads\/2025\/12\/HC-AL01RD4-12x12.webp 12w, https:\/\/mountlaser.com\/wp-content\/uploads\/2025\/12\/HC-AL01RD4-600x600.webp 600w, https:\/\/mountlaser.com\/wp-content\/uploads\/2025\/12\/HC-AL01RD4-800x800.webp 800w, https:\/\/mountlaser.com\/wp-content\/uploads\/2025\/12\/HC-AL01RD4-400x400.webp 400w\" sizes=\"(max-width: 500px) 100vw, 500px\" \/><\/td>\n<\/tr>\n<tr style=\"height: 14.25pt;\">\n<td class=\"et5\" style=\"height: 14.25pt;\" height=\"19\">HC-AL01YL<\/td>\n<td class=\"et5\">Cerradura simple<\/td>\n<td class=\"et5\">Amarillo<\/td>\n<td class=\"et6\"><img decoding=\"async\" class=\"alignnone wp-image-5657\" src=\"https:\/\/mountlaser.com\/wp-content\/uploads\/2025\/12\/HC-AL01YL5.webp\" alt=\"HC-AL01 Hard case\" width=\"500\" height=\"500\" srcset=\"https:\/\/mountlaser.com\/wp-content\/uploads\/2025\/12\/HC-AL01YL5.webp 1000w, https:\/\/mountlaser.com\/wp-content\/uploads\/2025\/12\/HC-AL01YL5-300x300.webp 300w, https:\/\/mountlaser.com\/wp-content\/uploads\/2025\/12\/HC-AL01YL5-150x150.webp 150w, https:\/\/mountlaser.com\/wp-content\/uploads\/2025\/12\/HC-AL01YL5-768x768.webp 768w, https:\/\/mountlaser.com\/wp-content\/uploads\/2025\/12\/HC-AL01YL5-12x12.webp 12w, https:\/\/mountlaser.com\/wp-content\/uploads\/2025\/12\/HC-AL01YL5-600x600.webp 600w, https:\/\/mountlaser.com\/wp-content\/uploads\/2025\/12\/HC-AL01YL5-800x800.webp 800w, https:\/\/mountlaser.com\/wp-content\/uploads\/2025\/12\/HC-AL01YL5-400x400.webp 400w\" sizes=\"(max-width: 500px) 100vw, 500px\" \/><\/td>\n<\/tr>\n<tr style=\"height: 14.25pt;\">\n<td class=\"et5\" style=\"height: 14.25pt;\" height=\"19\">HC-AL02RD<\/td>\n<td class=\"et5\">Doble bloqueo<\/td>\n<td class=\"et5\">Rojo<\/td>\n<td class=\"et6\"><img decoding=\"async\" class=\"alignnone wp-image-5663\" src=\"https:\/\/mountlaser.com\/wp-content\/uploads\/2025\/12\/HC-AL02RD5.webp\" alt=\"HC-AL01 Hard case\" width=\"500\" height=\"500\" srcset=\"https:\/\/mountlaser.com\/wp-content\/uploads\/2025\/12\/HC-AL02RD5.webp 1000w, https:\/\/mountlaser.com\/wp-content\/uploads\/2025\/12\/HC-AL02RD5-300x300.webp 300w, https:\/\/mountlaser.com\/wp-content\/uploads\/2025\/12\/HC-AL02RD5-150x150.webp 150w, https:\/\/mountlaser.com\/wp-content\/uploads\/2025\/12\/HC-AL02RD5-768x768.webp 768w, https:\/\/mountlaser.com\/wp-content\/uploads\/2025\/12\/HC-AL02RD5-12x12.webp 12w, https:\/\/mountlaser.com\/wp-content\/uploads\/2025\/12\/HC-AL02RD5-600x600.webp 600w, https:\/\/mountlaser.com\/wp-content\/uploads\/2025\/12\/HC-AL02RD5-800x800.webp 800w, https:\/\/mountlaser.com\/wp-content\/uploads\/2025\/12\/HC-AL02RD5-400x400.webp 400w\" sizes=\"(max-width: 500px) 100vw, 500px\" \/><\/td>\n<\/tr>\n<tr style=\"height: 14.25pt;\">\n<td class=\"et5\" style=\"height: 14.25pt;\" height=\"19\">HC-AL02YL<\/td>\n<td class=\"et5\">Doble bloqueo<\/td>\n<td class=\"et5\">Amarillo<\/td>\n<td class=\"et6\"><img loading=\"lazy\" decoding=\"async\" class=\"alignnone wp-image-5669\" src=\"https:\/\/mountlaser.com\/wp-content\/uploads\/2025\/12\/HC-AL02YL4.webp\" alt=\"HC-AL01 Hard case\" width=\"500\" height=\"500\" srcset=\"https:\/\/mountlaser.com\/wp-content\/uploads\/2025\/12\/HC-AL02YL4.webp 1000w, https:\/\/mountlaser.com\/wp-content\/uploads\/2025\/12\/HC-AL02YL4-300x300.webp 300w, https:\/\/mountlaser.com\/wp-content\/uploads\/2025\/12\/HC-AL02YL4-150x150.webp 150w, https:\/\/mountlaser.com\/wp-content\/uploads\/2025\/12\/HC-AL02YL4-768x768.webp 768w, https:\/\/mountlaser.com\/wp-content\/uploads\/2025\/12\/HC-AL02YL4-12x12.webp 12w, https:\/\/mountlaser.com\/wp-content\/uploads\/2025\/12\/HC-AL02YL4-600x600.webp 600w, https:\/\/mountlaser.com\/wp-content\/uploads\/2025\/12\/HC-AL02YL4-800x800.webp 800w, https:\/\/mountlaser.com\/wp-content\/uploads\/2025\/12\/HC-AL02YL4-400x400.webp 400w\" sizes=\"(max-width: 500px) 100vw, 500px\" \/><\/td>\n<\/tr>\n<\/tbody>\n<\/table>\n<\/div>","protected":false},"excerpt":{"rendered":"<ul>\n<li>Protege los niveles autom\u00e1ticos contra impactos, polvo, humedad y condiciones del campo.<\/li>\n<li>El dise\u00f1o interno universal se adapta a una amplia variedad de modelos de nivel autom\u00e1tico<\/li>\n<li>El sistema de bloqueo (simple o doble) garantiza un cierre seguro durante el transporte.<\/li>\n<li>Las opciones de color de alta visibilidad aumentan la visibilidad del equipo y reducen las p\u00e9rdidas.<\/li>\n<\/ul>","protected":false},"featured_media":5646,"comment_status":"open","ping_status":"closed","template":"","meta":[],"product_brand":[],"product_cat":[163,79],"product_tag":[],"class_list":{"0":"post-5589","1":"product","2":"type-product","3":"status-publish","4":"has-post-thumbnail","6":"product_cat-hard-case","7":"product_cat-surveying-accessory","9":"first","10":"instock","11":"shipping-taxable","12":"product-type-simple"},"_links":{"self":[{"href":"https:\/\/mountlaser.com\/es\/wp-json\/wp\/v2\/product\/5589","targetHints":{"allow":["GET"]}}],"collection":[{"href":"https:\/\/mountlaser.com\/es\/wp-json\/wp\/v2\/product"}],"about":[{"href":"https:\/\/mountlaser.com\/es\/wp-json\/wp\/v2\/types\/product"}],"replies":[{"embeddable":true,"href":"https:\/\/mountlaser.com\/es\/wp-json\/wp\/v2\/comments?post=5589"}],"wp:featuredmedia":[{"embeddable":true,"href":"https:\/\/mountlaser.com\/es\/wp-json\/wp\/v2\/media\/5646"}],"wp:attachment":[{"href":"https:\/\/mountlaser.com\/es\/wp-json\/wp\/v2\/media?parent=5589"}],"wp:term":[{"taxonomy":"product_brand","embeddable":true,"href":"https:\/\/mountlaser.com\/es\/wp-json\/wp\/v2\/product_brand?post=5589"},{"taxonomy":"product_cat","embeddable":true,"href":"https:\/\/mountlaser.com\/es\/wp-json\/wp\/v2\/product_cat?post=5589"},{"taxonomy":"product_tag","embeddable":true,"href":"https:\/\/mountlaser.com\/es\/wp-json\/wp\/v2\/product_tag?post=5589"}],"curies":[{"name":"wp","href":"https:\/\/api.w.org\/{rel}","templated":true}]}}