{"id":5576,"date":"2025-12-09T01:08:15","date_gmt":"2025-12-09T01:08:15","guid":{"rendered":"https:\/\/mountlaser.com\/?post_type=product&#038;p=5576"},"modified":"2025-12-09T01:08:15","modified_gmt":"2025-12-09T01:08:15","slug":"su01-surveying-umbrella","status":"publish","type":"product","link":"https:\/\/mountlaser.com\/es\/producto\/su01-surveying-umbrella\/","title":{"rendered":"SU01 Paraguas de topograf\u00eda"},"content":{"rendered":"<p>El <a href=\"https:\/\/mountlaser.com\/es\/\"><strong>Paraguas de topograf\u00eda SU01<\/strong><\/a> Es un refugio de calidad profesional dise\u00f1ado para proteger equipos topogr\u00e1ficos sensibles y operadores de campo de la luz solar directa y la lluvia inesperada. Dise\u00f1ado para condiciones exteriores dif\u00edciles, este... <a href=\"https:\/\/mountlaser.com\/es\/categoria-producto\/surveying-accessory\/\"><strong>paraguas de agrimensura<\/strong><\/a> Garantiza un rendimiento estable del instrumento en cualquier condici\u00f3n clim\u00e1tica. Con un cabezal giratorio para un ajuste direccional flexible y una amplia cubierta de 200 cm, el paraguas topogr\u00e1fico SU01 ofrece una sombra fiable durante largas operaciones de campo.<\/p>\n<p><img fetchpriority=\"high\" decoding=\"async\" class=\"aligncenter wp-image-5570\" src=\"https:\/\/mountlaser.com\/wp-content\/uploads\/2025\/12\/SU011.webp\" alt=\"SU01 surveying umbrella\" width=\"500\" height=\"500\" srcset=\"https:\/\/mountlaser.com\/wp-content\/uploads\/2025\/12\/SU011.webp 1000w, https:\/\/mountlaser.com\/wp-content\/uploads\/2025\/12\/SU011-300x300.webp 300w, https:\/\/mountlaser.com\/wp-content\/uploads\/2025\/12\/SU011-150x150.webp 150w, https:\/\/mountlaser.com\/wp-content\/uploads\/2025\/12\/SU011-768x768.webp 768w, https:\/\/mountlaser.com\/wp-content\/uploads\/2025\/12\/SU011-12x12.webp 12w, https:\/\/mountlaser.com\/wp-content\/uploads\/2025\/12\/SU011-600x600.webp 600w, https:\/\/mountlaser.com\/wp-content\/uploads\/2025\/12\/SU011-800x800.webp 800w, https:\/\/mountlaser.com\/wp-content\/uploads\/2025\/12\/SU011-400x400.webp 400w\" sizes=\"(max-width: 500px) 100vw, 500px\" \/><\/p>\n<p>Fabricado con una resistente tela azul y blanca de 10 paneles y sostenido por un m\u00e1stil de dos secciones (\u00d828\u201332 mm), este paraguas topogr\u00e1fico est\u00e1 dise\u00f1ado para ofrecer comodidad y fiabilidad a largo plazo. Su resistente pica de tierra penetra hasta 20 cm en suelo blando, proporcionando un anclaje firme incluso en terrenos irregulares. Ya sea para estaciones totales, receptores GNSS o tareas de documentaci\u00f3n de campo, el <a href=\"https:\/\/mountlaser.com\/es\/about-us\/\">Paraguas de topograf\u00eda SU01<\/a> Ayuda a mantener la visibilidad, prolonga la vida \u00fatil del instrumento y mejora la comodidad de trabajo. Para top\u00f3grafos que requieren rendimiento constante, portabilidad y protecci\u00f3n, este paraguas topogr\u00e1fico es un complemento esencial para cualquier equipo de campo.<\/p>","protected":false},"excerpt":{"rendered":"<ul>\n<li>Protecci\u00f3n contra la intemperie: protege los instrumentos y operadores de la luz solar intensa y la lluvia.<\/li>\n<li>Cabezal giratorio: permite el ajuste direccional para una m\u00e1xima eficiencia de sombreado.<\/li>\n<li>Gran toldo de 200 cm: La tela de 10 paneles en color azul y blanco proporciona una amplia cobertura.<\/li>\n<li>Altura ajustable: el poste de dos secciones se extiende hasta 200 cm para una configuraci\u00f3n vers\u00e1til.<\/li>\n<li>Estabilidad mejorada: la punta de metal resistente penetra 20 cm en suelo blando.<\/li>\n<li>Construcci\u00f3n duradera: dise\u00f1ada para uso profesional repetido en el campo.<\/li>\n<li>Port\u00e1til y de f\u00e1cil instalaci\u00f3n: Montaje sencillo para una r\u00e1pida implementaci\u00f3n en sitios de estudio.<\/li>\n<\/ul>","protected":false},"featured_media":5572,"comment_status":"open","ping_status":"closed","template":"","meta":[],"product_brand":[],"product_cat":[79,159],"product_tag":[],"class_list":{"0":"post-5576","1":"product","2":"type-product","3":"status-publish","4":"has-post-thumbnail","6":"product_cat-surveying-accessory","7":"product_cat-surveying-umbrella","9":"first","10":"instock","11":"shipping-taxable","12":"product-type-simple"},"_links":{"self":[{"href":"https:\/\/mountlaser.com\/es\/wp-json\/wp\/v2\/product\/5576","targetHints":{"allow":["GET"]}}],"collection":[{"href":"https:\/\/mountlaser.com\/es\/wp-json\/wp\/v2\/product"}],"about":[{"href":"https:\/\/mountlaser.com\/es\/wp-json\/wp\/v2\/types\/product"}],"replies":[{"embeddable":true,"href":"https:\/\/mountlaser.com\/es\/wp-json\/wp\/v2\/comments?post=5576"}],"wp:featuredmedia":[{"embeddable":true,"href":"https:\/\/mountlaser.com\/es\/wp-json\/wp\/v2\/media\/5572"}],"wp:attachment":[{"href":"https:\/\/mountlaser.com\/es\/wp-json\/wp\/v2\/media?parent=5576"}],"wp:term":[{"taxonomy":"product_brand","embeddable":true,"href":"https:\/\/mountlaser.com\/es\/wp-json\/wp\/v2\/product_brand?post=5576"},{"taxonomy":"product_cat","embeddable":true,"href":"https:\/\/mountlaser.com\/es\/wp-json\/wp\/v2\/product_cat?post=5576"},{"taxonomy":"product_tag","embeddable":true,"href":"https:\/\/mountlaser.com\/es\/wp-json\/wp\/v2\/product_tag?post=5576"}],"curies":[{"name":"wp","href":"https:\/\/api.w.org\/{rel}","templated":true}]}}