{"id":5569,"date":"2025-12-08T09:09:35","date_gmt":"2025-12-08T09:09:35","guid":{"rendered":"https:\/\/mountlaser.com\/?post_type=product&#038;p=5569"},"modified":"2025-12-12T02:46:23","modified_gmt":"2025-12-12T02:46:23","slug":"ps2a-pocket-stereo-viewer","status":"publish","type":"product","link":"https:\/\/mountlaser.com\/es\/producto\/ps2a-pocket-stereo-viewer\/","title":{"rendered":"Visor est\u00e9reo de bolsillo PS2A"},"content":{"rendered":"<p data-start=\"358\" data-end=\"742\">El <a href=\"https:\/\/mountlaser.com\/es\/\"><strong data-start=\"362\" data-end=\"394\">Visor est\u00e9reo de bolsillo PS2A<\/strong><\/a> Es un estereoscopio profesional y compacto, dise\u00f1ado para una interpretaci\u00f3n clara y precisa de im\u00e1genes estereosc\u00f3picas tanto en entornos de campo como de oficina. Fabricado con soportes duraderos de aleaci\u00f3n de metal fundido, el <a href=\"https:\/\/mountlaser.com\/es\/categoria-producto\/surveying-accessory\/\"><strong data-start=\"583\" data-end=\"613\">Visor est\u00e9reo de bolsillo de metal<\/strong><\/a> Ofrece estabilidad duradera y consistencia \u00f3ptica, lo que lo hace ideal para top\u00f3grafos, fotogrametristas y analistas de terreno.<\/p>\n<p data-start=\"744\" data-end=\"1196\">Dise\u00f1ado con una distancia interpupilar ajustable de 56 mm a 75 mm, el visor estereosc\u00f3pico de bolsillo PS2A garantiza una visualizaci\u00f3n c\u00f3moda para diferentes usuarios, a la vez que proporciona un amplio campo de visi\u00f3n de 125 mm \u00d7 125 mm para un examen eficiente de pares estereosc\u00f3picos. Con una resoluci\u00f3n de 2X, el visor estereosc\u00f3pico de bolsillo met\u00e1lico admite los distintos niveles de detalle necesarios para las tareas profesionales de topograf\u00eda y cartograf\u00eda.<\/p>\n<p data-start=\"744\" data-end=\"1196\"><img fetchpriority=\"high\" decoding=\"async\" class=\"aligncenter wp-image-5563\" src=\"https:\/\/mountlaser.com\/wp-content\/uploads\/2025\/12\/\u4e3b\u56fe3-4.webp\" alt=\"PS2A\/4A pocket stereo viewer\" width=\"500\" height=\"500\" srcset=\"https:\/\/mountlaser.com\/wp-content\/uploads\/2025\/12\/\u4e3b\u56fe3-4.webp 1000w, https:\/\/mountlaser.com\/wp-content\/uploads\/2025\/12\/\u4e3b\u56fe3-4-300x300.webp 300w, https:\/\/mountlaser.com\/wp-content\/uploads\/2025\/12\/\u4e3b\u56fe3-4-150x150.webp 150w, https:\/\/mountlaser.com\/wp-content\/uploads\/2025\/12\/\u4e3b\u56fe3-4-768x768.webp 768w, https:\/\/mountlaser.com\/wp-content\/uploads\/2025\/12\/\u4e3b\u56fe3-4-12x12.webp 12w, https:\/\/mountlaser.com\/wp-content\/uploads\/2025\/12\/\u4e3b\u56fe3-4-600x600.webp 600w, https:\/\/mountlaser.com\/wp-content\/uploads\/2025\/12\/\u4e3b\u56fe3-4-800x800.webp 800w, https:\/\/mountlaser.com\/wp-content\/uploads\/2025\/12\/\u4e3b\u56fe3-4-400x400.webp 400w\" sizes=\"(max-width: 500px) 100vw, 500px\" \/><\/p>\n<p data-start=\"1198\" data-end=\"1423\">Al combinar portabilidad, construcci\u00f3n duradera y claridad \u00f3ptica, el <a href=\"https:\/\/mountlaser.com\/es\/contact-us\/\">Visor est\u00e9reo de bolsillo PS2A\/4A<\/a> Ofrece un rendimiento confiable para cualquiera que necesite una interpretaci\u00f3n estereosc\u00f3pica precisa en entornos de trabajo exigentes.<\/p>","protected":false},"excerpt":{"rendered":"<ul>\n<li>PS2A (aumento 2X).<\/li>\n<li>Distancia interpupilar ajustable: 56\u201375 mm para adaptarse c\u00f3modamente a distintos usuarios.<\/li>\n<li>Amplio campo de visi\u00f3n: 125 mm \u00d7 125 mm para un an\u00e1lisis eficiente de im\u00e1genes est\u00e9reo.<\/li>\n<li>Construcci\u00f3n de metal: el cuerpo robusto de aleaci\u00f3n de metal fundido garantiza estabilidad y durabilidad a largo plazo.<\/li>\n<li>Dise\u00f1o port\u00e1til: lo suficientemente liviano para facilitar su transporte durante el trabajo de campo.<\/li>\n<li>Uso profesional: ideal para interpretaci\u00f3n estereosc\u00f3pica, evaluaci\u00f3n de terrenos y aplicaciones fotogram\u00e9tricas.<\/li>\n<\/ul>","protected":false},"featured_media":5562,"comment_status":"open","ping_status":"closed","template":"","meta":[],"product_brand":[],"product_cat":[79,158],"product_tag":[],"class_list":{"0":"post-5569","1":"product","2":"type-product","3":"status-publish","4":"has-post-thumbnail","6":"product_cat-surveying-accessory","7":"product_cat-pocket-stereo-viewer","9":"first","10":"instock","11":"shipping-taxable","12":"product-type-simple"},"_links":{"self":[{"href":"https:\/\/mountlaser.com\/es\/wp-json\/wp\/v2\/product\/5569","targetHints":{"allow":["GET"]}}],"collection":[{"href":"https:\/\/mountlaser.com\/es\/wp-json\/wp\/v2\/product"}],"about":[{"href":"https:\/\/mountlaser.com\/es\/wp-json\/wp\/v2\/types\/product"}],"replies":[{"embeddable":true,"href":"https:\/\/mountlaser.com\/es\/wp-json\/wp\/v2\/comments?post=5569"}],"wp:featuredmedia":[{"embeddable":true,"href":"https:\/\/mountlaser.com\/es\/wp-json\/wp\/v2\/media\/5562"}],"wp:attachment":[{"href":"https:\/\/mountlaser.com\/es\/wp-json\/wp\/v2\/media?parent=5569"}],"wp:term":[{"taxonomy":"product_brand","embeddable":true,"href":"https:\/\/mountlaser.com\/es\/wp-json\/wp\/v2\/product_brand?post=5569"},{"taxonomy":"product_cat","embeddable":true,"href":"https:\/\/mountlaser.com\/es\/wp-json\/wp\/v2\/product_cat?post=5569"},{"taxonomy":"product_tag","embeddable":true,"href":"https:\/\/mountlaser.com\/es\/wp-json\/wp\/v2\/product_tag?post=5569"}],"curies":[{"name":"wp","href":"https:\/\/api.w.org\/{rel}","templated":true}]}}